{"id":900,"date":"2021-11-08T16:24:16","date_gmt":"2021-11-08T16:24:16","guid":{"rendered":"https:\/\/blog.viscofandobrasil.com.br\/?page_id=900"},"modified":"2023-09-14T15:13:03","modified_gmt":"2023-09-14T15:13:03","slug":"receita-salami-colonial","status":"publish","type":"page","link":"https:\/\/blog.viscofandobrasil.com.br\/en\/receita-salami-colonial\/","title":{"rendered":"Receita Salami Colonial"},"content":{"rendered":"<div class=\"vce-row-container\" data-vce-boxed-width=\"true\"><div class=\"vce-row vce-row--col-gap-30 vce-row-equal-height vce-row-content--top\" id=\"el-1f9968ee\" data-vce-do-apply=\"all el-1f9968ee\"><div class=\"vce-row-content\" data-vce-element-content=\"true\"><div class=\"vce-col vce-col--md-auto vce-col--xs-1 vce-col--xs-last vce-col--xs-first vce-col--sm-last vce-col--sm-first vce-col--md-last vce-col--lg-last vce-col--xl-last vce-col--md-first vce-col--lg-first vce-col--xl-first\" id=\"el-b1b838b6\"><div class=\"vce-col-inner\" data-vce-do-apply=\"border margin background  el-b1b838b6\"><div class=\"vce-col-content\" data-vce-element-content=\"true\" data-vce-do-apply=\"padding el-b1b838b6\"><div class=\"vce-text-block\"><div class=\"vce-text-block-wrapper vce\" id=\"el-781ddc57\" data-vce-do-apply=\"all el-781ddc57\"><h1>Receita Salame Colonial<\/h1><\/div><\/div><\/div><\/div><\/div><\/div><\/div><\/div><div class=\"vce-row-container\" data-vce-boxed-width=\"true\"><div class=\"vce-row vce-row--col-gap-30 vce-row-equal-height vce-row-content--top\" id=\"el-1e204ea0\" data-vce-do-apply=\"all el-1e204ea0\"><div class=\"vce-row-content\" data-vce-element-content=\"true\"><div class=\"vce-col vce-col--md-auto vce-col--xs-1 vce-col--xs-last vce-col--xs-first vce-col--sm-last vce-col--sm-first vce-col--md-last vce-col--lg-last vce-col--xl-last vce-col--md-first vce-col--lg-first vce-col--xl-first\" id=\"el-ef69febe\"><div class=\"vce-col-inner\" data-vce-do-apply=\"border margin background  el-ef69febe\"><div class=\"vce-col-content\" data-vce-element-content=\"true\" data-vce-do-apply=\"padding el-ef69febe\"><div class=\"vce-text-block\"><div class=\"vce-text-block-wrapper vce\" id=\"el-87625226\" data-vce-do-apply=\"all el-87625226\"><p><img decoding=\"async\" class=\"alignnone wp-image-1413\" src=\"https:\/\/blog.viscofandobrasil.com.br\/wp-content\/uploads\/2021\/11\/bandeira-argentina-300x158.jpg\" alt=\"\" width=\"38\" height=\"20\" srcset=\"https:\/\/blog.viscofandobrasil.com.br\/wp-content\/uploads\/2021\/11\/bandeira-argentina-300x158.jpg 300w, https:\/\/blog.viscofandobrasil.com.br\/wp-content\/uploads\/2021\/11\/bandeira-argentina-1024x540.jpg 1024w, https:\/\/blog.viscofandobrasil.com.br\/wp-content\/uploads\/2021\/11\/bandeira-argentina-768x405.jpg 768w, https:\/\/blog.viscofandobrasil.com.br\/wp-content\/uploads\/2021\/11\/bandeira-argentina.jpg 1200w\" sizes=\"(max-width: 38px) 100vw, 38px\" \/> El Salami tipo Colonial es una especie de salchhich\u00f3n muy com\u00fan y t\u00edpico en la regi\u00f3n de C\u00f3rdoba (Argentina).<\/p><h4>Ingredientes&nbsp; &nbsp; &nbsp; &nbsp; &nbsp; &nbsp; &nbsp; &nbsp; &nbsp; &nbsp; %<\/h4><p>Carne de Cerdo&nbsp; &nbsp; &nbsp; &nbsp; &nbsp; &nbsp; &nbsp; &nbsp; &nbsp; &nbsp; &nbsp; &nbsp; &nbsp;50<\/p><p>Carne de Vacuno&nbsp; &nbsp; &nbsp; &nbsp; &nbsp; &nbsp; &nbsp; &nbsp; &nbsp; &nbsp; &nbsp; 46<\/p><p>Especias&nbsp; &nbsp; &nbsp; &nbsp; &nbsp; &nbsp; &nbsp; &nbsp; &nbsp; &nbsp; &nbsp; &nbsp; &nbsp; &nbsp; &nbsp; &nbsp; &nbsp; &nbsp; &nbsp; 4<\/p><p>Entre las especias suelen estar la primeira, el clavo, la nuez moscada y naturalmente la sal.<\/p><p>Algunos fabricantes le a\u00f1aden un toque de vino tinto de la zona y normalmente no le a\u00f1aden ni cultivos iniciadores ni siembra.<\/p><p>Proceso<\/p><p>1 La carne se pase por la placa de 8-10 mm y se mezcla con las especias. Posteriomente se embute en envolt\u00f3rio R2TM calibre 55 en manguera y se ata a mano.<\/p><p>2El estufaje es de 3 \u00f3 4 dias a una temperatura de 26-28\u00b0C.<\/p><p>3 El secado es de 3 dias a una temperatura de 16- 20\u00b0C<\/p><p>4 El moho superficial es el que crece del propio secadero.<\/p><p>Aviso: \"La informaci\u00f3n incluida en el presente documento ha sido recogida por Viscofan S.A. de buena fe y de acuerdo a su conocimento. Debe ser considerada como una comunicaci\u00f3n de la experiencia acumulada por Viscofan S.A o de alguno de sus empleados o representantes.<\/p><p>el uso de la informaci\u00f3n contenida en el presente documento se har\u00e1 a la propia discreci\u00f3n y riesgo del lector.\"<\/p><\/div><\/div><\/div><\/div><\/div><\/div><\/div><\/div><div class=\"vce-row-container\" data-vce-boxed-width=\"true\"><div class=\"vce-row vce-row--col-gap-30 vce-row-equal-height vce-row-content--top\" id=\"el-267d6b26\" data-vce-do-apply=\"all el-267d6b26\"><div class=\"vce-row-content\" data-vce-element-content=\"true\"><div class=\"vce-col vce-col--md-auto vce-col--xs-1 vce-col--xs-last vce-col--xs-first vce-col--sm-last vce-col--sm-first vce-col--md-last vce-col--lg-last vce-col--xl-last vce-col--md-first vce-col--lg-first vce-col--xl-first\" id=\"el-b0b55f9d\"><div class=\"vce-col-inner\" data-vce-do-apply=\"border margin background  el-b0b55f9d\"><div class=\"vce-col-content\" data-vce-element-content=\"true\" data-vce-do-apply=\"padding el-b0b55f9d\"><div class=\"vce-button--style-basic-container vce-button--style-basic-container--align-left\"><span class=\"vce-button--style-basic-wrapper vce\" id=\"el-b33ef767\" data-vce-do-apply=\"margin el-b33ef767\"><a class=\"vce-button vce-button--style-basic vce-button--style-basic--border-round vce-button--style-basic--size-medium vce-button--style-basic--color-b-246-114-0--fff\" href=\"https:\/\/blog.viscofandobrasil.com.br\/receitas-2\/\" title=\"\" data-vce-do-apply=\"padding border background  el-b33ef767\">Voltar P\u00e1gina<\/a><\/span><\/div><\/div><\/div><\/div><\/div><\/div><\/div>\n","protected":false},"excerpt":{"rendered":"<p>Receita Salame Colonial El Salami tipo Colonial es una especie de salchhich\u00f3n muy com\u00fan y t\u00edpico en la regi\u00f3n de [&#8230;]<\/p>\n<p><a class=\"btn btn-primary rockcontent-read-more-link\" href=\"https:\/\/blog.viscofandobrasil.com.br\/en\/receita-salami-colonial\/\">Read More&#8230;<\/a><\/p>\n","protected":false},"author":1,"featured_media":0,"parent":0,"menu_order":0,"comment_status":"closed","ping_status":"closed","template":"","meta":{"footnotes":""},"class_list":["post-900","page","type-page","status-publish","hentry"],"yoast_head":"<!-- This site is optimized with the Yoast SEO plugin v21.2 - https:\/\/yoast.com\/wordpress\/plugins\/seo\/ -->\n<title>Receita Salami Colonial - Blog Viscofan<\/title>\n<meta name=\"robots\" content=\"index, follow, max-snippet:-1, max-image-preview:large, max-video-preview:-1\" \/>\n<link rel=\"canonical\" href=\"https:\/\/blog.viscofandobrasil.com.br\/en\/receita-salami-colonial\/\" \/>\n<meta property=\"og:locale\" content=\"en_US\" \/>\n<meta property=\"og:type\" content=\"article\" \/>\n<meta property=\"og:title\" content=\"Receita Salami Colonial - Blog Viscofan\" \/>\n<meta property=\"og:description\" content=\"Receita Salame Colonial El Salami tipo Colonial es una especie de salchhich\u00f3n muy com\u00fan y t\u00edpico en la regi\u00f3n de [...]Read More...\" \/>\n<meta property=\"og:url\" content=\"https:\/\/blog.viscofandobrasil.com.br\/receita-salami-colonial\/\" \/>\n<meta property=\"og:site_name\" content=\"Blog Viscofan\" \/>\n<meta property=\"article:modified_time\" content=\"2023-09-14T15:13:03+00:00\" \/>\n<meta name=\"twitter:card\" content=\"summary_large_image\" \/>\n<meta name=\"twitter:label1\" content=\"Est. reading time\" \/>\n\t<meta name=\"twitter:data1\" content=\"1 minute\" \/>\n<script type=\"application\/ld+json\" class=\"yoast-schema-graph\">{\"@context\":\"https:\/\/schema.org\",\"@graph\":[{\"@type\":\"WebPage\",\"@id\":\"https:\/\/blog.viscofandobrasil.com.br\/receita-salami-colonial\/\",\"url\":\"https:\/\/blog.viscofandobrasil.com.br\/receita-salami-colonial\/\",\"name\":\"Receita Salami Colonial - Blog Viscofan\",\"isPartOf\":{\"@id\":\"https:\/\/blog.viscofandobrasil.com.br\/#website\"},\"datePublished\":\"2021-11-08T16:24:16+00:00\",\"dateModified\":\"2023-09-14T15:13:03+00:00\",\"breadcrumb\":{\"@id\":\"https:\/\/blog.viscofandobrasil.com.br\/receita-salami-colonial\/#breadcrumb\"},\"inLanguage\":\"en-US\",\"potentialAction\":[{\"@type\":\"ReadAction\",\"target\":[\"https:\/\/blog.viscofandobrasil.com.br\/receita-salami-colonial\/\"]}]},{\"@type\":\"BreadcrumbList\",\"@id\":\"https:\/\/blog.viscofandobrasil.com.br\/receita-salami-colonial\/#breadcrumb\",\"itemListElement\":[{\"@type\":\"ListItem\",\"position\":1,\"name\":\"In\u00edcio\",\"item\":\"https:\/\/blog.viscofandobrasil.com.br\/\"},{\"@type\":\"ListItem\",\"position\":2,\"name\":\"Receita Salami Colonial\"}]},{\"@type\":\"WebSite\",\"@id\":\"https:\/\/blog.viscofandobrasil.com.br\/#website\",\"url\":\"https:\/\/blog.viscofandobrasil.com.br\/\",\"name\":\"Blog Viscofan\",\"description\":\"\",\"publisher\":{\"@id\":\"https:\/\/blog.viscofandobrasil.com.br\/#organization\"},\"potentialAction\":[{\"@type\":\"SearchAction\",\"target\":{\"@type\":\"EntryPoint\",\"urlTemplate\":\"https:\/\/blog.viscofandobrasil.com.br\/?s={search_term_string}\"},\"query-input\":\"required name=search_term_string\"}],\"inLanguage\":\"en-US\"},{\"@type\":\"Organization\",\"@id\":\"https:\/\/blog.viscofandobrasil.com.br\/#organization\",\"name\":\"Blog Viscofan\",\"url\":\"https:\/\/blog.viscofandobrasil.com.br\/\",\"logo\":{\"@type\":\"ImageObject\",\"inLanguage\":\"en-US\",\"@id\":\"https:\/\/blog.viscofandobrasil.com.br\/#\/schema\/logo\/image\/\",\"url\":\"https:\/\/blog.viscofandobrasil.com.br\/wp-content\/uploads\/2022\/03\/cropped-novo-logo-viscofan-1.jpg\",\"contentUrl\":\"https:\/\/blog.viscofandobrasil.com.br\/wp-content\/uploads\/2022\/03\/cropped-novo-logo-viscofan-1.jpg\",\"width\":1000,\"height\":250,\"caption\":\"Blog Viscofan\"},\"image\":{\"@id\":\"https:\/\/blog.viscofandobrasil.com.br\/#\/schema\/logo\/image\/\"}}]}<\/script>\n<!-- \/ Yoast SEO plugin. -->","yoast_head_json":{"title":"Receita Salami Colonial - Blog Viscofan","robots":{"index":"index","follow":"follow","max-snippet":"max-snippet:-1","max-image-preview":"max-image-preview:large","max-video-preview":"max-video-preview:-1"},"canonical":"https:\/\/blog.viscofandobrasil.com.br\/en\/receita-salami-colonial\/","og_locale":"en_US","og_type":"article","og_title":"Receita Salami Colonial - Blog Viscofan","og_description":"Receita Salame Colonial El Salami tipo Colonial es una especie de salchhich\u00f3n muy com\u00fan y t\u00edpico en la regi\u00f3n de [...]Read More...","og_url":"https:\/\/blog.viscofandobrasil.com.br\/receita-salami-colonial\/","og_site_name":"Blog Viscofan","article_modified_time":"2023-09-14T15:13:03+00:00","twitter_card":"summary_large_image","twitter_misc":{"Est. reading time":"1 minute"},"schema":{"@context":"https:\/\/schema.org","@graph":[{"@type":"WebPage","@id":"https:\/\/blog.viscofandobrasil.com.br\/receita-salami-colonial\/","url":"https:\/\/blog.viscofandobrasil.com.br\/receita-salami-colonial\/","name":"Receita Salami Colonial - Blog Viscofan","isPartOf":{"@id":"https:\/\/blog.viscofandobrasil.com.br\/#website"},"datePublished":"2021-11-08T16:24:16+00:00","dateModified":"2023-09-14T15:13:03+00:00","breadcrumb":{"@id":"https:\/\/blog.viscofandobrasil.com.br\/receita-salami-colonial\/#breadcrumb"},"inLanguage":"en-US","potentialAction":[{"@type":"ReadAction","target":["https:\/\/blog.viscofandobrasil.com.br\/receita-salami-colonial\/"]}]},{"@type":"BreadcrumbList","@id":"https:\/\/blog.viscofandobrasil.com.br\/receita-salami-colonial\/#breadcrumb","itemListElement":[{"@type":"ListItem","position":1,"name":"In\u00edcio","item":"https:\/\/blog.viscofandobrasil.com.br\/"},{"@type":"ListItem","position":2,"name":"Receita Salami Colonial"}]},{"@type":"WebSite","@id":"https:\/\/blog.viscofandobrasil.com.br\/#website","url":"https:\/\/blog.viscofandobrasil.com.br\/","name":"Blog Viscofan","description":"","publisher":{"@id":"https:\/\/blog.viscofandobrasil.com.br\/#organization"},"potentialAction":[{"@type":"SearchAction","target":{"@type":"EntryPoint","urlTemplate":"https:\/\/blog.viscofandobrasil.com.br\/?s={search_term_string}"},"query-input":"required name=search_term_string"}],"inLanguage":"en-US"},{"@type":"Organization","@id":"https:\/\/blog.viscofandobrasil.com.br\/#organization","name":"Blog Viscofan","url":"https:\/\/blog.viscofandobrasil.com.br\/","logo":{"@type":"ImageObject","inLanguage":"en-US","@id":"https:\/\/blog.viscofandobrasil.com.br\/#\/schema\/logo\/image\/","url":"https:\/\/blog.viscofandobrasil.com.br\/wp-content\/uploads\/2022\/03\/cropped-novo-logo-viscofan-1.jpg","contentUrl":"https:\/\/blog.viscofandobrasil.com.br\/wp-content\/uploads\/2022\/03\/cropped-novo-logo-viscofan-1.jpg","width":1000,"height":250,"caption":"Blog Viscofan"},"image":{"@id":"https:\/\/blog.viscofandobrasil.com.br\/#\/schema\/logo\/image\/"}}]}},"_links":{"self":[{"href":"https:\/\/blog.viscofandobrasil.com.br\/en\/wp-json\/wp\/v2\/pages\/900","targetHints":{"allow":["GET"]}}],"collection":[{"href":"https:\/\/blog.viscofandobrasil.com.br\/en\/wp-json\/wp\/v2\/pages"}],"about":[{"href":"https:\/\/blog.viscofandobrasil.com.br\/en\/wp-json\/wp\/v2\/types\/page"}],"author":[{"embeddable":true,"href":"https:\/\/blog.viscofandobrasil.com.br\/en\/wp-json\/wp\/v2\/users\/1"}],"replies":[{"embeddable":true,"href":"https:\/\/blog.viscofandobrasil.com.br\/en\/wp-json\/wp\/v2\/comments?post=900"}],"version-history":[{"count":10,"href":"https:\/\/blog.viscofandobrasil.com.br\/en\/wp-json\/wp\/v2\/pages\/900\/revisions"}],"predecessor-version":[{"id":2445,"href":"https:\/\/blog.viscofandobrasil.com.br\/en\/wp-json\/wp\/v2\/pages\/900\/revisions\/2445"}],"wp:attachment":[{"href":"https:\/\/blog.viscofandobrasil.com.br\/en\/wp-json\/wp\/v2\/media?parent=900"}],"curies":[{"name":"wp","href":"https:\/\/api.w.org\/{rel}","templated":true}]}}