{"id":891,"date":"2021-10-29T16:12:41","date_gmt":"2021-10-29T16:12:41","guid":{"rendered":"https:\/\/blog.viscofandobrasil.com.br\/?page_id=891"},"modified":"2023-09-14T15:08:35","modified_gmt":"2023-09-14T15:08:35","slug":"receita-fuet","status":"publish","type":"page","link":"https:\/\/blog.viscofandobrasil.com.br\/en\/receita-fuet\/","title":{"rendered":"Receita Fuet"},"content":{"rendered":"<div class=\"vce-row-container\" data-vce-boxed-width=\"true\"><div class=\"vce-row vce-row--col-gap-30 vce-row-equal-height vce-row-content--top\" id=\"el-2ecc0a5a\" data-vce-do-apply=\"all el-2ecc0a5a\"><div class=\"vce-row-content\" data-vce-element-content=\"true\"><div class=\"vce-col vce-col--md-auto vce-col--xs-1 vce-col--xs-last vce-col--xs-first vce-col--sm-last vce-col--sm-first vce-col--md-last vce-col--lg-last vce-col--xl-last vce-col--md-first vce-col--lg-first vce-col--xl-first\" id=\"el-841f11d6\"><div class=\"vce-col-inner\" data-vce-do-apply=\"border margin background  el-841f11d6\"><div class=\"vce-col-content\" data-vce-element-content=\"true\" data-vce-do-apply=\"padding el-841f11d6\"><div class=\"vce-text-block\"><div class=\"vce-text-block-wrapper vce\" id=\"el-e81927b4\" data-vce-do-apply=\"all el-e81927b4\"><h1>Receita Fuet de Salsicha<\/h1><\/div><\/div><\/div><\/div><\/div><\/div><\/div><\/div><div class=\"vce-row-container\" data-vce-boxed-width=\"true\"><div class=\"vce-row vce-row--col-gap-30 vce-row-equal-height vce-row-content--top\" id=\"el-eb876e27\" data-vce-do-apply=\"all el-eb876e27\"><div class=\"vce-row-content\" data-vce-element-content=\"true\"><div class=\"vce-col vce-col--md-auto vce-col--xs-1 vce-col--xs-last vce-col--xs-first vce-col--sm-last vce-col--sm-first vce-col--md-last vce-col--lg-last vce-col--xl-last vce-col--md-first vce-col--lg-first vce-col--xl-first\" id=\"el-23473d85\"><div class=\"vce-col-inner\" data-vce-do-apply=\"border margin background  el-23473d85\"><div class=\"vce-col-content\" data-vce-element-content=\"true\" data-vce-do-apply=\"padding el-23473d85\"><div class=\"vce-text-block\"><div class=\"vce-text-block-wrapper vce\" id=\"el-d0d176b5\" data-vce-do-apply=\"all el-d0d176b5\"><p><img decoding=\"async\" class=\"alignnone wp-image-1383\" src=\"https:\/\/blog.viscofandobrasil.com.br\/wp-content\/uploads\/2021\/11\/bandeira-espanaha-02-300x158.jpg\" alt=\"\" width=\"33\" height=\"18\"> Fuet \u00e9 um produto t\u00edpico da Catalunha, muito semelhante a um salsicha em sua composi\u00e7\u00e3o, mas de menor calibre.<\/p><p>Apresenta um aroma caracter\u00edstico com fundo ligeiramente adocicado. geralmente \u00e9 recheado em envolt\u00f3rio de calibre 30-35mm.<\/p><p><strong>Ingredientes&nbsp; &nbsp; &nbsp; &nbsp; &nbsp; &nbsp; &nbsp; &nbsp; %<\/strong><\/p><p>Paleta&nbsp; &nbsp; &nbsp; &nbsp; &nbsp; &nbsp; &nbsp; &nbsp; &nbsp; &nbsp; &nbsp; &nbsp; &nbsp; &nbsp;32,00<\/p><p>Panceta&nbsp; &nbsp; &nbsp; &nbsp; &nbsp; &nbsp; &nbsp; &nbsp; &nbsp; &nbsp; &nbsp; &nbsp; 23,00<\/p><p>Bovino(90\/10)&nbsp; &nbsp; &nbsp; &nbsp; &nbsp; &nbsp; &nbsp;30,00<\/p><p>Toicinho&nbsp; &nbsp; &nbsp; &nbsp; &nbsp; &nbsp; &nbsp; &nbsp; &nbsp; &nbsp; &nbsp; &nbsp;5,00&nbsp;<\/p><p>Agua&nbsp; &nbsp; &nbsp; &nbsp; &nbsp; &nbsp; &nbsp; &nbsp; &nbsp; &nbsp; &nbsp; &nbsp; &nbsp; &nbsp; &nbsp;3,00<\/p><p>Sal comum&nbsp; &nbsp; &nbsp; &nbsp; &nbsp; &nbsp; &nbsp; &nbsp; &nbsp; &nbsp;2,00<\/p><p>Pirofosfato \u00e1cido&nbsp; &nbsp; &nbsp; &nbsp; 0,25<\/p><p>Nitrito s\u00f3dico&nbsp; &nbsp; &nbsp; &nbsp; &nbsp; &nbsp; &nbsp; 0,15<\/p><p>Nitrato s\u00f3dico&nbsp; &nbsp; &nbsp; &nbsp; &nbsp; &nbsp; &nbsp;0,10<\/p><p>Dextrose&nbsp; &nbsp; &nbsp; &nbsp; &nbsp; &nbsp; &nbsp; &nbsp; &nbsp; &nbsp; &nbsp; 0,30<\/p><p>Lactose&nbsp; &nbsp; &nbsp; &nbsp; &nbsp; &nbsp; &nbsp; &nbsp; &nbsp; &nbsp; &nbsp; &nbsp; &nbsp;3,00<\/p><p>GSM&nbsp; &nbsp; &nbsp; &nbsp; &nbsp; &nbsp; &nbsp; &nbsp; &nbsp; &nbsp; &nbsp; &nbsp; &nbsp; &nbsp; &nbsp; &nbsp;0,08<\/p><p>Piment\u00e3o&nbsp; &nbsp; &nbsp; &nbsp; &nbsp; &nbsp; &nbsp; &nbsp; &nbsp; &nbsp; &nbsp; 0,05<\/p><p>Pimenta Branca&nbsp; &nbsp; &nbsp; &nbsp; &nbsp; &nbsp; 0,25<\/p><p>Noz Moscada&nbsp; &nbsp; &nbsp; &nbsp; &nbsp; &nbsp; &nbsp; &nbsp; 0,02<\/p><p>Ascorbato de s\u00f3dio&nbsp; &nbsp; &nbsp; 0,04<\/p><p>Semeadura&nbsp; &nbsp; &nbsp; &nbsp; &nbsp; &nbsp; &nbsp; &nbsp; &nbsp; &nbsp; &nbsp;0,8<\/p><p>colorante Punz\u00f3&nbsp; &nbsp; &nbsp; &nbsp; &nbsp; &nbsp;0,185<\/p><p><strong>Total&nbsp;<\/strong>&nbsp; &nbsp; &nbsp; &nbsp; &nbsp; &nbsp; &nbsp; &nbsp; &nbsp; &nbsp; &nbsp; &nbsp; &nbsp; &nbsp; 100,00<\/p><p><strong>Processo<\/strong><\/p><p><strong>Picado:<\/strong><\/p><p>carnes e gorduras que est\u00e3o em temperaturas de cerca de -2 \u00b0 C s\u00e3o picadas diretamente no picador com um prato de 8 mm. Nos casos em que foram previamente cortados no cortador<\/p><p><strong>Misturado:<\/strong><\/p><p>As carnes picadas e o resto dos ingredientes s\u00f3lidos e l\u00edquidos s\u00e3o misturados em um misturador (idealmente, um misturador a v\u00e1cuo)<\/p><p><strong>Repouso:<\/strong><\/p><p>A mistura \u00e9 mantida em repouso em temperatura de refrigera\u00e7\u00e3o por 24 horas.<\/p><p><strong>Estofamento:<\/strong><\/p><p>\u00c9 embalado em um envolt\u00f3rio que permite que a \u00e1gua escape durante o processo de secagem. tipicamente um envolt\u00f3rio de col\u00e1geno de calibre 30-35mm<\/p><p><strong>Semeadura superficial:<\/strong><\/p><p>Para o crescimento de fungos superficiais ben\u00e9ficos, as pe\u00e7as s\u00e3o imersas em uma solu\u00e7\u00e3o com o fungo. Durante a secagem, os fungos crescem e d\u00e3o \u00e0 pe\u00e7a sua apar\u00eancia caracter\u00edstica.<\/p><p><strong>Fermenta\u00e7\u00e3o :<\/strong><\/p><p>Antes da secagem, procede-se \u00e0 fermenta\u00e7\u00e3o dos fuets, colocando-os em condi\u00e7\u00f5es de temperatura superior (25 \u00b0 C) e humidade relativa (&gt; 95%). Em 24 horas, o pH cai abaixo de 5,5<\/p><p><strong>secagem:<\/strong><\/p><p>\u00c9 realizado a uma temperatura de 12 \u00b0 C e com 75-80% de umidade relativa. A perda gira em torno de 30% e a dura\u00e7\u00e3o do processo em torno de duas semanas<\/p><p><strong>\u26a0\ufe0f Aviso: <\/strong>Viscofan reserva-se o direito de alterar o conte\u00fado desta ficha, total ou parcialmente, sem pr\u00e9vio aviso. o conte\u00fado do mesmo deve ser entendido como uma aproxima\u00e7\u00e3o \u00e0 realidade descrita, sem qualquer compromisso por parte da Viscofan, n\u00e3o sendo respons\u00e1vel pelo seu uso de forma indevida. O seu conte\u00fado \u00e9 propriedade exclusiva da Viscofan e a sua reprodu\u00e7\u00e3o por qualquer outro meio , total ou parcial, \u00e9 proibida sem autoriza\u00e7\u00e3o pr\u00e9via por escrito da Viscofan. Alguns ingredientes ou suas propor\u00e7\u00f5es podem ser proibidos em alguns pa\u00edses e \u00e9 responsabilidade dos usu\u00e1rios levar isso em considera\u00e7\u00e3o.<\/p><\/div><\/div><\/div><\/div><\/div><\/div><\/div><\/div><div class=\"vce-row-container\" data-vce-boxed-width=\"true\"><div class=\"vce-row vce-row--col-gap-30 vce-row-equal-height vce-row-content--top\" id=\"el-a99c3f55\" data-vce-do-apply=\"all el-a99c3f55\"><div class=\"vce-row-content\" data-vce-element-content=\"true\"><div class=\"vce-col vce-col--md-auto vce-col--xs-1 vce-col--xs-last vce-col--xs-first vce-col--sm-last vce-col--sm-first vce-col--md-last vce-col--lg-last vce-col--xl-last vce-col--md-first vce-col--lg-first vce-col--xl-first\" id=\"el-b3730660\"><div class=\"vce-col-inner\" data-vce-do-apply=\"border margin background  el-b3730660\"><div class=\"vce-col-content\" data-vce-element-content=\"true\" data-vce-do-apply=\"padding el-b3730660\"><div class=\"vce-button--style-basic-container vce-button--style-basic-container--align-left\"><span class=\"vce-button--style-basic-wrapper vce\" id=\"el-cf8d1a0f\" data-vce-do-apply=\"margin el-cf8d1a0f\"><a class=\"vce-button vce-button--style-basic vce-button--style-basic--border-round vce-button--style-basic--size-medium vce-button--style-basic--color-b-246-114-0--fff\" href=\"https:\/\/blog.viscofandobrasil.com.br\/receitas-2\/\" title=\"\" data-vce-do-apply=\"padding border background  el-cf8d1a0f\">Voltar P\u00e1gina<\/a><\/span><\/div><\/div><\/div><\/div><\/div><\/div><\/div>\n","protected":false},"excerpt":{"rendered":"<p>Receita Fuet de Salsicha Fuet \u00e9 um produto t\u00edpico da Catalunha, muito semelhante a um salsicha em sua composi\u00e7\u00e3o, mas [&#8230;]<\/p>\n<p><a class=\"btn btn-primary rockcontent-read-more-link\" href=\"https:\/\/blog.viscofandobrasil.com.br\/en\/receita-fuet\/\">Read More&#8230;<\/a><\/p>\n","protected":false},"author":1,"featured_media":0,"parent":0,"menu_order":0,"comment_status":"closed","ping_status":"closed","template":"","meta":{"footnotes":""},"class_list":["post-891","page","type-page","status-publish","hentry"],"yoast_head":"<!-- This site is optimized with the Yoast SEO plugin v21.2 - https:\/\/yoast.com\/wordpress\/plugins\/seo\/ -->\n<title>Receita Fuet - Blog Viscofan<\/title>\n<meta name=\"robots\" content=\"index, follow, max-snippet:-1, max-image-preview:large, max-video-preview:-1\" \/>\n<link rel=\"canonical\" href=\"https:\/\/blog.viscofandobrasil.com.br\/en\/receita-fuet\/\" \/>\n<meta property=\"og:locale\" content=\"en_US\" \/>\n<meta property=\"og:type\" content=\"article\" \/>\n<meta property=\"og:title\" content=\"Receita Fuet - Blog Viscofan\" \/>\n<meta property=\"og:description\" content=\"Receita Fuet de Salsicha Fuet \u00e9 um produto t\u00edpico da Catalunha, muito semelhante a um salsicha em sua composi\u00e7\u00e3o, mas [...]Read More...\" \/>\n<meta property=\"og:url\" content=\"https:\/\/blog.viscofandobrasil.com.br\/receita-fuet\/\" \/>\n<meta property=\"og:site_name\" content=\"Blog Viscofan\" \/>\n<meta property=\"article:modified_time\" content=\"2023-09-14T15:08:35+00:00\" \/>\n<meta name=\"twitter:card\" content=\"summary_large_image\" \/>\n<meta name=\"twitter:label1\" content=\"Est. reading time\" \/>\n\t<meta name=\"twitter:data1\" content=\"3 minutes\" \/>\n<script type=\"application\/ld+json\" class=\"yoast-schema-graph\">{\"@context\":\"https:\/\/schema.org\",\"@graph\":[{\"@type\":\"WebPage\",\"@id\":\"https:\/\/blog.viscofandobrasil.com.br\/receita-fuet\/\",\"url\":\"https:\/\/blog.viscofandobrasil.com.br\/receita-fuet\/\",\"name\":\"Receita Fuet - Blog Viscofan\",\"isPartOf\":{\"@id\":\"https:\/\/blog.viscofandobrasil.com.br\/#website\"},\"datePublished\":\"2021-10-29T16:12:41+00:00\",\"dateModified\":\"2023-09-14T15:08:35+00:00\",\"breadcrumb\":{\"@id\":\"https:\/\/blog.viscofandobrasil.com.br\/receita-fuet\/#breadcrumb\"},\"inLanguage\":\"en-US\",\"potentialAction\":[{\"@type\":\"ReadAction\",\"target\":[\"https:\/\/blog.viscofandobrasil.com.br\/receita-fuet\/\"]}]},{\"@type\":\"BreadcrumbList\",\"@id\":\"https:\/\/blog.viscofandobrasil.com.br\/receita-fuet\/#breadcrumb\",\"itemListElement\":[{\"@type\":\"ListItem\",\"position\":1,\"name\":\"In\u00edcio\",\"item\":\"https:\/\/blog.viscofandobrasil.com.br\/\"},{\"@type\":\"ListItem\",\"position\":2,\"name\":\"Receita Fuet\"}]},{\"@type\":\"WebSite\",\"@id\":\"https:\/\/blog.viscofandobrasil.com.br\/#website\",\"url\":\"https:\/\/blog.viscofandobrasil.com.br\/\",\"name\":\"Blog Viscofan\",\"description\":\"\",\"publisher\":{\"@id\":\"https:\/\/blog.viscofandobrasil.com.br\/#organization\"},\"potentialAction\":[{\"@type\":\"SearchAction\",\"target\":{\"@type\":\"EntryPoint\",\"urlTemplate\":\"https:\/\/blog.viscofandobrasil.com.br\/?s={search_term_string}\"},\"query-input\":\"required name=search_term_string\"}],\"inLanguage\":\"en-US\"},{\"@type\":\"Organization\",\"@id\":\"https:\/\/blog.viscofandobrasil.com.br\/#organization\",\"name\":\"Blog Viscofan\",\"url\":\"https:\/\/blog.viscofandobrasil.com.br\/\",\"logo\":{\"@type\":\"ImageObject\",\"inLanguage\":\"en-US\",\"@id\":\"https:\/\/blog.viscofandobrasil.com.br\/#\/schema\/logo\/image\/\",\"url\":\"https:\/\/blog.viscofandobrasil.com.br\/wp-content\/uploads\/2022\/03\/cropped-novo-logo-viscofan-1.jpg\",\"contentUrl\":\"https:\/\/blog.viscofandobrasil.com.br\/wp-content\/uploads\/2022\/03\/cropped-novo-logo-viscofan-1.jpg\",\"width\":1000,\"height\":250,\"caption\":\"Blog Viscofan\"},\"image\":{\"@id\":\"https:\/\/blog.viscofandobrasil.com.br\/#\/schema\/logo\/image\/\"}}]}<\/script>\n<!-- \/ Yoast SEO plugin. -->","yoast_head_json":{"title":"Receita Fuet - Blog Viscofan","robots":{"index":"index","follow":"follow","max-snippet":"max-snippet:-1","max-image-preview":"max-image-preview:large","max-video-preview":"max-video-preview:-1"},"canonical":"https:\/\/blog.viscofandobrasil.com.br\/en\/receita-fuet\/","og_locale":"en_US","og_type":"article","og_title":"Receita Fuet - Blog Viscofan","og_description":"Receita Fuet de Salsicha Fuet \u00e9 um produto t\u00edpico da Catalunha, muito semelhante a um salsicha em sua composi\u00e7\u00e3o, mas [...]Read More...","og_url":"https:\/\/blog.viscofandobrasil.com.br\/receita-fuet\/","og_site_name":"Blog Viscofan","article_modified_time":"2023-09-14T15:08:35+00:00","twitter_card":"summary_large_image","twitter_misc":{"Est. reading time":"3 minutes"},"schema":{"@context":"https:\/\/schema.org","@graph":[{"@type":"WebPage","@id":"https:\/\/blog.viscofandobrasil.com.br\/receita-fuet\/","url":"https:\/\/blog.viscofandobrasil.com.br\/receita-fuet\/","name":"Receita Fuet - Blog Viscofan","isPartOf":{"@id":"https:\/\/blog.viscofandobrasil.com.br\/#website"},"datePublished":"2021-10-29T16:12:41+00:00","dateModified":"2023-09-14T15:08:35+00:00","breadcrumb":{"@id":"https:\/\/blog.viscofandobrasil.com.br\/receita-fuet\/#breadcrumb"},"inLanguage":"en-US","potentialAction":[{"@type":"ReadAction","target":["https:\/\/blog.viscofandobrasil.com.br\/receita-fuet\/"]}]},{"@type":"BreadcrumbList","@id":"https:\/\/blog.viscofandobrasil.com.br\/receita-fuet\/#breadcrumb","itemListElement":[{"@type":"ListItem","position":1,"name":"In\u00edcio","item":"https:\/\/blog.viscofandobrasil.com.br\/"},{"@type":"ListItem","position":2,"name":"Receita Fuet"}]},{"@type":"WebSite","@id":"https:\/\/blog.viscofandobrasil.com.br\/#website","url":"https:\/\/blog.viscofandobrasil.com.br\/","name":"Blog Viscofan","description":"","publisher":{"@id":"https:\/\/blog.viscofandobrasil.com.br\/#organization"},"potentialAction":[{"@type":"SearchAction","target":{"@type":"EntryPoint","urlTemplate":"https:\/\/blog.viscofandobrasil.com.br\/?s={search_term_string}"},"query-input":"required name=search_term_string"}],"inLanguage":"en-US"},{"@type":"Organization","@id":"https:\/\/blog.viscofandobrasil.com.br\/#organization","name":"Blog Viscofan","url":"https:\/\/blog.viscofandobrasil.com.br\/","logo":{"@type":"ImageObject","inLanguage":"en-US","@id":"https:\/\/blog.viscofandobrasil.com.br\/#\/schema\/logo\/image\/","url":"https:\/\/blog.viscofandobrasil.com.br\/wp-content\/uploads\/2022\/03\/cropped-novo-logo-viscofan-1.jpg","contentUrl":"https:\/\/blog.viscofandobrasil.com.br\/wp-content\/uploads\/2022\/03\/cropped-novo-logo-viscofan-1.jpg","width":1000,"height":250,"caption":"Blog Viscofan"},"image":{"@id":"https:\/\/blog.viscofandobrasil.com.br\/#\/schema\/logo\/image\/"}}]}},"_links":{"self":[{"href":"https:\/\/blog.viscofandobrasil.com.br\/en\/wp-json\/wp\/v2\/pages\/891","targetHints":{"allow":["GET"]}}],"collection":[{"href":"https:\/\/blog.viscofandobrasil.com.br\/en\/wp-json\/wp\/v2\/pages"}],"about":[{"href":"https:\/\/blog.viscofandobrasil.com.br\/en\/wp-json\/wp\/v2\/types\/page"}],"author":[{"embeddable":true,"href":"https:\/\/blog.viscofandobrasil.com.br\/en\/wp-json\/wp\/v2\/users\/1"}],"replies":[{"embeddable":true,"href":"https:\/\/blog.viscofandobrasil.com.br\/en\/wp-json\/wp\/v2\/comments?post=891"}],"version-history":[{"count":19,"href":"https:\/\/blog.viscofandobrasil.com.br\/en\/wp-json\/wp\/v2\/pages\/891\/revisions"}],"predecessor-version":[{"id":2443,"href":"https:\/\/blog.viscofandobrasil.com.br\/en\/wp-json\/wp\/v2\/pages\/891\/revisions\/2443"}],"wp:attachment":[{"href":"https:\/\/blog.viscofandobrasil.com.br\/en\/wp-json\/wp\/v2\/media?parent=891"}],"curies":[{"name":"wp","href":"https:\/\/api.w.org\/{rel}","templated":true}]}}