{"id":392,"date":"2021-10-22T13:56:16","date_gmt":"2021-10-22T13:56:16","guid":{"rendered":"https:\/\/blog.viscofandobrasil.com.br\/?page_id=392"},"modified":"2022-12-12T13:45:53","modified_gmt":"2022-12-12T13:45:53","slug":"noticias-da-viscofan","status":"publish","type":"page","link":"https:\/\/blog.viscofandobrasil.com.br\/en\/noticias-da-viscofan\/","title":{"rendered":"Not\u00edcias"},"content":{"rendered":"<div class=\"vce-row-container\" data-vce-boxed-width=\"true\"><div class=\"vce-row vce-row--col-gap-30 vce-row-equal-height vce-row-content--top\" id=\"el-a094d233\" data-vce-do-apply=\"all el-a094d233\"><div class=\"vce-row-content\" data-vce-element-content=\"true\"><div class=\"vce-col vce-col--md-auto vce-col--xs-1 vce-col--xs-last vce-col--xs-first vce-col--sm-last vce-col--sm-first vce-col--md-last vce-col--lg-last vce-col--xl-last vce-col--md-first vce-col--lg-first vce-col--xl-first\" id=\"el-dfc3aefe\"><div class=\"vce-col-inner\" data-vce-do-apply=\"border margin background  el-dfc3aefe\"><div class=\"vce-col-content\" data-vce-element-content=\"true\" data-vce-do-apply=\"padding el-dfc3aefe\"><div class=\"vce-text-block\"><div class=\"vce-text-block-wrapper vce\" id=\"el-c936cd9e\" data-vce-do-apply=\"all el-c936cd9e\"><h1>Not\u00edcias&nbsp;<\/h1><\/div><\/div><div class=\"vce-row-container\" data-vce-boxed-width=\"true\"><div class=\"vce-row vce-row--col-gap-30 vce-row-equal-height vce-row-content--top\" id=\"el-0045234a\" data-vce-do-apply=\"all el-0045234a\"><div class=\"vce-content-background-container\"><\/div><div class=\"vce-row-content\" data-vce-element-content=\"true\"><div class=\"vce-col vce-col--md-auto vce-col--xs-1 vce-col--xs-last vce-col--xs-first vce-col--sm-last vce-col--sm-first vce-col--md-first vce-col--lg-first vce-col--xl-first\" id=\"el-62ddedfa\"><div class=\"vce-col-inner\" data-vce-do-apply=\"border margin background  el-62ddedfa\"><div class=\"vce-col-content\" data-vce-element-content=\"true\" data-vce-do-apply=\"padding el-62ddedfa\"><div class=\"vce-single-image-container vce-single-image--align-center\"><div class=\"vce vce-single-image-wrapper\" id=\"el-20a332e1\" data-vce-do-apply=\"all el-20a332e1\"><figure><div class=\"vce-single-image-figure-inner\" style=\"width: 350px;\"><a href=\"https:\/\/blog.viscofandobrasil.com.br\/viscofan-realiza-os-primeiros-testes-com-hidrogenio-verde-em-motores-de-cogeracao-da-bergen-engines\/\" title=\"\" class=\"vce-single-image-inner vce-single-image--absolute vce-single-image--border-rounded\" style=\"width: 100%; padding-bottom: 77.1429%;\"><img decoding=\"async\" class=\"vce-single-image\"  width=\"350\" height=\"270\" srcset=\"https:\/\/blog.viscofandobrasil.com.br\/wp-content\/uploads\/2022\/12\/18-320x249.jpg 320w, https:\/\/blog.viscofandobrasil.com.br\/wp-content\/uploads\/2022\/12\/18-480x373.jpg 480w, https:\/\/blog.viscofandobrasil.com.br\/wp-content\/uploads\/2022\/12\/18-800x617.jpg 800w, https:\/\/blog.viscofandobrasil.com.br\/wp-content\/uploads\/2022\/12\/18-350x270.jpg 350w, https:\/\/blog.viscofandobrasil.com.br\/wp-content\/uploads\/2022\/12\/18-700x540.jpg 2x\" src=\"https:\/\/blog.viscofandobrasil.com.br\/wp-content\/uploads\/2022\/12\/18-350x270.jpg\" data-img-src=\"https:\/\/blog.viscofandobrasil.com.br\/wp-content\/uploads\/2022\/12\/18.jpg\" data-attachment-id=\"2336\"  alt=\"\" title=\"18\" \/><\/a><\/div><figcaption hidden=\"\"><\/figcaption><\/figure><\/div><\/div><div class=\"vce-text-block\"><div class=\"vce-text-block-wrapper vce\" id=\"el-0b8d3ea3\" data-vce-do-apply=\"all el-0b8d3ea3\"><p style=\"text-align: left;\"><span style=\"font-size: 16pt;\"><span style=\"font-size: 14pt;\">Viscofan realiza os primeiros testes com hidrog\u00eanio verde em motores de cogera\u00e7\u00e3o da Bergen Engines.... <\/span><a href=\"https:\/\/blog.viscofandobrasil.com.br\/viscofan-realiza-os-primeiros-testes-com-hidrogenio-verde-em-motores-de-cogeracao-da-bergen-engines\/\" target=\"_blank\" rel=\"noopener\"><span style=\"font-size: 14pt;\">Saiba mais!<\/span><\/a><\/span><\/p><\/div><\/div><\/div><\/div><\/div><div class=\"vce-col vce-col--md-auto vce-col--xs-1 vce-col--xs-last vce-col--xs-first vce-col--sm-last vce-col--sm-first\" id=\"el-9ea72185\"><div class=\"vce-col-inner\" data-vce-do-apply=\"border margin background  el-9ea72185\"><div class=\"vce-col-content\" data-vce-element-content=\"true\" data-vce-do-apply=\"padding el-9ea72185\"><div class=\"vce-single-image-container vce-single-image--align-center\"><div class=\"vce vce-single-image-wrapper\" id=\"el-47b13664\" data-vce-do-apply=\"all el-47b13664\"><figure><div class=\"vce-single-image-figure-inner\" style=\"width: 350px;\"><a href=\"https:\/\/blog.viscofandobrasil.com.br\/jose-antonio-canales-ceo-da-viscofan-recebera-o-premio-de-gerente-do-ano-em-navarra-na-espanha\/\" title=\"\" class=\"vce-single-image-inner vce-single-image--absolute vce-single-image--border-rounded\" style=\"width: 100%; padding-bottom: 75.7143%;\"><img decoding=\"async\" class=\"vce-single-image\"  width=\"350\" height=\"265\" srcset=\"https:\/\/blog.viscofandobrasil.com.br\/wp-content\/uploads\/2022\/09\/Jose-Antonio-Canales-CEO-da-Viscofan-recebera-o-Premio-de-Gerente-do-Ano-em-Navarra-na-Espanha.-320x178.jpg 320w, https:\/\/blog.viscofandobrasil.com.br\/wp-content\/uploads\/2022\/12\/Jose-Antonio-Canales-CEO-da-Viscofan-recebera-o-Premio-de-Gerente-do-Ano-em-Navarra-na-Espanha.-350x265.jpg 350w\" src=\"https:\/\/blog.viscofandobrasil.com.br\/wp-content\/uploads\/2022\/12\/Jose-Antonio-Canales-CEO-da-Viscofan-recebera-o-Premio-de-Gerente-do-Ano-em-Navarra-na-Espanha.-350x265.jpg\" data-img-src=\"https:\/\/blog.viscofandobrasil.com.br\/wp-content\/uploads\/2022\/09\/Jose-Antonio-Canales-CEO-da-Viscofan-recebera-o-Premio-de-Gerente-do-Ano-em-Navarra-na-Espanha..jpg\" data-attachment-id=\"2277\"  alt=\"\" title=\"Jos\u00e9 Antonio Canales, CEO da Viscofan, receber\u00e1 o Pr\u00eamio de Gerente do Ano em Navarra, na Espanha.\" \/><\/a><\/div><figcaption hidden=\"\"><\/figcaption><\/figure><\/div><\/div><div class=\"vce-text-block\"><div class=\"vce-text-block-wrapper vce\" id=\"el-0c6d4ea6\" data-vce-do-apply=\"all el-0c6d4ea6\"><p style=\"text-align: left;\"><span style=\"font-size: 16pt;\"><span style=\"font-size: 14pt;\">Jos\u00e9 Antonio Canales, CEO da Viscofan, receber\u00e1 o Pr\u00eamio de Gerente do Ano em Navarra, na Espanha... <\/span><a href=\"https:\/\/blog.viscofandobrasil.com.br\/jose-antonio-canales-ceo-da-viscofan-recebera-o-premio-de-gerente-do-ano-em-navarra-na-espanha\/\" target=\"_blank\" rel=\"noopener\"><span style=\"font-size: 14pt;\">Saiba mais!<\/span><\/a><\/span><\/p><\/div><\/div><\/div><\/div><\/div><div class=\"vce-col vce-col--md-auto vce-col--xs-1 vce-col--xs-last vce-col--xs-first vce-col--sm-last vce-col--sm-first vce-col--md-last vce-col--lg-last vce-col--xl-last\" id=\"el-99cfdae6\"><div class=\"vce-col-inner\" data-vce-do-apply=\"border margin background  el-99cfdae6\"><div class=\"vce-col-content\" data-vce-element-content=\"true\" data-vce-do-apply=\"padding el-99cfdae6\"><div class=\"vce-single-image-container vce-single-image--align-center\"><div class=\"vce vce-single-image-wrapper\" id=\"el-af82b655\" data-vce-do-apply=\"all el-af82b655\"><figure><div class=\"vce-single-image-figure-inner\" style=\"width: 350px;\"><a href=\"https:\/\/blog.viscofandobrasil.com.br\/viscofan-recebe-importante-premio-por-inovacao-no-setor-de-embalagens\/\" title=\"\" class=\"vce-single-image-inner vce-single-image--absolute vce-single-image--border-rounded\" style=\"width: 100%; padding-bottom: 77.1429%;\"><img decoding=\"async\" class=\"vce-single-image\"  width=\"350\" height=\"270\" srcset=\"https:\/\/blog.viscofandobrasil.com.br\/wp-content\/uploads\/2022\/12\/viscofan-premios-grande-cases-de-embalagem-800x508-1-e1670852178885-320x203.jpeg 320w, https:\/\/blog.viscofandobrasil.com.br\/wp-content\/uploads\/2022\/12\/viscofan-premios-grande-cases-de-embalagem-800x508-1-e1670852178885-480x305.jpeg 480w, https:\/\/blog.viscofandobrasil.com.br\/wp-content\/uploads\/2022\/12\/viscofan-premios-grande-cases-de-embalagem-800x508-1-e1670852178885-350x270.jpeg 350w\" src=\"https:\/\/blog.viscofandobrasil.com.br\/wp-content\/uploads\/2022\/12\/viscofan-premios-grande-cases-de-embalagem-800x508-1-e1670852178885-350x270.jpeg\" data-img-src=\"https:\/\/blog.viscofandobrasil.com.br\/wp-content\/uploads\/2022\/12\/viscofan-premios-grande-cases-de-embalagem-800x508-1-e1670852178885.jpeg\" data-attachment-id=\"2342\"  alt=\"\" title=\"viscofan-premios-grande-cases-de-embalagem-800x508\" \/><\/a><\/div><figcaption hidden=\"\"><\/figcaption><\/figure><\/div><\/div><div class=\"vce-text-block\"><div class=\"vce-text-block-wrapper vce\" id=\"el-3c8075fb\" data-vce-do-apply=\"all el-3c8075fb\"><p class=\"single-header__content__title\">Viscofan recebe importante pr\u00eamio por inova\u00e7\u00e3o no setor de embalagens<span style=\"font-size: 16pt;\"><span style=\"font-size: 14pt;\">... <\/span><a href=\"https:\/\/blog.viscofandobrasil.com.br\/viscofan-recebe-importante-premio-por-inovacao-no-setor-de-embalagens\/\" target=\"_blank\" rel=\"noopener\"><span style=\"font-size: 14pt;\">Saiba mais!<\/span><\/a><\/span><\/p><\/div><\/div><\/div><\/div><\/div><\/div><\/div><\/div><\/div><\/div><\/div><\/div><\/div><\/div><div class=\"vce-row-container\" data-vce-boxed-width=\"true\"><div class=\"vce-row vce-row--col-gap-30 vce-row-equal-height vce-row-content--top\" id=\"el-c5aa4c72\" data-vce-do-apply=\"all el-c5aa4c72\"><div class=\"vce-row-content\" data-vce-element-content=\"true\"><div class=\"vce-col vce-col--md-auto vce-col--xs-1 vce-col--xs-last vce-col--xs-first vce-col--sm-last vce-col--sm-first vce-col--md-first vce-col--lg-first vce-col--xl-first\" id=\"el-fdc30b18\"><div class=\"vce-col-inner\" data-vce-do-apply=\"border margin background  el-fdc30b18\"><div class=\"vce-col-content\" data-vce-element-content=\"true\" data-vce-do-apply=\"padding el-fdc30b18\"><div class=\"vce-single-image-container vce-single-image--align-center\"><div class=\"vce vce-single-image-wrapper\" id=\"el-753f8bb9\" data-vce-do-apply=\"all el-753f8bb9\"><figure><div class=\"vce-single-image-figure-inner\" style=\"width: 500px;\"><a href=\"https:\/\/blog.viscofandobrasil.com.br\/sustentavel\/\" title=\"\" class=\"vce-single-image-inner vce-single-image--absolute vce-single-image--border-rounded\" style=\"width: 100%; padding-bottom: 76.8%;\"><img decoding=\"async\" class=\"vce-single-image\"  width=\"500\" height=\"384\" srcset=\"https:\/\/blog.viscofandobrasil.com.br\/wp-content\/uploads\/2022\/12\/fct5f4rz41s-1-e1637072809284-320x246.jpg 320w, https:\/\/blog.viscofandobrasil.com.br\/wp-content\/uploads\/2022\/12\/fct5f4rz41s-1-e1637072809284-480x369.jpg 480w, https:\/\/blog.viscofandobrasil.com.br\/wp-content\/uploads\/2022\/12\/fct5f4rz41s-1-e1637072809284-500x384.jpg 500w\" src=\"https:\/\/blog.viscofandobrasil.com.br\/wp-content\/uploads\/2022\/12\/fct5f4rz41s-1-e1637072809284-500x384.jpg\" data-img-src=\"https:\/\/blog.viscofandobrasil.com.br\/wp-content\/uploads\/2021\/10\/fct5f4rz41s-1-e1637072809284.jpg\" data-attachment-id=\"527\"  alt=\"\" title=\"$fct5f4rz41s\" \/><\/a><\/div><figcaption hidden=\"\"><\/figcaption><\/figure><\/div><\/div><div class=\"vce-text-block\"><div class=\"vce-text-block-wrapper vce\" id=\"el-f166a33f\" data-vce-do-apply=\"all el-f166a33f\"><p style=\"text-align: left;\"><span style=\"font-size: 16pt;\"><span style=\"font-size: 14pt;\">Viscofan assinou dois novos empr\u00e9stimos bilaterais para transformar parte... <\/span><a href=\"https:\/\/blog.viscofandobrasil.com.br\/sustentavel\/\" target=\"_blank\" rel=\"noopener\"><span style=\"font-size: 14pt;\">Saiba mais!<\/span><\/a><\/span><\/p><\/div><\/div><\/div><\/div><\/div><div class=\"vce-col vce-col--md-33p vce-col--xs-1 vce-col--xs-last vce-col--xs-first vce-col--sm-last vce-col--sm-first\" id=\"el-bcd8327e\"><div class=\"vce-col-inner\" data-vce-do-apply=\"border margin background  el-bcd8327e\"><div class=\"vce-col-content\" data-vce-element-content=\"true\" data-vce-do-apply=\"padding el-bcd8327e\"><div class=\"vce-single-image-container vce-single-image--align-center\"><div class=\"vce vce-single-image-wrapper\" id=\"el-8d12707a\" data-vce-do-apply=\"all el-8d12707a\"><figure><div class=\"vce-single-image-figure-inner\" style=\"width: 350px;\"><a href=\"https:\/\/blog.viscofandobrasil.com.br\/viscofan-e-telefonica-unem-forcas-para-equipar-a-primeira-fabrica-espanhola-do-setor-alimentar-a-ser-digitalizada-com-tecnologia-5g-em-caseda\/\" title=\"\" class=\"vce-single-image-inner vce-single-image--absolute vce-single-image--border-rounded\" style=\"width: 100%; padding-bottom: 77.1429%;\"><img decoding=\"async\" class=\"vce-single-image\"  width=\"350\" height=\"270\" srcset=\"https:\/\/blog.viscofandobrasil.com.br\/wp-content\/uploads\/2022\/12\/Viscofan-e-Telefonica-unem-forcas-para-equipar-a-primeira-fabrica-espanhola-do-setor-alimentar-a-ser-digitalizada-com-tecnologia-5G-em-Caseda-320x247.jpeg 320w, https:\/\/blog.viscofandobrasil.com.br\/wp-content\/uploads\/2022\/12\/Viscofan-e-Telefonica-unem-forcas-para-equipar-a-primeira-fabrica-espanhola-do-setor-alimentar-a-ser-digitalizada-com-tecnologia-5G-em-Caseda-350x270.jpeg 350w\" src=\"https:\/\/blog.viscofandobrasil.com.br\/wp-content\/uploads\/2022\/12\/Viscofan-e-Telefonica-unem-forcas-para-equipar-a-primeira-fabrica-espanhola-do-setor-alimentar-a-ser-digitalizada-com-tecnologia-5G-em-Caseda-350x270.jpeg\" data-img-src=\"https:\/\/blog.viscofandobrasil.com.br\/wp-content\/uploads\/2022\/02\/Viscofan-e-Telefonica-unem-forcas-para-equipar-a-primeira-fabrica-espanhola-do-setor-alimentar-a-ser-digitalizada-com-tecnologia-5G-em-Caseda.jpeg\" data-attachment-id=\"1761\"  alt=\"\" title=\"Viscofan e Telef\u00f3nica unem for\u00e7as para equipar a primeira f\u00e1brica espanhola do setor alimentar a ser digitalizada com tecnologia 5G em C\u00e1seda\" \/><\/a><\/div><figcaption hidden=\"\"><\/figcaption><\/figure><\/div><\/div><div class=\"vce-text-block\"><div class=\"vce-text-block-wrapper vce\" id=\"el-5d1b8bbf\" data-vce-do-apply=\"all el-5d1b8bbf\"><p style=\"text-align: left;\"><span style=\"font-size: 16pt;\"><span style=\"font-size: 14pt;\">Viscofan e Telef\u00f3nica unem for\u00e7as para equipar a primeira f\u00e1brica espanhola do setor alimentar a ser digitalizada com tecnologia 5G em C\u00e1seda... <\/span><a href=\"https:\/\/blog.viscofandobrasil.com.br\/viscofan-e-telefonica-unem-forcas-para-equipar-a-primeira-fabrica-espanhola-do-setor-alimentar-a-ser-digitalizada-com-tecnologia-5g-em-caseda\/\" target=\"_blank\" rel=\"noopener\"><span style=\"font-size: 14pt;\">Saiba mais!<\/span><\/a><\/span><\/p><\/div><\/div><\/div><\/div><\/div><div class=\"vce-col vce-col--md-34p vce-col--xs-1 vce-col--xs-last vce-col--xs-first vce-col--sm-last vce-col--sm-first vce-col--md-last vce-col--lg-last vce-col--xl-last\" id=\"el-574cbe95\"><div class=\"vce-col-inner\" data-vce-do-apply=\"border margin background  el-574cbe95\"><div class=\"vce-col-content\" data-vce-element-content=\"true\" data-vce-do-apply=\"padding el-574cbe95\"><div><\/div><\/div><\/div><\/div><\/div><\/div><\/div><div class=\"vce-row-container\" data-vce-boxed-width=\"true\"><div class=\"vce-row vce-row--col-gap-30 vce-row-equal-height vce-row-content--top\" id=\"el-3536b543\" data-vce-do-apply=\"all el-3536b543\"><div class=\"vce-row-content\" data-vce-element-content=\"true\"><div class=\"vce-col vce-col--md-auto vce-col--xs-1 vce-col--xs-last vce-col--xs-first vce-col--sm-last vce-col--sm-first vce-col--md-last vce-col--lg-last vce-col--xl-last vce-col--md-first vce-col--lg-first vce-col--xl-first\" id=\"el-d8b53964\"><div class=\"vce-col-inner\" data-vce-do-apply=\"border margin background  el-d8b53964\"><div class=\"vce-col-content\" data-vce-element-content=\"true\" data-vce-do-apply=\"padding el-d8b53964\"><div><\/div><\/div><\/div><\/div><\/div><\/div><\/div><div class=\"vce-row-container\" data-vce-boxed-width=\"true\"><div class=\"vce-row vce-row--col-gap-30 vce-row-equal-height vce-row-content--top\" id=\"el-1a4093c9\" data-vce-do-apply=\"all el-1a4093c9\"><div class=\"vce-row-content\" data-vce-element-content=\"true\"><div class=\"vce-col vce-col--md-auto vce-col--xs-1 vce-col--xs-last vce-col--xs-first vce-col--sm-last vce-col--sm-first vce-col--md-last vce-col--lg-last vce-col--xl-last vce-col--md-first vce-col--lg-first vce-col--xl-first\" id=\"el-dda95220\"><div class=\"vce-col-inner\" data-vce-do-apply=\"border margin background  el-dda95220\"><div class=\"vce-col-content\" data-vce-element-content=\"true\" data-vce-do-apply=\"padding el-dda95220\"><div><\/div><\/div><\/div><\/div><\/div><\/div><\/div>","protected":false},"excerpt":{"rendered":"<p>Not\u00edcias&nbsp;Viscofan realiza os primeiros testes com hidrog\u00eanio verde em motores de cogera\u00e7\u00e3o da Bergen Engines&#8230;. Saiba mais!Jos\u00e9 Antonio Canales, CEO [&#8230;]<\/p>\n<p><a class=\"btn btn-primary rockcontent-read-more-link\" href=\"https:\/\/blog.viscofandobrasil.com.br\/en\/noticias-da-viscofan\/\">Read More&#8230;<\/a><\/p>\n","protected":false},"author":1,"featured_media":0,"parent":0,"menu_order":0,"comment_status":"closed","ping_status":"closed","template":"","meta":{"footnotes":""},"class_list":["post-392","page","type-page","status-publish","hentry"],"yoast_head":"<!-- This site is optimized with the Yoast SEO plugin v21.2 - https:\/\/yoast.com\/wordpress\/plugins\/seo\/ -->\n<title>Not\u00edcias - Blog Viscofan<\/title>\n<meta name=\"robots\" content=\"index, follow, max-snippet:-1, max-image-preview:large, max-video-preview:-1\" \/>\n<link rel=\"canonical\" href=\"https:\/\/blog.viscofandobrasil.com.br\/en\/noticias-da-viscofan\/\" \/>\n<meta property=\"og:locale\" content=\"en_US\" \/>\n<meta property=\"og:type\" content=\"article\" \/>\n<meta property=\"og:title\" content=\"Not\u00edcias - Blog Viscofan\" \/>\n<meta property=\"og:description\" content=\"Not\u00edcias&nbsp;Viscofan realiza os primeiros testes com hidrog\u00eanio verde em motores de cogera\u00e7\u00e3o da Bergen Engines.... Saiba mais!Jos\u00e9 Antonio Canales, CEO [...]Read More...\" \/>\n<meta property=\"og:url\" content=\"https:\/\/blog.viscofandobrasil.com.br\/noticias-da-viscofan\/\" \/>\n<meta property=\"og:site_name\" content=\"Blog Viscofan\" \/>\n<meta property=\"article:modified_time\" content=\"2022-12-12T13:45:53+00:00\" \/>\n<meta name=\"twitter:card\" content=\"summary_large_image\" \/>\n<meta name=\"twitter:label1\" content=\"Est. reading time\" \/>\n\t<meta name=\"twitter:data1\" content=\"2 minutes\" \/>\n<script type=\"application\/ld+json\" class=\"yoast-schema-graph\">{\"@context\":\"https:\/\/schema.org\",\"@graph\":[{\"@type\":\"WebPage\",\"@id\":\"https:\/\/blog.viscofandobrasil.com.br\/noticias-da-viscofan\/\",\"url\":\"https:\/\/blog.viscofandobrasil.com.br\/noticias-da-viscofan\/\",\"name\":\"Not\u00edcias - Blog Viscofan\",\"isPartOf\":{\"@id\":\"https:\/\/blog.viscofandobrasil.com.br\/#website\"},\"datePublished\":\"2021-10-22T13:56:16+00:00\",\"dateModified\":\"2022-12-12T13:45:53+00:00\",\"breadcrumb\":{\"@id\":\"https:\/\/blog.viscofandobrasil.com.br\/noticias-da-viscofan\/#breadcrumb\"},\"inLanguage\":\"en-US\",\"potentialAction\":[{\"@type\":\"ReadAction\",\"target\":[\"https:\/\/blog.viscofandobrasil.com.br\/noticias-da-viscofan\/\"]}]},{\"@type\":\"BreadcrumbList\",\"@id\":\"https:\/\/blog.viscofandobrasil.com.br\/noticias-da-viscofan\/#breadcrumb\",\"itemListElement\":[{\"@type\":\"ListItem\",\"position\":1,\"name\":\"In\u00edcio\",\"item\":\"https:\/\/blog.viscofandobrasil.com.br\/\"},{\"@type\":\"ListItem\",\"position\":2,\"name\":\"Not\u00edcias\"}]},{\"@type\":\"WebSite\",\"@id\":\"https:\/\/blog.viscofandobrasil.com.br\/#website\",\"url\":\"https:\/\/blog.viscofandobrasil.com.br\/\",\"name\":\"Blog Viscofan\",\"description\":\"\",\"publisher\":{\"@id\":\"https:\/\/blog.viscofandobrasil.com.br\/#organization\"},\"potentialAction\":[{\"@type\":\"SearchAction\",\"target\":{\"@type\":\"EntryPoint\",\"urlTemplate\":\"https:\/\/blog.viscofandobrasil.com.br\/?s={search_term_string}\"},\"query-input\":\"required name=search_term_string\"}],\"inLanguage\":\"en-US\"},{\"@type\":\"Organization\",\"@id\":\"https:\/\/blog.viscofandobrasil.com.br\/#organization\",\"name\":\"Blog Viscofan\",\"url\":\"https:\/\/blog.viscofandobrasil.com.br\/\",\"logo\":{\"@type\":\"ImageObject\",\"inLanguage\":\"en-US\",\"@id\":\"https:\/\/blog.viscofandobrasil.com.br\/#\/schema\/logo\/image\/\",\"url\":\"https:\/\/blog.viscofandobrasil.com.br\/wp-content\/uploads\/2022\/03\/cropped-novo-logo-viscofan-1.jpg\",\"contentUrl\":\"https:\/\/blog.viscofandobrasil.com.br\/wp-content\/uploads\/2022\/03\/cropped-novo-logo-viscofan-1.jpg\",\"width\":1000,\"height\":250,\"caption\":\"Blog Viscofan\"},\"image\":{\"@id\":\"https:\/\/blog.viscofandobrasil.com.br\/#\/schema\/logo\/image\/\"}}]}<\/script>\n<!-- \/ Yoast SEO plugin. -->","yoast_head_json":{"title":"Not\u00edcias - Blog Viscofan","robots":{"index":"index","follow":"follow","max-snippet":"max-snippet:-1","max-image-preview":"max-image-preview:large","max-video-preview":"max-video-preview:-1"},"canonical":"https:\/\/blog.viscofandobrasil.com.br\/en\/noticias-da-viscofan\/","og_locale":"en_US","og_type":"article","og_title":"Not\u00edcias - Blog Viscofan","og_description":"Not\u00edcias&nbsp;Viscofan realiza os primeiros testes com hidrog\u00eanio verde em motores de cogera\u00e7\u00e3o da Bergen Engines.... Saiba mais!Jos\u00e9 Antonio Canales, CEO [...]Read More...","og_url":"https:\/\/blog.viscofandobrasil.com.br\/noticias-da-viscofan\/","og_site_name":"Blog Viscofan","article_modified_time":"2022-12-12T13:45:53+00:00","twitter_card":"summary_large_image","twitter_misc":{"Est. reading time":"2 minutes"},"schema":{"@context":"https:\/\/schema.org","@graph":[{"@type":"WebPage","@id":"https:\/\/blog.viscofandobrasil.com.br\/noticias-da-viscofan\/","url":"https:\/\/blog.viscofandobrasil.com.br\/noticias-da-viscofan\/","name":"Not\u00edcias - Blog Viscofan","isPartOf":{"@id":"https:\/\/blog.viscofandobrasil.com.br\/#website"},"datePublished":"2021-10-22T13:56:16+00:00","dateModified":"2022-12-12T13:45:53+00:00","breadcrumb":{"@id":"https:\/\/blog.viscofandobrasil.com.br\/noticias-da-viscofan\/#breadcrumb"},"inLanguage":"en-US","potentialAction":[{"@type":"ReadAction","target":["https:\/\/blog.viscofandobrasil.com.br\/noticias-da-viscofan\/"]}]},{"@type":"BreadcrumbList","@id":"https:\/\/blog.viscofandobrasil.com.br\/noticias-da-viscofan\/#breadcrumb","itemListElement":[{"@type":"ListItem","position":1,"name":"In\u00edcio","item":"https:\/\/blog.viscofandobrasil.com.br\/"},{"@type":"ListItem","position":2,"name":"Not\u00edcias"}]},{"@type":"WebSite","@id":"https:\/\/blog.viscofandobrasil.com.br\/#website","url":"https:\/\/blog.viscofandobrasil.com.br\/","name":"Blog Viscofan","description":"","publisher":{"@id":"https:\/\/blog.viscofandobrasil.com.br\/#organization"},"potentialAction":[{"@type":"SearchAction","target":{"@type":"EntryPoint","urlTemplate":"https:\/\/blog.viscofandobrasil.com.br\/?s={search_term_string}"},"query-input":"required name=search_term_string"}],"inLanguage":"en-US"},{"@type":"Organization","@id":"https:\/\/blog.viscofandobrasil.com.br\/#organization","name":"Blog Viscofan","url":"https:\/\/blog.viscofandobrasil.com.br\/","logo":{"@type":"ImageObject","inLanguage":"en-US","@id":"https:\/\/blog.viscofandobrasil.com.br\/#\/schema\/logo\/image\/","url":"https:\/\/blog.viscofandobrasil.com.br\/wp-content\/uploads\/2022\/03\/cropped-novo-logo-viscofan-1.jpg","contentUrl":"https:\/\/blog.viscofandobrasil.com.br\/wp-content\/uploads\/2022\/03\/cropped-novo-logo-viscofan-1.jpg","width":1000,"height":250,"caption":"Blog Viscofan"},"image":{"@id":"https:\/\/blog.viscofandobrasil.com.br\/#\/schema\/logo\/image\/"}}]}},"_links":{"self":[{"href":"https:\/\/blog.viscofandobrasil.com.br\/en\/wp-json\/wp\/v2\/pages\/392","targetHints":{"allow":["GET"]}}],"collection":[{"href":"https:\/\/blog.viscofandobrasil.com.br\/en\/wp-json\/wp\/v2\/pages"}],"about":[{"href":"https:\/\/blog.viscofandobrasil.com.br\/en\/wp-json\/wp\/v2\/types\/page"}],"author":[{"embeddable":true,"href":"https:\/\/blog.viscofandobrasil.com.br\/en\/wp-json\/wp\/v2\/users\/1"}],"replies":[{"embeddable":true,"href":"https:\/\/blog.viscofandobrasil.com.br\/en\/wp-json\/wp\/v2\/comments?post=392"}],"version-history":[{"count":27,"href":"https:\/\/blog.viscofandobrasil.com.br\/en\/wp-json\/wp\/v2\/pages\/392\/revisions"}],"predecessor-version":[{"id":2346,"href":"https:\/\/blog.viscofandobrasil.com.br\/en\/wp-json\/wp\/v2\/pages\/392\/revisions\/2346"}],"wp:attachment":[{"href":"https:\/\/blog.viscofandobrasil.com.br\/en\/wp-json\/wp\/v2\/media?parent=392"}],"curies":[{"name":"wp","href":"https:\/\/api.w.org\/{rel}","templated":true}]}}