{"id":305,"date":"2021-08-03T17:07:10","date_gmt":"2021-08-03T17:07:10","guid":{"rendered":"https:\/\/blog.viscofans.com.br\/?page_id=305"},"modified":"2022-04-01T14:27:43","modified_gmt":"2022-04-01T14:27:43","slug":"fibrosa","status":"publish","type":"page","link":"https:\/\/blog.viscofandobrasil.com.br\/en\/fibrosa\/","title":{"rendered":"Fibrosa"},"content":{"rendered":"<div class=\"vce-row-container\" data-vce-boxed-width=\"true\"><div class=\"vce-row vce-row--col-gap-30 vce-row-equal-height vce-row-content--top\" id=\"el-211a2992\" data-vce-do-apply=\"all el-211a2992\"><div class=\"vce-row-content\" data-vce-element-content=\"true\"><div class=\"vce-col vce-col--md-auto vce-col--xs-1 vce-col--xs-last vce-col--xs-first vce-col--sm-last vce-col--sm-first vce-col--md-last vce-col--lg-last vce-col--xl-last vce-col--md-first vce-col--lg-first vce-col--xl-first\" id=\"el-383ef1f9\"><div class=\"vce-col-inner\" data-vce-do-apply=\"border margin background  el-383ef1f9\"><div class=\"vce-col-content\" data-vce-element-content=\"true\" data-vce-do-apply=\"padding el-383ef1f9\"><div class=\"vce-row-container\" data-vce-boxed-width=\"true\"><div class=\"vce-row vce-row--col-gap-30 vce-row-equal-height vce-row-content--top\" id=\"el-12f9dd2d\" data-vce-do-apply=\"all el-12f9dd2d\"><div class=\"vce-row-content\" data-vce-element-content=\"true\"><div class=\"vce-col vce-col--md-auto vce-col--xs-1 vce-col--xs-last vce-col--xs-first vce-col--sm-last vce-col--sm-first vce-col--md-last vce-col--lg-last vce-col--xl-last vce-col--md-first vce-col--lg-first vce-col--xl-first\" id=\"el-346d1d57\"><div class=\"vce-col-inner\" data-vce-do-apply=\"border margin background  el-346d1d57\"><div class=\"vce-col-content\" data-vce-element-content=\"true\" data-vce-do-apply=\"padding el-346d1d57\"><div class=\"vce-text-block\"><div class=\"vce-text-block-wrapper vce\" id=\"el-a85b5215\" data-vce-do-apply=\"all el-a85b5215\"><h1>Fibrosa<\/h1><\/div><\/div><\/div><\/div><\/div><\/div><\/div><\/div><\/div><\/div><\/div><\/div><\/div><\/div><div class=\"vce-row-container\" data-vce-boxed-width=\"true\"><div class=\"vce-row vce-row--col-gap-30 vce-row-equal-height vce-row-content--top\" id=\"el-392b8998\" data-vce-do-apply=\"all el-392b8998\"><div class=\"vce-row-content\" data-vce-element-content=\"true\"><div class=\"vce-col vce-col--md-auto vce-col--xs-1 vce-col--xs-last vce-col--xs-first vce-col--sm-last vce-col--sm-first vce-col--md-first vce-col--lg-first vce-col--xl-first\" id=\"el-a2fa4b75\"><div class=\"vce-col-inner\" data-vce-do-apply=\"border margin background  el-a2fa4b75\"><div class=\"vce-col-content\" data-vce-element-content=\"true\" data-vce-do-apply=\"padding el-a2fa4b75\"><div class=\"vce-single-image-container vce-single-image--align-left\"><div class=\"vce vce-single-image-wrapper\" id=\"el-debc05fd\" data-vce-do-apply=\"all el-debc05fd\"><figure><div class=\"vce-single-image-figure-inner\" style=\"width: 600px;\"><div class=\"vce-single-image-inner vce-single-image--absolute\" style=\"width: 100%; padding-bottom: 80%;\"><img decoding=\"async\" class=\"vce-single-image\"  width=\"600\" height=\"480\" srcset=\"https:\/\/blog.viscofandobrasil.com.br\/wp-content\/uploads\/2022\/04\/FIBROSA-01-e1648822816155-320x256.jpg 320w,https:\/\/blog.viscofandobrasil.com.br\/wp-content\/uploads\/2022\/04\/FIBROSA-01-e1648822816155-480x384.jpg 480w,https:\/\/blog.viscofandobrasil.com.br\/wp-content\/uploads\/2022\/04\/FIBROSA-01-e1648822816155-600x480.jpg 600w\" src=\"https:\/\/blog.viscofandobrasil.com.br\/wp-content\/uploads\/2022\/04\/FIBROSA-01-e1648822816155-600x480.jpg\" data-img-src=\"https:\/\/blog.viscofandobrasil.com.br\/wp-content\/uploads\/2022\/04\/FIBROSA-01-e1648822816155.jpg\" alt=\"\" title=\"FIBROSA-01\" \/><\/div><\/div><figcaption hidden=\"\"><\/figcaption><\/figure><\/div><\/div><div class=\"vce-text-block\"><div class=\"vce-text-block-wrapper vce\" id=\"el-1cc9f482\" data-vce-do-apply=\"all el-1cc9f482\"><p style=\"text-align: center;\"><strong>Grande variedade de medidas&nbsp;<\/strong><\/p><p style=\"text-align: center;\">Diversos tamanhos dispon\u00edveis para um melhor ajuste do seu produto ao di\u00e2metro desejado. Aprimore a apar\u00eancia de seus produtos com a variedade de cores e \/ ou o uso de embalagens estampadas.<\/p><\/div><\/div><\/div><\/div><\/div><div class=\"vce-col vce-col--md-auto vce-col--xs-1 vce-col--xs-last vce-col--xs-first vce-col--sm-last vce-col--sm-first\" id=\"el-ac606205\"><div class=\"vce-col-inner\" data-vce-do-apply=\"border margin background  el-ac606205\"><div class=\"vce-col-content\" data-vce-element-content=\"true\" data-vce-do-apply=\"padding el-ac606205\"><div class=\"vce-single-image-container vce-single-image--align-left\"><div class=\"vce vce-single-image-wrapper\" id=\"el-67c1d20f\" data-vce-do-apply=\"all el-67c1d20f\"><figure><div class=\"vce-single-image-figure-inner\" style=\"width: 600px;\"><div class=\"vce-single-image-inner vce-single-image--absolute\" style=\"width: 100%; padding-bottom: 80%;\"><img decoding=\"async\" class=\"vce-single-image\"  width=\"600\" height=\"480\" srcset=\"https:\/\/blog.viscofandobrasil.com.br\/wp-content\/uploads\/2022\/04\/FIBROSA-02-e1648822855918-320x256.jpg 320w,https:\/\/blog.viscofandobrasil.com.br\/wp-content\/uploads\/2022\/04\/FIBROSA-02-e1648822855918-480x384.jpg 480w,https:\/\/blog.viscofandobrasil.com.br\/wp-content\/uploads\/2022\/04\/FIBROSA-02-e1648822855918-600x480.jpg 600w\" src=\"https:\/\/blog.viscofandobrasil.com.br\/wp-content\/uploads\/2022\/04\/FIBROSA-02-e1648822855918-600x480.jpg\" data-img-src=\"https:\/\/blog.viscofandobrasil.com.br\/wp-content\/uploads\/2022\/04\/FIBROSA-02-e1648822855918.jpg\" alt=\"\" title=\"FIBROSA-02\" \/><\/div><\/div><figcaption hidden=\"\"><\/figcaption><\/figure><\/div><\/div><div class=\"vce-text-block\"><div class=\"vce-text-block-wrapper vce\" id=\"el-75a85eb8\" data-vce-do-apply=\"all el-75a85eb8\"><p style=\"text-align: center;\"><b>Tecnologia de \u00faltima gera\u00e7\u00e3o<\/b><\/p><p style=\"text-align: center;\">Sticks que maximizam o comprimento do revestimento na ind\u00fastria (T-shirr Max), reduzindo o n\u00famero de trocas. Sticks com maior di\u00e2metro interno que permitem o uso de um tubo de embutimento maior, otimizando a sua produ\u00e7\u00e3o e a qualidade do produto.<\/p><\/div><\/div><\/div><\/div><\/div><div class=\"vce-col vce-col--md-auto vce-col--xs-1 vce-col--xs-last vce-col--xs-first vce-col--sm-last vce-col--sm-first vce-col--md-last vce-col--lg-last vce-col--xl-last\" id=\"el-921cbc56\"><div class=\"vce-col-inner\" data-vce-do-apply=\"border margin background  el-921cbc56\"><div class=\"vce-col-content\" data-vce-element-content=\"true\" data-vce-do-apply=\"padding el-921cbc56\"><div class=\"vce-single-image-container vce-single-image--align-left\"><div class=\"vce vce-single-image-wrapper\" id=\"el-5dffb6f8\" data-vce-do-apply=\"all el-5dffb6f8\"><figure><div class=\"vce-single-image-figure-inner\" style=\"width: 600px;\"><div class=\"vce-single-image-inner vce-single-image--absolute\" style=\"width: 100%; padding-bottom: 75%;\"><img decoding=\"async\" class=\"vce-single-image\"  width=\"600\" height=\"450\" srcset=\"https:\/\/blog.viscofandobrasil.com.br\/wp-content\/uploads\/2022\/04\/FIBROSA-03-e1648822971544-320x240.jpg 320w,https:\/\/blog.viscofandobrasil.com.br\/wp-content\/uploads\/2022\/04\/FIBROSA-03-e1648822971544-480x360.jpg 480w,https:\/\/blog.viscofandobrasil.com.br\/wp-content\/uploads\/2022\/04\/FIBROSA-03-e1648822971544-600x450.jpg 600w\" src=\"https:\/\/blog.viscofandobrasil.com.br\/wp-content\/uploads\/2022\/04\/FIBROSA-03-e1648822971544-600x450.jpg\" data-img-src=\"https:\/\/blog.viscofandobrasil.com.br\/wp-content\/uploads\/2022\/04\/FIBROSA-03-e1648822971544.jpg\" alt=\"\" title=\"FIBROSA-03\" \/><\/div><\/div><figcaption hidden=\"\"><\/figcaption><\/figure><\/div><\/div><div class=\"vce-text-block\"><div class=\"vce-text-block-wrapper vce\" id=\"el-a7c04b49\" data-vce-do-apply=\"all el-a7c04b49\"><p style=\"text-align: center;\"><strong>Alta resist\u00eancia e consist\u00eancia<\/strong><\/p><p style=\"text-align: center;\">Solu\u00e7\u00e3o extremamente resistente que permite que voc\u00ea utilize use todo o potencial do seu equipamento. Torne poss\u00edvel otimizar seu processo e obter maior produtividade.<\/p><\/div><\/div><\/div><\/div><\/div><\/div><\/div><\/div><div class=\"vce-row-container\" data-vce-boxed-width=\"true\"><div class=\"vce-row vce-row--col-gap-30 vce-row-equal-height vce-row-content--top\" id=\"el-53f762f2\" data-vce-do-apply=\"all el-53f762f2\"><div class=\"vce-row-content\" data-vce-element-content=\"true\"><div class=\"vce-col vce-col--md-auto vce-col--xs-1 vce-col--xs-last vce-col--xs-first vce-col--sm-last vce-col--sm-first vce-col--md-first vce-col--lg-first vce-col--xl-first\" id=\"el-02a9fe2f\"><div class=\"vce-col-inner\" data-vce-do-apply=\"border margin background  el-02a9fe2f\"><div class=\"vce-col-content\" data-vce-element-content=\"true\" data-vce-do-apply=\"padding el-02a9fe2f\"><div class=\"vce-single-image-container vce-single-image--align-left\"><div class=\"vce vce-single-image-wrapper\" id=\"el-8af0a30f\" data-vce-do-apply=\"all el-8af0a30f\"><figure><div class=\"vce-single-image-figure-inner\" style=\"width: 600px;\"><div class=\"vce-single-image-inner vce-single-image--absolute\" style=\"width: 100%; padding-bottom: 66.6667%;\"><img decoding=\"async\" class=\"vce-single-image\"  width=\"600\" height=\"400\" srcset=\"https:\/\/blog.viscofandobrasil.com.br\/wp-content\/uploads\/2022\/04\/FIBROSA-05-e1648823119842-320x213.jpg 320w,https:\/\/blog.viscofandobrasil.com.br\/wp-content\/uploads\/2022\/04\/FIBROSA-05-e1648823119842-480x320.jpg 480w,https:\/\/blog.viscofandobrasil.com.br\/wp-content\/uploads\/2022\/04\/FIBROSA-05-e1648823119842-600x400.jpg 600w\" src=\"https:\/\/blog.viscofandobrasil.com.br\/wp-content\/uploads\/2022\/04\/FIBROSA-05-e1648823119842-600x400.jpg\" data-img-src=\"https:\/\/blog.viscofandobrasil.com.br\/wp-content\/uploads\/2022\/04\/FIBROSA-05-e1648823119842.jpg\" alt=\"\" title=\"FIBROSA-05\" \/><\/div><\/div><figcaption hidden=\"\"><\/figcaption><\/figure><\/div><\/div><div class=\"vce-text-block\"><div class=\"vce-text-block-wrapper vce\" id=\"el-24e2454e\" data-vce-do-apply=\"all el-24e2454e\"><p style=\"text-align: center;\"><strong>Efici\u00eancia no acabamento<\/strong><\/p><p style=\"text-align: center;\">Materiais prontos para embutir (T-shirr e Redi-reel) que reduzem os tempos de produ\u00e7\u00e3o. Pe\u00e7as longas que maximizam a capacidade de suas c\u00e2maras. V\u00e1rios tipos de pr\u00e9-furos est\u00e3o dispon\u00edveis para ajud\u00e1-lo a remover o ar do produto.<\/p><\/div><\/div><\/div><\/div><\/div><div class=\"vce-col vce-col--md-auto vce-col--xs-1 vce-col--xs-last vce-col--xs-first vce-col--sm-last vce-col--sm-first\" id=\"el-9a9b950c\"><div class=\"vce-col-inner\" data-vce-do-apply=\"border margin background  el-9a9b950c\"><div class=\"vce-col-content\" data-vce-element-content=\"true\" data-vce-do-apply=\"padding el-9a9b950c\"><div class=\"vce-single-image-container vce-single-image--align-left\"><div class=\"vce vce-single-image-wrapper\" id=\"el-2aaa9810\" data-vce-do-apply=\"all el-2aaa9810\"><figure><div class=\"vce-single-image-figure-inner\" style=\"width: 300px;\"><div class=\"vce-single-image-inner vce-single-image--absolute\" style=\"width: 100%; padding-bottom: 66.6667%;\"><img decoding=\"async\" class=\"vce-single-image\"  width=\"300\" height=\"200\" srcset=\"https:\/\/blog.viscofandobrasil.com.br\/wp-content\/uploads\/2022\/04\/FIBROSA-04-e1648823016405-320x213.jpg 320w,https:\/\/blog.viscofandobrasil.com.br\/wp-content\/uploads\/2022\/04\/FIBROSA-04-e1648823016405-480x320.jpg 480w,https:\/\/blog.viscofandobrasil.com.br\/wp-content\/uploads\/2022\/04\/FIBROSA-04-e1648823016405-800x533.jpg 800w,https:\/\/blog.viscofandobrasil.com.br\/wp-content\/uploads\/2022\/04\/FIBROSA-04-e1648823016405-300x200.jpg 300w,https:\/\/blog.viscofandobrasil.com.br\/wp-content\/uploads\/2022\/04\/FIBROSA-04-e1648823016405-600x400.jpg 2x\" src=\"https:\/\/blog.viscofandobrasil.com.br\/wp-content\/uploads\/2022\/04\/FIBROSA-04-e1648823016405-300x200.jpg\" data-img-src=\"https:\/\/blog.viscofandobrasil.com.br\/wp-content\/uploads\/2022\/04\/FIBROSA-04-e1648823016405.jpg\" alt=\"\" title=\"FIBROSA-04\" \/><\/div><\/div><figcaption hidden=\"\"><\/figcaption><\/figure><\/div><\/div><div class=\"vce-text-block\"><div class=\"vce-text-block-wrapper vce\" id=\"el-de2fbdf6\" data-vce-do-apply=\"all el-de2fbdf6\"><div class=\"TituloProductosMercado\" style=\"text-align: center;\"><strong>Grande variedade de cores<\/strong><\/div><div>&nbsp;<\/div><div style=\"text-align: center;\">Aprimore seus produtos com as v\u00e1rias cores e \/ ou com a impress\u00e3o. Al\u00e9m disso, existem v\u00e1rios tamanhos dispon\u00edveis para melhor ajustar o seu produto ao di\u00e2metro necess\u00e1rio.<\/div><\/div><\/div><div class=\"vce-text-block\"><div class=\"vce-text-block-wrapper vce\" id=\"el-c98cb28e\" data-vce-do-apply=\"all el-c98cb28e\"><\/div><\/div><\/div><\/div><\/div><div class=\"vce-col vce-col--md-auto vce-col--xs-1 vce-col--xs-last vce-col--xs-first vce-col--sm-last vce-col--sm-first vce-col--md-last vce-col--lg-last vce-col--xl-last\" id=\"el-a65cdeb4\"><div class=\"vce-col-inner\" data-vce-do-apply=\"border margin background  el-a65cdeb4\"><div class=\"vce-col-content\" data-vce-element-content=\"true\" data-vce-do-apply=\"padding el-a65cdeb4\"><div class=\"vce-single-image-container vce-single-image--align-left\"><div class=\"vce vce-single-image-wrapper\" id=\"el-657c6206\" data-vce-do-apply=\"all el-657c6206\"><figure><div class=\"vce-single-image-figure-inner\" style=\"width: 300px;\"><div class=\"vce-single-image-inner vce-single-image--absolute\" style=\"width: 100%; padding-bottom: 66.6667%;\"><img decoding=\"async\" class=\"vce-single-image\"  width=\"300\" height=\"200\" srcset=\"https:\/\/blog.viscofandobrasil.com.br\/wp-content\/uploads\/2022\/04\/FIBROSA-06-e1648823234107-320x213.jpg 320w,https:\/\/blog.viscofandobrasil.com.br\/wp-content\/uploads\/2022\/04\/FIBROSA-06-e1648823234107-480x320.jpg 480w,https:\/\/blog.viscofandobrasil.com.br\/wp-content\/uploads\/2022\/04\/FIBROSA-06-e1648823234107-800x533.jpg 800w,https:\/\/blog.viscofandobrasil.com.br\/wp-content\/uploads\/2022\/04\/FIBROSA-06-e1648823234107-300x200.jpg 300w,https:\/\/blog.viscofandobrasil.com.br\/wp-content\/uploads\/2022\/04\/FIBROSA-06-e1648823234107-600x400.jpg 2x\" src=\"https:\/\/blog.viscofandobrasil.com.br\/wp-content\/uploads\/2022\/04\/FIBROSA-06-e1648823234107-300x200.jpg\" data-img-src=\"https:\/\/blog.viscofandobrasil.com.br\/wp-content\/uploads\/2022\/04\/FIBROSA-06-e1648823234107.jpg\" alt=\"\" title=\"FIBROSA-06\" \/><\/div><\/div><figcaption hidden=\"\"><\/figcaption><\/figure><\/div><\/div><div class=\"vce-text-block\"><div class=\"vce-text-block-wrapper vce\" id=\"el-c505ba7a\" data-vce-do-apply=\"all el-c505ba7a\"><p class=\"Titulo\" style=\"text-align: center;\"><strong>Linha cl\u00e1ssica&nbsp;<\/strong><\/p><p style=\"text-align: center;\">Oferecemos solu\u00e7\u00f5es completas para todas as demandas da produ\u00e7\u00e3o moderna de embutidos. Nossos inv\u00f3lucros fibrosos d\u00e3o ao seu produto acabado uma apar\u00eancia natural, um calibre uniforme e excelente depelagem.<\/p><\/div><\/div><\/div><\/div><\/div><\/div><\/div><\/div><div class=\"vce-row-container\" data-vce-boxed-width=\"true\"><div class=\"vce-row vce-row--col-gap-30 vce-row-equal-height vce-row-content--top\" id=\"el-5a6d3c80\" data-vce-do-apply=\"all el-5a6d3c80\"><div class=\"vce-row-content\" data-vce-element-content=\"true\"><div class=\"vce-col vce-col--md-auto vce-col--xs-1 vce-col--xs-last vce-col--xs-first vce-col--sm-last vce-col--sm-first vce-col--md-last vce-col--lg-last vce-col--xl-last vce-col--md-first vce-col--lg-first vce-col--xl-first\" id=\"el-6c6bbf47\"><div class=\"vce-col-inner\" data-vce-do-apply=\"border margin background  el-6c6bbf47\"><div class=\"vce-col-content\" data-vce-element-content=\"true\" data-vce-do-apply=\"padding el-6c6bbf47\"><div class=\"vce-button--style-basic-container vce-button--style-basic-container--align-left\"><span class=\"vce-button--style-basic-wrapper vce\" id=\"el-3499f565\" data-vce-do-apply=\"margin el-3499f565\"><a class=\"vce-button vce-button--style-basic vce-button--style-basic--border-round vce-button--style-basic--size-medium vce-button--style-basic--color-b-246-114-0--fff\" href=\"https:\/\/blog.viscofandobrasil.com.br\/\" title=\"\" data-vce-do-apply=\"padding border background  el-3499f565\">Voltar P\u00e1gina<\/a><\/span><\/div><\/div><\/div><\/div><\/div><\/div><\/div>","protected":false},"excerpt":{"rendered":"<p> [&#8230;]<\/p>\n<p><a class=\"btn btn-primary rockcontent-read-more-link\" href=\"https:\/\/blog.viscofandobrasil.com.br\/en\/fibrosa\/\">Read More&#8230;<\/a><\/p>\n","protected":false},"author":1,"featured_media":0,"parent":0,"menu_order":0,"comment_status":"closed","ping_status":"closed","template":"","meta":{"footnotes":""},"class_list":["post-305","page","type-page","status-publish","hentry"],"yoast_head":"<!-- This site is optimized with the Yoast SEO plugin v21.2 - https:\/\/yoast.com\/wordpress\/plugins\/seo\/ -->\n<title>Fibrosa - Blog Viscofan<\/title>\n<meta name=\"robots\" content=\"index, follow, max-snippet:-1, max-image-preview:large, max-video-preview:-1\" \/>\n<link rel=\"canonical\" href=\"https:\/\/blog.viscofandobrasil.com.br\/en\/fibrosa\/\" \/>\n<meta property=\"og:locale\" content=\"en_US\" \/>\n<meta property=\"og:type\" content=\"article\" \/>\n<meta property=\"og:title\" content=\"Fibrosa - Blog Viscofan\" \/>\n<meta property=\"og:description\" content=\"[...]Read More...\" \/>\n<meta property=\"og:url\" content=\"https:\/\/blog.viscofandobrasil.com.br\/fibrosa\/\" \/>\n<meta property=\"og:site_name\" content=\"Blog Viscofan\" \/>\n<meta property=\"article:modified_time\" content=\"2022-04-01T14:27:43+00:00\" \/>\n<meta name=\"twitter:card\" content=\"summary_large_image\" \/>\n<meta name=\"twitter:label1\" content=\"Est. reading time\" \/>\n\t<meta name=\"twitter:data1\" content=\"1 minute\" \/>\n<script type=\"application\/ld+json\" class=\"yoast-schema-graph\">{\"@context\":\"https:\/\/schema.org\",\"@graph\":[{\"@type\":\"WebPage\",\"@id\":\"https:\/\/blog.viscofandobrasil.com.br\/fibrosa\/\",\"url\":\"https:\/\/blog.viscofandobrasil.com.br\/fibrosa\/\",\"name\":\"Fibrosa - Blog Viscofan\",\"isPartOf\":{\"@id\":\"https:\/\/blog.viscofandobrasil.com.br\/#website\"},\"datePublished\":\"2021-08-03T17:07:10+00:00\",\"dateModified\":\"2022-04-01T14:27:43+00:00\",\"breadcrumb\":{\"@id\":\"https:\/\/blog.viscofandobrasil.com.br\/fibrosa\/#breadcrumb\"},\"inLanguage\":\"en-US\",\"potentialAction\":[{\"@type\":\"ReadAction\",\"target\":[\"https:\/\/blog.viscofandobrasil.com.br\/fibrosa\/\"]}]},{\"@type\":\"BreadcrumbList\",\"@id\":\"https:\/\/blog.viscofandobrasil.com.br\/fibrosa\/#breadcrumb\",\"itemListElement\":[{\"@type\":\"ListItem\",\"position\":1,\"name\":\"In\u00edcio\",\"item\":\"https:\/\/blog.viscofandobrasil.com.br\/\"},{\"@type\":\"ListItem\",\"position\":2,\"name\":\"Fibrosa\"}]},{\"@type\":\"WebSite\",\"@id\":\"https:\/\/blog.viscofandobrasil.com.br\/#website\",\"url\":\"https:\/\/blog.viscofandobrasil.com.br\/\",\"name\":\"Blog Viscofan\",\"description\":\"\",\"publisher\":{\"@id\":\"https:\/\/blog.viscofandobrasil.com.br\/#organization\"},\"potentialAction\":[{\"@type\":\"SearchAction\",\"target\":{\"@type\":\"EntryPoint\",\"urlTemplate\":\"https:\/\/blog.viscofandobrasil.com.br\/?s={search_term_string}\"},\"query-input\":\"required name=search_term_string\"}],\"inLanguage\":\"en-US\"},{\"@type\":\"Organization\",\"@id\":\"https:\/\/blog.viscofandobrasil.com.br\/#organization\",\"name\":\"Blog Viscofan\",\"url\":\"https:\/\/blog.viscofandobrasil.com.br\/\",\"logo\":{\"@type\":\"ImageObject\",\"inLanguage\":\"en-US\",\"@id\":\"https:\/\/blog.viscofandobrasil.com.br\/#\/schema\/logo\/image\/\",\"url\":\"https:\/\/blog.viscofandobrasil.com.br\/wp-content\/uploads\/2022\/03\/cropped-novo-logo-viscofan-1.jpg\",\"contentUrl\":\"https:\/\/blog.viscofandobrasil.com.br\/wp-content\/uploads\/2022\/03\/cropped-novo-logo-viscofan-1.jpg\",\"width\":1000,\"height\":250,\"caption\":\"Blog Viscofan\"},\"image\":{\"@id\":\"https:\/\/blog.viscofandobrasil.com.br\/#\/schema\/logo\/image\/\"}}]}<\/script>\n<!-- \/ Yoast SEO plugin. -->","yoast_head_json":{"title":"Fibrosa - Blog Viscofan","robots":{"index":"index","follow":"follow","max-snippet":"max-snippet:-1","max-image-preview":"max-image-preview:large","max-video-preview":"max-video-preview:-1"},"canonical":"https:\/\/blog.viscofandobrasil.com.br\/en\/fibrosa\/","og_locale":"en_US","og_type":"article","og_title":"Fibrosa - Blog Viscofan","og_description":"[...]Read More...","og_url":"https:\/\/blog.viscofandobrasil.com.br\/fibrosa\/","og_site_name":"Blog Viscofan","article_modified_time":"2022-04-01T14:27:43+00:00","twitter_card":"summary_large_image","twitter_misc":{"Est. reading time":"1 minute"},"schema":{"@context":"https:\/\/schema.org","@graph":[{"@type":"WebPage","@id":"https:\/\/blog.viscofandobrasil.com.br\/fibrosa\/","url":"https:\/\/blog.viscofandobrasil.com.br\/fibrosa\/","name":"Fibrosa - Blog Viscofan","isPartOf":{"@id":"https:\/\/blog.viscofandobrasil.com.br\/#website"},"datePublished":"2021-08-03T17:07:10+00:00","dateModified":"2022-04-01T14:27:43+00:00","breadcrumb":{"@id":"https:\/\/blog.viscofandobrasil.com.br\/fibrosa\/#breadcrumb"},"inLanguage":"en-US","potentialAction":[{"@type":"ReadAction","target":["https:\/\/blog.viscofandobrasil.com.br\/fibrosa\/"]}]},{"@type":"BreadcrumbList","@id":"https:\/\/blog.viscofandobrasil.com.br\/fibrosa\/#breadcrumb","itemListElement":[{"@type":"ListItem","position":1,"name":"In\u00edcio","item":"https:\/\/blog.viscofandobrasil.com.br\/"},{"@type":"ListItem","position":2,"name":"Fibrosa"}]},{"@type":"WebSite","@id":"https:\/\/blog.viscofandobrasil.com.br\/#website","url":"https:\/\/blog.viscofandobrasil.com.br\/","name":"Blog Viscofan","description":"","publisher":{"@id":"https:\/\/blog.viscofandobrasil.com.br\/#organization"},"potentialAction":[{"@type":"SearchAction","target":{"@type":"EntryPoint","urlTemplate":"https:\/\/blog.viscofandobrasil.com.br\/?s={search_term_string}"},"query-input":"required name=search_term_string"}],"inLanguage":"en-US"},{"@type":"Organization","@id":"https:\/\/blog.viscofandobrasil.com.br\/#organization","name":"Blog Viscofan","url":"https:\/\/blog.viscofandobrasil.com.br\/","logo":{"@type":"ImageObject","inLanguage":"en-US","@id":"https:\/\/blog.viscofandobrasil.com.br\/#\/schema\/logo\/image\/","url":"https:\/\/blog.viscofandobrasil.com.br\/wp-content\/uploads\/2022\/03\/cropped-novo-logo-viscofan-1.jpg","contentUrl":"https:\/\/blog.viscofandobrasil.com.br\/wp-content\/uploads\/2022\/03\/cropped-novo-logo-viscofan-1.jpg","width":1000,"height":250,"caption":"Blog Viscofan"},"image":{"@id":"https:\/\/blog.viscofandobrasil.com.br\/#\/schema\/logo\/image\/"}}]}},"_links":{"self":[{"href":"https:\/\/blog.viscofandobrasil.com.br\/en\/wp-json\/wp\/v2\/pages\/305","targetHints":{"allow":["GET"]}}],"collection":[{"href":"https:\/\/blog.viscofandobrasil.com.br\/en\/wp-json\/wp\/v2\/pages"}],"about":[{"href":"https:\/\/blog.viscofandobrasil.com.br\/en\/wp-json\/wp\/v2\/types\/page"}],"author":[{"embeddable":true,"href":"https:\/\/blog.viscofandobrasil.com.br\/en\/wp-json\/wp\/v2\/users\/1"}],"replies":[{"embeddable":true,"href":"https:\/\/blog.viscofandobrasil.com.br\/en\/wp-json\/wp\/v2\/comments?post=305"}],"version-history":[{"count":37,"href":"https:\/\/blog.viscofandobrasil.com.br\/en\/wp-json\/wp\/v2\/pages\/305\/revisions"}],"predecessor-version":[{"id":2048,"href":"https:\/\/blog.viscofandobrasil.com.br\/en\/wp-json\/wp\/v2\/pages\/305\/revisions\/2048"}],"wp:attachment":[{"href":"https:\/\/blog.viscofandobrasil.com.br\/en\/wp-json\/wp\/v2\/media?parent=305"}],"curies":[{"name":"wp","href":"https:\/\/api.w.org\/{rel}","templated":true}]}}