{"id":281,"date":"2021-08-03T16:26:02","date_gmt":"2021-08-03T16:26:02","guid":{"rendered":"https:\/\/blog.viscofans.com.br\/?page_id=281"},"modified":"2023-05-29T13:05:07","modified_gmt":"2023-05-29T13:05:07","slug":"campanhas","status":"publish","type":"page","link":"https:\/\/blog.viscofandobrasil.com.br\/en\/campanhas\/","title":{"rendered":"Campanhas"},"content":{"rendered":"<div class=\"vce-row-container\" data-vce-boxed-width=\"true\"><div class=\"vce-row vce-row--col-gap-30 vce-row-equal-height vce-row-content--top\" id=\"el-2ed37de9\" data-vce-do-apply=\"all el-2ed37de9\"><div class=\"vce-row-content\" data-vce-element-content=\"true\"><div class=\"vce-col vce-col--md-auto vce-col--xs-1 vce-col--xs-last vce-col--xs-first vce-col--sm-last vce-col--sm-first vce-col--md-last vce-col--lg-last vce-col--xl-last vce-col--md-first vce-col--lg-first vce-col--xl-first\" id=\"el-dddd5ad3\"><div class=\"vce-col-inner\" data-vce-do-apply=\"border margin background  el-dddd5ad3\"><div class=\"vce-col-content\" data-vce-element-content=\"true\" data-vce-do-apply=\"padding el-dddd5ad3\"><div class=\"vce-text-block\"><div class=\"vce-text-block-wrapper vce\" id=\"el-550d4469\" data-vce-do-apply=\"all el-550d4469\"><h1>Campanhas<\/h1><\/div><\/div><\/div><\/div><\/div><\/div><\/div><\/div><div class=\"vce-row-container\" data-vce-boxed-width=\"true\"><div class=\"vce-row vce-row--col-gap-30 vce-row-equal-height vce-row-content--top\" id=\"el-92fa43ad\" data-vce-do-apply=\"all el-92fa43ad\"><div class=\"vce-row-content\" data-vce-element-content=\"true\"><div class=\"vce-col vce-col--md-auto vce-col--xs-1 vce-col--xs-last vce-col--xs-first vce-col--sm-last vce-col--sm-first vce-col--md-first vce-col--lg-first vce-col--xl-first\" id=\"el-55955be7\"><div class=\"vce-col-inner\" data-vce-do-apply=\"border margin background  el-55955be7\"><div class=\"vce-col-content\" data-vce-element-content=\"true\" data-vce-do-apply=\"padding el-55955be7\"><div class=\"vce-single-image-container vce-single-image--align-left\"><div class=\"vce vce-single-image-wrapper\" id=\"el-ac3c2913\" data-vce-do-apply=\"all el-ac3c2913\" data-vce-animate=\"vce-o-animate--fadeInLeft\"><figure><div class=\"vce-single-image-figure-inner\" style=\"width: 500px;\"><a href=\"https:\/\/youtu.be\/pbn0nQ3Qe58\" title=\"\" class=\"vce-single-image-inner vce-single-image--absolute\" style=\"width: 100%; padding-bottom: 100%;\" target=\"_blank\" rel=\"noopener\"><img decoding=\"async\" class=\"vce-single-image\"  width=\"500\" height=\"500\" srcset=\"https:\/\/blog.viscofandobrasil.com.br\/wp-content\/uploads\/2021\/11\/DIA-DO-HAMBURGER-500x450.jpg 500w, https:\/\/blog.viscofandobrasil.com.br\/wp-content\/uploads\/2023\/05\/DIA-DO-HAMBURGER-320x320.jpg 320w, https:\/\/blog.viscofandobrasil.com.br\/wp-content\/uploads\/2023\/05\/DIA-DO-HAMBURGER-480x480.jpg 480w\" src=\"https:\/\/blog.viscofandobrasil.com.br\/wp-content\/uploads\/2021\/11\/DIA-DO-HAMBURGER-500x450.jpg\" data-img-src=\"https:\/\/blog.viscofandobrasil.com.br\/wp-content\/uploads\/2021\/11\/DIA-DO-HAMBURGER.jpg\" data-attachment-id=\"1035\"  alt=\"\" title=\"DIA-DO-HAMBURGER\" \/><\/a><\/div><figcaption hidden=\"\"><\/figcaption><\/figure><\/div><\/div><\/div><\/div><\/div><div class=\"vce-col vce-col--md-auto vce-col--xs-1 vce-col--xs-last vce-col--xs-first vce-col--sm-last vce-col--sm-first\" id=\"el-207afde5\"><div class=\"vce-col-inner\" data-vce-do-apply=\"border margin background  el-207afde5\"><div class=\"vce-col-content\" data-vce-element-content=\"true\" data-vce-do-apply=\"padding el-207afde5\"><div class=\"vce-single-image-container vce-single-image--align-left\"><div class=\"vce vce-single-image-wrapper\" id=\"el-12f5eb9d\" data-vce-do-apply=\"all el-12f5eb9d\" data-vce-animate=\"vce-o-animate--fadeInLeft\"><figure><div class=\"vce-single-image-figure-inner\" style=\"width: 500px;\"><a href=\"https:\/\/blog.viscofandobrasil.com.br\/semana-da-linguica\/\" title=\"\" class=\"vce-single-image-inner vce-single-image--absolute\" style=\"width: 100%; padding-bottom: 100%;\"><img decoding=\"async\" class=\"vce-single-image\"  width=\"500\" height=\"500\" srcset=\"https:\/\/blog.viscofandobrasil.com.br\/wp-content\/uploads\/2021\/11\/SEMANA-DA-LINGUICA-500x450.jpg 500w, https:\/\/blog.viscofandobrasil.com.br\/wp-content\/uploads\/2023\/05\/SEMANA-DA-LINGUICA-320x320.jpg 320w, https:\/\/blog.viscofandobrasil.com.br\/wp-content\/uploads\/2023\/05\/SEMANA-DA-LINGUICA-480x480.jpg 480w\" src=\"https:\/\/blog.viscofandobrasil.com.br\/wp-content\/uploads\/2021\/11\/SEMANA-DA-LINGUICA-500x450.jpg\" data-img-src=\"https:\/\/blog.viscofandobrasil.com.br\/wp-content\/uploads\/2021\/11\/SEMANA-DA-LINGUICA.jpg\" data-attachment-id=\"1036\"  alt=\"\" title=\"SEMANA-DA-LINGUI\u00c7A\" \/><\/a><\/div><figcaption hidden=\"\"><\/figcaption><\/figure><\/div><\/div><\/div><\/div><\/div><div class=\"vce-col vce-col--md-auto vce-col--xs-1 vce-col--xs-last vce-col--xs-first vce-col--sm-last vce-col--sm-first vce-col--md-last vce-col--lg-last vce-col--xl-last\" id=\"el-9e5ae985\"><div class=\"vce-col-inner\" data-vce-do-apply=\"border margin background  el-9e5ae985\"><div class=\"vce-col-content\" data-vce-element-content=\"true\" data-vce-do-apply=\"padding el-9e5ae985\"><div class=\"vce-single-image-container vce-single-image--align-left\"><div class=\"vce vce-single-image-wrapper\" id=\"el-a44ace04\" data-vce-do-apply=\"all el-a44ace04\" data-vce-animate=\"vce-o-animate--fadeInLeft\"><figure><div class=\"vce-single-image-figure-inner\" style=\"width: 500px;\"><a href=\"https:\/\/blog.viscofandobrasil.com.br\/dia-nacional-do-churrasco\/\" title=\"\" class=\"vce-single-image-inner vce-single-image--absolute\" style=\"width: 100%; padding-bottom: 100%;\"><img decoding=\"async\" class=\"vce-single-image\"  width=\"500\" height=\"500\" srcset=\"https:\/\/blog.viscofandobrasil.com.br\/wp-content\/uploads\/2021\/11\/DIA-DO-CHURRASCO-500x450.jpg 500w, https:\/\/blog.viscofandobrasil.com.br\/wp-content\/uploads\/2023\/05\/DIA-DO-CHURRASCO-320x320.jpg 320w, https:\/\/blog.viscofandobrasil.com.br\/wp-content\/uploads\/2023\/05\/DIA-DO-CHURRASCO-480x480.jpg 480w\" src=\"https:\/\/blog.viscofandobrasil.com.br\/wp-content\/uploads\/2021\/11\/DIA-DO-CHURRASCO-500x450.jpg\" data-img-src=\"https:\/\/blog.viscofandobrasil.com.br\/wp-content\/uploads\/2021\/11\/DIA-DO-CHURRASCO.jpg\" data-attachment-id=\"1037\"  alt=\"\" title=\"DIA-DO-CHURRASCO\" \/><\/a><\/div><figcaption hidden=\"\"><\/figcaption><\/figure><\/div><\/div><\/div><\/div><\/div><\/div><\/div><\/div><div class=\"vce-row-container\" data-vce-boxed-width=\"true\"><div class=\"vce-row vce-row--col-gap-30 vce-row-equal-height vce-row-content--top\" id=\"el-08eeb7d5\" data-vce-do-apply=\"all el-08eeb7d5\"><div class=\"vce-row-content\" data-vce-element-content=\"true\"><div class=\"vce-col vce-col--md-auto vce-col--xs-1 vce-col--xs-last vce-col--xs-first vce-col--sm-last vce-col--sm-first vce-col--md-first vce-col--lg-first vce-col--xl-first\" id=\"el-d6746eb4\"><div class=\"vce-col-inner\" data-vce-do-apply=\"border margin background  el-d6746eb4\"><div class=\"vce-col-content\" data-vce-element-content=\"true\" data-vce-do-apply=\"padding el-d6746eb4\"><div class=\"vce-text-block\"><div class=\"vce-text-block-wrapper vce\" id=\"el-b0671406\" data-vce-do-apply=\"all el-b0671406\"><p class=\"entry-title\"><a href=\"https:\/\/youtu.be\/pbn0nQ3Qe58\" rel=\"noopener\">Dia do hamb\u00farguer... Saiba Mais<\/a><\/p><\/div><\/div><\/div><\/div><\/div><div class=\"vce-col vce-col--md-auto vce-col--xs-1 vce-col--xs-last vce-col--xs-first vce-col--sm-last vce-col--sm-first\" id=\"el-0c9958b1\"><div class=\"vce-col-inner\" data-vce-do-apply=\"border margin background  el-0c9958b1\"><div class=\"vce-col-content\" data-vce-element-content=\"true\" data-vce-do-apply=\"padding el-0c9958b1\"><div class=\"vce-text-block\"><div class=\"vce-text-block-wrapper vce\" id=\"el-4b5adab2\" data-vce-do-apply=\"all el-4b5adab2\"><p><a href=\"https:\/\/blog.viscofandobrasil.com.br\/semana-da-linguica\/\" rel=\"noopener\">Semana da Lingui\u00e7a... Saiba Mais<\/a><\/p><\/div><\/div><\/div><\/div><\/div><div class=\"vce-col vce-col--md-auto vce-col--xs-1 vce-col--xs-last vce-col--xs-first vce-col--sm-last vce-col--sm-first vce-col--md-last vce-col--lg-last vce-col--xl-last\" id=\"el-6bf023b7\"><div class=\"vce-col-inner\" data-vce-do-apply=\"border margin background  el-6bf023b7\"><div class=\"vce-col-content\" data-vce-element-content=\"true\" data-vce-do-apply=\"padding el-6bf023b7\"><div class=\"vce-text-block\"><div class=\"vce-text-block-wrapper vce\" id=\"el-336ebe09\" data-vce-do-apply=\"all el-336ebe09\"><p class=\"entry-title\"><a href=\"..\/dia-nacional-do-churrasco\/\" rel=\"noopener\">Dia nacional do churrasco... Saiba Mais<\/a><\/p><\/div><\/div><\/div><\/div><\/div><\/div><\/div><\/div><div class=\"vce-row-container\" data-vce-boxed-width=\"true\"><div class=\"vce-row vce-row--col-gap-30 vce-row-equal-height vce-row-content--top\" id=\"el-e79fdd9a\" data-vce-do-apply=\"all el-e79fdd9a\"><div class=\"vce-row-content\" data-vce-element-content=\"true\"><div class=\"vce-col vce-col--md-auto vce-col--xs-1 vce-col--xs-last vce-col--xs-first vce-col--sm-last vce-col--sm-first vce-col--md-first vce-col--lg-first vce-col--xl-first\" id=\"el-0f596739\"><div class=\"vce-col-inner\" data-vce-do-apply=\"border margin background  el-0f596739\"><div class=\"vce-col-content\" data-vce-element-content=\"true\" data-vce-do-apply=\"padding el-0f596739\"><div class=\"vce-single-image-container vce-single-image--align-left\"><div class=\"vce vce-single-image-wrapper\" id=\"el-666e807b\" data-vce-do-apply=\"all el-666e807b\"><figure><div class=\"vce-single-image-figure-inner\" style=\"width: 500px;\"><a href=\"https:\/\/blog.viscofandobrasil.com.br\/hoje-e-o-dia-da-gastronomia-sustentavel\/\" title=\"\" class=\"vce-single-image-inner vce-single-image--absolute\" style=\"width: 100%; padding-bottom: 100%;\"><img decoding=\"async\" class=\"vce-single-image\"  width=\"500\" height=\"500\" srcset=\"https:\/\/blog.viscofandobrasil.com.br\/wp-content\/uploads\/2021\/11\/DIA-DA-GASTRONOMIA-SUSTENTAVEL-500x450.jpg 500w, https:\/\/blog.viscofandobrasil.com.br\/wp-content\/uploads\/2023\/05\/DIA-DA-GASTRONOMIA-SUSTENTAVEL-320x320.jpg 320w, https:\/\/blog.viscofandobrasil.com.br\/wp-content\/uploads\/2023\/05\/DIA-DA-GASTRONOMIA-SUSTENTAVEL-480x480.jpg 480w\" src=\"https:\/\/blog.viscofandobrasil.com.br\/wp-content\/uploads\/2021\/11\/DIA-DA-GASTRONOMIA-SUSTENTAVEL-500x450.jpg\" data-img-src=\"https:\/\/blog.viscofandobrasil.com.br\/wp-content\/uploads\/2021\/11\/DIA-DA-GASTRONOMIA-SUSTENTAVEL.jpg\" data-attachment-id=\"1038\"  alt=\"\" title=\"DIA-DA-GASTRONOMIA-SUSTENT\u00c1VEL\" \/><\/a><\/div><figcaption hidden=\"\"><\/figcaption><\/figure><\/div><\/div><\/div><\/div><\/div><div class=\"vce-col vce-col--md-auto vce-col--xs-1 vce-col--xs-last vce-col--xs-first vce-col--sm-last vce-col--sm-first\" id=\"el-47ffdea3\"><div class=\"vce-col-inner\" data-vce-do-apply=\"border margin background  el-47ffdea3\"><div class=\"vce-col-content\" data-vce-element-content=\"true\" data-vce-do-apply=\"padding el-47ffdea3\"><div class=\"vce-single-image-container vce-single-image--align-left\"><div class=\"vce vce-single-image-wrapper\" id=\"el-861b596a\" data-vce-do-apply=\"all el-861b596a\"><figure><div class=\"vce-single-image-figure-inner\" style=\"width: 500px;\"><a href=\"https:\/\/blog.viscofandobrasil.com.br\/linha-efan\/\" title=\"\" class=\"vce-single-image-inner vce-single-image--absolute\" style=\"width: 100%; padding-bottom: 100%;\"><img decoding=\"async\" class=\"vce-single-image\"  width=\"500\" height=\"500\" srcset=\"https:\/\/blog.viscofandobrasil.com.br\/wp-content\/uploads\/2021\/11\/DIA-DA-ECOLOGIA-500x450.jpg 500w, https:\/\/blog.viscofandobrasil.com.br\/wp-content\/uploads\/2023\/05\/DIA-DA-ECOLOGIA-320x320.jpg 320w, https:\/\/blog.viscofandobrasil.com.br\/wp-content\/uploads\/2023\/05\/DIA-DA-ECOLOGIA-480x480.jpg 480w\" src=\"https:\/\/blog.viscofandobrasil.com.br\/wp-content\/uploads\/2021\/11\/DIA-DA-ECOLOGIA-500x450.jpg\" data-img-src=\"https:\/\/blog.viscofandobrasil.com.br\/wp-content\/uploads\/2021\/11\/DIA-DA-ECOLOGIA.jpg\" data-attachment-id=\"1039\"  alt=\"\" title=\"DIA-DA-ECOLOGIA\" \/><\/a><\/div><figcaption hidden=\"\"><\/figcaption><\/figure><\/div><\/div><\/div><\/div><\/div><div class=\"vce-col vce-col--md-auto vce-col--xs-1 vce-col--xs-last vce-col--xs-first vce-col--sm-last vce-col--sm-first vce-col--md-last vce-col--lg-last vce-col--xl-last\" id=\"el-8f23fbc8\"><div class=\"vce-col-inner\" data-vce-do-apply=\"border margin background  el-8f23fbc8\"><div class=\"vce-col-content\" data-vce-element-content=\"true\" data-vce-do-apply=\"padding el-8f23fbc8\"><div class=\"vce-single-image-container vce-single-image--align-left\"><div class=\"vce vce-single-image-wrapper\" id=\"el-04c45b62\" data-vce-do-apply=\"all el-04c45b62\"><figure><div class=\"vce-single-image-figure-inner\" style=\"width: 500px;\"><a href=\"https:\/\/blog.viscofandobrasil.com.br\/chefe-de-cozinha\/\" title=\"\" class=\"vce-single-image-inner vce-single-image--absolute\" style=\"width: 100%; padding-bottom: 100%;\"><img decoding=\"async\" class=\"vce-single-image\"  width=\"500\" height=\"500\" srcset=\"https:\/\/blog.viscofandobrasil.com.br\/wp-content\/uploads\/2021\/11\/DIA-DO-CHEFE-DE-COZINHA-500x450.jpg 500w, https:\/\/blog.viscofandobrasil.com.br\/wp-content\/uploads\/2023\/05\/DIA-DO-CHEFE-DE-COZINHA-320x320.jpg 320w, https:\/\/blog.viscofandobrasil.com.br\/wp-content\/uploads\/2023\/05\/DIA-DO-CHEFE-DE-COZINHA-480x480.jpg 480w\" src=\"https:\/\/blog.viscofandobrasil.com.br\/wp-content\/uploads\/2021\/11\/DIA-DO-CHEFE-DE-COZINHA-500x450.jpg\" data-img-src=\"https:\/\/blog.viscofandobrasil.com.br\/wp-content\/uploads\/2021\/11\/DIA-DO-CHEFE-DE-COZINHA.jpg\" data-attachment-id=\"1040\"  alt=\"\" title=\"DIA-DO-CHEFE-DE-COZINHA\" \/><\/a><\/div><figcaption hidden=\"\"><\/figcaption><\/figure><\/div><\/div><\/div><\/div><\/div><\/div><\/div><\/div><div class=\"vce-row-container\" data-vce-boxed-width=\"true\"><div class=\"vce-row vce-row--col-gap-30 vce-row-equal-height vce-row-content--top\" id=\"el-7e579904\" data-vce-do-apply=\"all el-7e579904\"><div class=\"vce-row-content\" data-vce-element-content=\"true\"><div class=\"vce-col vce-col--md-auto vce-col--xs-1 vce-col--xs-last vce-col--xs-first vce-col--sm-last vce-col--sm-first vce-col--md-first vce-col--lg-first vce-col--xl-first\" id=\"el-b97b24de\"><div class=\"vce-col-inner\" data-vce-do-apply=\"border margin background  el-b97b24de\"><div class=\"vce-col-content\" data-vce-element-content=\"true\" data-vce-do-apply=\"padding el-b97b24de\"><div class=\"vce-text-block\"><div class=\"vce-text-block-wrapper vce\" id=\"el-555d612c\" data-vce-do-apply=\"all el-555d612c\"><p><a href=\"https:\/\/blog.viscofandobrasil.com.br\/hoje-e-o-dia-da-gastronomia-sustentavel\/\" rel=\"noopener\">Gastronomia sustent\u00e1vel... Saiba Mais<\/a><\/p><\/div><\/div><\/div><\/div><\/div><div class=\"vce-col vce-col--md-auto vce-col--xs-1 vce-col--xs-last vce-col--xs-first vce-col--sm-last vce-col--sm-first\" id=\"el-be5b72c8\"><div class=\"vce-col-inner\" data-vce-do-apply=\"border margin background  el-be5b72c8\"><div class=\"vce-col-content\" data-vce-element-content=\"true\" data-vce-do-apply=\"padding el-be5b72c8\"><div class=\"vce-text-block\"><div class=\"vce-text-block-wrapper vce\" id=\"el-12c99b37\" data-vce-do-apply=\"all el-12c99b37\"><p><a href=\"https:\/\/blog.viscofandobrasil.com.br\/linha-efan\/\" rel=\"noopener\">Linha eFan... Saiba Mais<\/a><\/p><\/div><\/div><\/div><\/div><\/div><div class=\"vce-col vce-col--md-auto vce-col--xs-1 vce-col--xs-last vce-col--xs-first vce-col--sm-last vce-col--sm-first vce-col--md-last vce-col--lg-last vce-col--xl-last\" id=\"el-36007663\"><div class=\"vce-col-inner\" data-vce-do-apply=\"border margin background  el-36007663\"><div class=\"vce-col-content\" data-vce-element-content=\"true\" data-vce-do-apply=\"padding el-36007663\"><div class=\"vce-text-block\"><div class=\"vce-text-block-wrapper vce\" id=\"el-7a84bff6\" data-vce-do-apply=\"all el-7a84bff6\"><p class=\"entry-title\"><a href=\"https:\/\/blog.viscofandobrasil.com.br\/chefe-de-cozinha\/\" rel=\"noopener\">Chefe de cozinha.... Saiba Mais<\/a><\/p><\/div><\/div><\/div><\/div><\/div><\/div><\/div><\/div>\n","protected":false},"excerpt":{"rendered":"<p>CampanhasDia do hamb\u00farguer&#8230; Saiba MaisSemana da Lingui\u00e7a&#8230; Saiba MaisDia nacional do churrasco&#8230; Saiba MaisGastronomia sustent\u00e1vel&#8230; Saiba MaisLinha eFan&#8230; Saiba MaisChefe [&#8230;]<\/p>\n<p><a class=\"btn btn-primary rockcontent-read-more-link\" href=\"https:\/\/blog.viscofandobrasil.com.br\/en\/campanhas\/\">Read More&#8230;<\/a><\/p>\n","protected":false},"author":1,"featured_media":0,"parent":0,"menu_order":0,"comment_status":"closed","ping_status":"closed","template":"","meta":{"footnotes":""},"class_list":["post-281","page","type-page","status-publish","hentry"],"yoast_head":"<!-- This site is optimized with the Yoast SEO plugin v21.2 - https:\/\/yoast.com\/wordpress\/plugins\/seo\/ -->\n<title>Campanhas - Blog Viscofan<\/title>\n<meta name=\"robots\" content=\"index, follow, max-snippet:-1, max-image-preview:large, max-video-preview:-1\" \/>\n<link rel=\"canonical\" href=\"https:\/\/blog.viscofandobrasil.com.br\/en\/campanhas\/\" \/>\n<meta property=\"og:locale\" content=\"en_US\" \/>\n<meta property=\"og:type\" content=\"article\" \/>\n<meta property=\"og:title\" content=\"Campanhas - Blog Viscofan\" \/>\n<meta property=\"og:description\" content=\"CampanhasDia do hamb\u00farguer... Saiba MaisSemana da Lingui\u00e7a... Saiba MaisDia nacional do churrasco... Saiba MaisGastronomia sustent\u00e1vel... Saiba MaisLinha eFan... Saiba MaisChefe [...]Read More...\" \/>\n<meta property=\"og:url\" content=\"https:\/\/blog.viscofandobrasil.com.br\/en\/campanhas\/\" \/>\n<meta property=\"og:site_name\" content=\"Blog Viscofan\" \/>\n<meta property=\"article:modified_time\" content=\"2023-05-29T13:05:07+00:00\" \/>\n<meta name=\"twitter:card\" content=\"summary_large_image\" \/>\n<meta name=\"twitter:label1\" content=\"Est. reading time\" \/>\n\t<meta name=\"twitter:data1\" content=\"2 minutes\" \/>\n<script type=\"application\/ld+json\" class=\"yoast-schema-graph\">{\"@context\":\"https:\/\/schema.org\",\"@graph\":[{\"@type\":\"WebPage\",\"@id\":\"https:\/\/blog.viscofandobrasil.com.br\/en\/campanhas\/\",\"url\":\"https:\/\/blog.viscofandobrasil.com.br\/en\/campanhas\/\",\"name\":\"Campanhas - Blog Viscofan\",\"isPartOf\":{\"@id\":\"https:\/\/blog.viscofandobrasil.com.br\/#website\"},\"datePublished\":\"2021-08-03T16:26:02+00:00\",\"dateModified\":\"2023-05-29T13:05:07+00:00\",\"breadcrumb\":{\"@id\":\"https:\/\/blog.viscofandobrasil.com.br\/en\/campanhas\/#breadcrumb\"},\"inLanguage\":\"en-US\",\"potentialAction\":[{\"@type\":\"ReadAction\",\"target\":[\"https:\/\/blog.viscofandobrasil.com.br\/en\/campanhas\/\"]}]},{\"@type\":\"BreadcrumbList\",\"@id\":\"https:\/\/blog.viscofandobrasil.com.br\/en\/campanhas\/#breadcrumb\",\"itemListElement\":[{\"@type\":\"ListItem\",\"position\":1,\"name\":\"In\u00edcio\",\"item\":\"https:\/\/blog.viscofandobrasil.com.br\/\"},{\"@type\":\"ListItem\",\"position\":2,\"name\":\"Campanhas\"}]},{\"@type\":\"WebSite\",\"@id\":\"https:\/\/blog.viscofandobrasil.com.br\/#website\",\"url\":\"https:\/\/blog.viscofandobrasil.com.br\/\",\"name\":\"Blog Viscofan\",\"description\":\"\",\"publisher\":{\"@id\":\"https:\/\/blog.viscofandobrasil.com.br\/#organization\"},\"potentialAction\":[{\"@type\":\"SearchAction\",\"target\":{\"@type\":\"EntryPoint\",\"urlTemplate\":\"https:\/\/blog.viscofandobrasil.com.br\/?s={search_term_string}\"},\"query-input\":\"required name=search_term_string\"}],\"inLanguage\":\"en-US\"},{\"@type\":\"Organization\",\"@id\":\"https:\/\/blog.viscofandobrasil.com.br\/#organization\",\"name\":\"Blog Viscofan\",\"url\":\"https:\/\/blog.viscofandobrasil.com.br\/\",\"logo\":{\"@type\":\"ImageObject\",\"inLanguage\":\"en-US\",\"@id\":\"https:\/\/blog.viscofandobrasil.com.br\/#\/schema\/logo\/image\/\",\"url\":\"https:\/\/blog.viscofandobrasil.com.br\/wp-content\/uploads\/2022\/03\/cropped-novo-logo-viscofan-1.jpg\",\"contentUrl\":\"https:\/\/blog.viscofandobrasil.com.br\/wp-content\/uploads\/2022\/03\/cropped-novo-logo-viscofan-1.jpg\",\"width\":1000,\"height\":250,\"caption\":\"Blog Viscofan\"},\"image\":{\"@id\":\"https:\/\/blog.viscofandobrasil.com.br\/#\/schema\/logo\/image\/\"}}]}<\/script>\n<!-- \/ Yoast SEO plugin. -->","yoast_head_json":{"title":"Campanhas - Blog Viscofan","robots":{"index":"index","follow":"follow","max-snippet":"max-snippet:-1","max-image-preview":"max-image-preview:large","max-video-preview":"max-video-preview:-1"},"canonical":"https:\/\/blog.viscofandobrasil.com.br\/en\/campanhas\/","og_locale":"en_US","og_type":"article","og_title":"Campanhas - Blog Viscofan","og_description":"CampanhasDia do hamb\u00farguer... Saiba MaisSemana da Lingui\u00e7a... Saiba MaisDia nacional do churrasco... Saiba MaisGastronomia sustent\u00e1vel... Saiba MaisLinha eFan... Saiba MaisChefe [...]Read More...","og_url":"https:\/\/blog.viscofandobrasil.com.br\/en\/campanhas\/","og_site_name":"Blog Viscofan","article_modified_time":"2023-05-29T13:05:07+00:00","twitter_card":"summary_large_image","twitter_misc":{"Est. reading time":"2 minutes"},"schema":{"@context":"https:\/\/schema.org","@graph":[{"@type":"WebPage","@id":"https:\/\/blog.viscofandobrasil.com.br\/en\/campanhas\/","url":"https:\/\/blog.viscofandobrasil.com.br\/en\/campanhas\/","name":"Campanhas - Blog Viscofan","isPartOf":{"@id":"https:\/\/blog.viscofandobrasil.com.br\/#website"},"datePublished":"2021-08-03T16:26:02+00:00","dateModified":"2023-05-29T13:05:07+00:00","breadcrumb":{"@id":"https:\/\/blog.viscofandobrasil.com.br\/en\/campanhas\/#breadcrumb"},"inLanguage":"en-US","potentialAction":[{"@type":"ReadAction","target":["https:\/\/blog.viscofandobrasil.com.br\/en\/campanhas\/"]}]},{"@type":"BreadcrumbList","@id":"https:\/\/blog.viscofandobrasil.com.br\/en\/campanhas\/#breadcrumb","itemListElement":[{"@type":"ListItem","position":1,"name":"In\u00edcio","item":"https:\/\/blog.viscofandobrasil.com.br\/"},{"@type":"ListItem","position":2,"name":"Campanhas"}]},{"@type":"WebSite","@id":"https:\/\/blog.viscofandobrasil.com.br\/#website","url":"https:\/\/blog.viscofandobrasil.com.br\/","name":"Blog Viscofan","description":"","publisher":{"@id":"https:\/\/blog.viscofandobrasil.com.br\/#organization"},"potentialAction":[{"@type":"SearchAction","target":{"@type":"EntryPoint","urlTemplate":"https:\/\/blog.viscofandobrasil.com.br\/?s={search_term_string}"},"query-input":"required name=search_term_string"}],"inLanguage":"en-US"},{"@type":"Organization","@id":"https:\/\/blog.viscofandobrasil.com.br\/#organization","name":"Blog Viscofan","url":"https:\/\/blog.viscofandobrasil.com.br\/","logo":{"@type":"ImageObject","inLanguage":"en-US","@id":"https:\/\/blog.viscofandobrasil.com.br\/#\/schema\/logo\/image\/","url":"https:\/\/blog.viscofandobrasil.com.br\/wp-content\/uploads\/2022\/03\/cropped-novo-logo-viscofan-1.jpg","contentUrl":"https:\/\/blog.viscofandobrasil.com.br\/wp-content\/uploads\/2022\/03\/cropped-novo-logo-viscofan-1.jpg","width":1000,"height":250,"caption":"Blog Viscofan"},"image":{"@id":"https:\/\/blog.viscofandobrasil.com.br\/#\/schema\/logo\/image\/"}}]}},"_links":{"self":[{"href":"https:\/\/blog.viscofandobrasil.com.br\/en\/wp-json\/wp\/v2\/pages\/281","targetHints":{"allow":["GET"]}}],"collection":[{"href":"https:\/\/blog.viscofandobrasil.com.br\/en\/wp-json\/wp\/v2\/pages"}],"about":[{"href":"https:\/\/blog.viscofandobrasil.com.br\/en\/wp-json\/wp\/v2\/types\/page"}],"author":[{"embeddable":true,"href":"https:\/\/blog.viscofandobrasil.com.br\/en\/wp-json\/wp\/v2\/users\/1"}],"replies":[{"embeddable":true,"href":"https:\/\/blog.viscofandobrasil.com.br\/en\/wp-json\/wp\/v2\/comments?post=281"}],"version-history":[{"count":48,"href":"https:\/\/blog.viscofandobrasil.com.br\/en\/wp-json\/wp\/v2\/pages\/281\/revisions"}],"predecessor-version":[{"id":2381,"href":"https:\/\/blog.viscofandobrasil.com.br\/en\/wp-json\/wp\/v2\/pages\/281\/revisions\/2381"}],"wp:attachment":[{"href":"https:\/\/blog.viscofandobrasil.com.br\/en\/wp-json\/wp\/v2\/media?parent=281"}],"curies":[{"name":"wp","href":"https:\/\/api.w.org\/{rel}","templated":true}]}}