{"id":1679,"date":"2021-12-15T11:43:18","date_gmt":"2021-12-15T11:43:18","guid":{"rendered":"https:\/\/blog.viscofandobrasil.com.br\/?page_id=1679"},"modified":"2021-12-17T17:28:30","modified_gmt":"2021-12-17T17:28:30","slug":"rapida-producao-da-tripa-de-colageno","status":"publish","type":"page","link":"https:\/\/blog.viscofandobrasil.com.br\/en\/rapida-producao-da-tripa-de-colageno\/","title":{"rendered":"R\u00e1pida produ\u00e7\u00e3o da tripa de col\u00e1geno"},"content":{"rendered":"<div class=\"vce-row-container\" data-vce-boxed-width=\"true\"><div class=\"vce-row vce-row--col-gap-30 vce-row-equal-height vce-row-content--top\" id=\"el-e952909d\" data-vce-do-apply=\"all el-e952909d\"><div class=\"vce-row-content\" data-vce-element-content=\"true\"><div class=\"vce-col vce-col--md-auto vce-col--xs-1 vce-col--xs-last vce-col--xs-first vce-col--sm-last vce-col--sm-first vce-col--md-last vce-col--lg-last vce-col--xl-last vce-col--md-first vce-col--lg-first vce-col--xl-first\" id=\"el-87bf8b38\"><div class=\"vce-col-inner\" data-vce-do-apply=\"border margin background  el-87bf8b38\"><div class=\"vce-col-content\" data-vce-element-content=\"true\" data-vce-do-apply=\"padding el-87bf8b38\"><\/div><\/div><\/div><\/div><\/div><\/div><div class=\"vce-row-container\" data-vce-boxed-width=\"true\"><div class=\"vce-row vce-row--col-gap-30 vce-row-equal-height vce-row-content--top\" id=\"el-c85d6966\" data-vce-do-apply=\"all el-c85d6966\"><div class=\"vce-row-content\" data-vce-element-content=\"true\"><div class=\"vce-col vce-col--md-auto vce-col--xs-1 vce-col--xs-last vce-col--xs-first vce-col--sm-last vce-col--sm-first vce-col--md-last vce-col--lg-last vce-col--xl-last vce-col--md-first vce-col--lg-first vce-col--xl-first\" id=\"el-ad5a17a3\"><div class=\"vce-col-inner\" data-vce-do-apply=\"border margin background  el-ad5a17a3\"><div class=\"vce-col-content\" data-vce-element-content=\"true\" data-vce-do-apply=\"padding el-ad5a17a3\"><div class=\"vce-text-block\"><div class=\"vce-text-block-wrapper vce\" id=\"el-ce8bf070\" data-vce-do-apply=\"all el-ce8bf070\"><h2>Alta produ\u00e7\u00e3o e rapidez com a tripa de col\u00e1geno&nbsp;<\/h2><\/div><\/div><\/div><\/div><\/div><\/div><\/div><\/div><div class=\"vce-row-container\" data-vce-boxed-width=\"true\"><div class=\"vce-row vce-row--col-gap-30 vce-row-equal-height vce-row-content--top\" id=\"el-91b506ff\" data-vce-do-apply=\"all el-91b506ff\"><div class=\"vce-row-content\" data-vce-element-content=\"true\"><div class=\"vce-col vce-col--md-auto vce-col--xs-1 vce-col--xs-last vce-col--xs-first vce-col--sm-last vce-col--sm-first vce-col--md-last vce-col--lg-last vce-col--xl-last vce-col--md-first vce-col--lg-first vce-col--xl-first\" id=\"el-d4f05485\"><div class=\"vce-col-inner\" data-vce-do-apply=\"border margin background  el-d4f05485\"><div class=\"vce-col-content\" data-vce-element-content=\"true\" data-vce-do-apply=\"padding el-d4f05485\"><div class=\"vce-yt-video-player vce-yt-video-player--align-left vce-yt-video-player--size-853x480\"><div class=\"vce vce-yt-video-player-wrapper\" id=\"el-7ad13cb9\" data-vce-do-apply=\"all el-7ad13cb9\" style=\"width: 853px;\"><div class=\"vce-yt-video-player-inner\"><iframe loading=\"lazy\" class=\"vce-yt-video-player-iframe\" src=\"https:\/\/www.youtube.com\/embed\/RytTB93l1Y8?autoplay=0&amp;mute=0&amp;color=red&amp;controls=1&amp;loop=0&amp;rel=0&amp;start=0&amp;cc_load_policy=0&amp;iv_load_policy=3&amp;enablejsapi=1\" width=\"640\" height=\"390\" allowfullscreen=\"\"><\/iframe><\/div><\/div><\/div><\/div><\/div><\/div><\/div><\/div><\/div><div class=\"vce-row-container\" data-vce-boxed-width=\"true\"><div class=\"vce-row vce-row--col-gap-30 vce-row-equal-height vce-row-content--top\" id=\"el-97e0f750\" data-vce-do-apply=\"all el-97e0f750\"><div class=\"vce-row-content\" data-vce-element-content=\"true\"><div class=\"vce-col vce-col--md-auto vce-col--xs-1 vce-col--xs-last vce-col--xs-first vce-col--sm-last vce-col--sm-first vce-col--md-last vce-col--lg-last vce-col--xl-last vce-col--md-first vce-col--lg-first vce-col--xl-first\" id=\"el-a1972a56\"><div class=\"vce-col-inner\" data-vce-do-apply=\"border margin background  el-a1972a56\"><div class=\"vce-col-content\" data-vce-element-content=\"true\" data-vce-do-apply=\"padding el-a1972a56\"><div class=\"vce-button--style-basic-container vce-button--style-basic-container--align-left\"><span class=\"vce-button--style-basic-wrapper vce\" id=\"el-a7b14e77\" data-vce-do-apply=\"margin el-a7b14e77\"><a class=\"vce-button--style-basic vce-button--style-basic--border-round vce-button--style-basic--size-medium vce-button--style-basic--color-b-246-114-0--fff\" href=\"https:\/\/blog.viscofandobrasil.com.br\/produtos\/\" title=\"\" data-vce-do-apply=\"padding border background  el-a7b14e77\">Voltar P\u00e1gina <\/a><\/span><\/div><\/div><\/div><\/div><\/div><\/div><\/div>\n","protected":false},"excerpt":{"rendered":"<p>Alta produ\u00e7\u00e3o e rapidez com a tripa de col\u00e1geno&nbsp;Voltar P\u00e1gina [&#8230;]<\/p>\n<p><a class=\"btn btn-primary rockcontent-read-more-link\" href=\"https:\/\/blog.viscofandobrasil.com.br\/en\/rapida-producao-da-tripa-de-colageno\/\">Read More&#8230;<\/a><\/p>\n","protected":false},"author":1,"featured_media":0,"parent":0,"menu_order":0,"comment_status":"closed","ping_status":"closed","template":"","meta":{"footnotes":""},"class_list":["post-1679","page","type-page","status-publish","hentry"],"yoast_head":"<!-- This site is optimized with the Yoast SEO plugin v21.2 - https:\/\/yoast.com\/wordpress\/plugins\/seo\/ -->\n<title>R\u00e1pida produ\u00e7\u00e3o da tripa de col\u00e1geno - Blog Viscofan<\/title>\n<meta name=\"robots\" content=\"index, follow, max-snippet:-1, max-image-preview:large, max-video-preview:-1\" \/>\n<link rel=\"canonical\" href=\"https:\/\/blog.viscofandobrasil.com.br\/en\/rapida-producao-da-tripa-de-colageno\/\" \/>\n<meta property=\"og:locale\" content=\"en_US\" \/>\n<meta property=\"og:type\" content=\"article\" \/>\n<meta property=\"og:title\" content=\"R\u00e1pida produ\u00e7\u00e3o da tripa de col\u00e1geno - Blog Viscofan\" \/>\n<meta property=\"og:description\" content=\"Alta produ\u00e7\u00e3o e rapidez com a tripa de col\u00e1geno&nbsp;Voltar P\u00e1gina [...]Read More...\" \/>\n<meta property=\"og:url\" content=\"https:\/\/blog.viscofandobrasil.com.br\/en\/rapida-producao-da-tripa-de-colageno\/\" \/>\n<meta property=\"og:site_name\" content=\"Blog Viscofan\" \/>\n<meta property=\"article:modified_time\" content=\"2021-12-17T17:28:30+00:00\" \/>\n<meta name=\"twitter:card\" content=\"summary_large_image\" \/>\n<script type=\"application\/ld+json\" class=\"yoast-schema-graph\">{\"@context\":\"https:\/\/schema.org\",\"@graph\":[{\"@type\":\"WebPage\",\"@id\":\"https:\/\/blog.viscofandobrasil.com.br\/en\/rapida-producao-da-tripa-de-colageno\/\",\"url\":\"https:\/\/blog.viscofandobrasil.com.br\/en\/rapida-producao-da-tripa-de-colageno\/\",\"name\":\"R\u00e1pida produ\u00e7\u00e3o da tripa de col\u00e1geno - Blog Viscofan\",\"isPartOf\":{\"@id\":\"https:\/\/blog.viscofandobrasil.com.br\/#website\"},\"datePublished\":\"2021-12-15T11:43:18+00:00\",\"dateModified\":\"2021-12-17T17:28:30+00:00\",\"breadcrumb\":{\"@id\":\"https:\/\/blog.viscofandobrasil.com.br\/en\/rapida-producao-da-tripa-de-colageno\/#breadcrumb\"},\"inLanguage\":\"en-US\",\"potentialAction\":[{\"@type\":\"ReadAction\",\"target\":[\"https:\/\/blog.viscofandobrasil.com.br\/en\/rapida-producao-da-tripa-de-colageno\/\"]}]},{\"@type\":\"BreadcrumbList\",\"@id\":\"https:\/\/blog.viscofandobrasil.com.br\/en\/rapida-producao-da-tripa-de-colageno\/#breadcrumb\",\"itemListElement\":[{\"@type\":\"ListItem\",\"position\":1,\"name\":\"In\u00edcio\",\"item\":\"https:\/\/blog.viscofandobrasil.com.br\/\"},{\"@type\":\"ListItem\",\"position\":2,\"name\":\"R\u00e1pida produ\u00e7\u00e3o da tripa de col\u00e1geno\"}]},{\"@type\":\"WebSite\",\"@id\":\"https:\/\/blog.viscofandobrasil.com.br\/#website\",\"url\":\"https:\/\/blog.viscofandobrasil.com.br\/\",\"name\":\"Blog Viscofan\",\"description\":\"\",\"publisher\":{\"@id\":\"https:\/\/blog.viscofandobrasil.com.br\/#organization\"},\"potentialAction\":[{\"@type\":\"SearchAction\",\"target\":{\"@type\":\"EntryPoint\",\"urlTemplate\":\"https:\/\/blog.viscofandobrasil.com.br\/?s={search_term_string}\"},\"query-input\":\"required name=search_term_string\"}],\"inLanguage\":\"en-US\"},{\"@type\":\"Organization\",\"@id\":\"https:\/\/blog.viscofandobrasil.com.br\/#organization\",\"name\":\"Blog Viscofan\",\"url\":\"https:\/\/blog.viscofandobrasil.com.br\/\",\"logo\":{\"@type\":\"ImageObject\",\"inLanguage\":\"en-US\",\"@id\":\"https:\/\/blog.viscofandobrasil.com.br\/#\/schema\/logo\/image\/\",\"url\":\"https:\/\/blog.viscofandobrasil.com.br\/wp-content\/uploads\/2022\/03\/cropped-novo-logo-viscofan-1.jpg\",\"contentUrl\":\"https:\/\/blog.viscofandobrasil.com.br\/wp-content\/uploads\/2022\/03\/cropped-novo-logo-viscofan-1.jpg\",\"width\":1000,\"height\":250,\"caption\":\"Blog Viscofan\"},\"image\":{\"@id\":\"https:\/\/blog.viscofandobrasil.com.br\/#\/schema\/logo\/image\/\"}}]}<\/script>\n<!-- \/ Yoast SEO plugin. -->","yoast_head_json":{"title":"R\u00e1pida produ\u00e7\u00e3o da tripa de col\u00e1geno - Blog Viscofan","robots":{"index":"index","follow":"follow","max-snippet":"max-snippet:-1","max-image-preview":"max-image-preview:large","max-video-preview":"max-video-preview:-1"},"canonical":"https:\/\/blog.viscofandobrasil.com.br\/en\/rapida-producao-da-tripa-de-colageno\/","og_locale":"en_US","og_type":"article","og_title":"R\u00e1pida produ\u00e7\u00e3o da tripa de col\u00e1geno - Blog Viscofan","og_description":"Alta produ\u00e7\u00e3o e rapidez com a tripa de col\u00e1geno&nbsp;Voltar P\u00e1gina [...]Read More...","og_url":"https:\/\/blog.viscofandobrasil.com.br\/en\/rapida-producao-da-tripa-de-colageno\/","og_site_name":"Blog Viscofan","article_modified_time":"2021-12-17T17:28:30+00:00","twitter_card":"summary_large_image","schema":{"@context":"https:\/\/schema.org","@graph":[{"@type":"WebPage","@id":"https:\/\/blog.viscofandobrasil.com.br\/en\/rapida-producao-da-tripa-de-colageno\/","url":"https:\/\/blog.viscofandobrasil.com.br\/en\/rapida-producao-da-tripa-de-colageno\/","name":"R\u00e1pida produ\u00e7\u00e3o da tripa de col\u00e1geno - Blog Viscofan","isPartOf":{"@id":"https:\/\/blog.viscofandobrasil.com.br\/#website"},"datePublished":"2021-12-15T11:43:18+00:00","dateModified":"2021-12-17T17:28:30+00:00","breadcrumb":{"@id":"https:\/\/blog.viscofandobrasil.com.br\/en\/rapida-producao-da-tripa-de-colageno\/#breadcrumb"},"inLanguage":"en-US","potentialAction":[{"@type":"ReadAction","target":["https:\/\/blog.viscofandobrasil.com.br\/en\/rapida-producao-da-tripa-de-colageno\/"]}]},{"@type":"BreadcrumbList","@id":"https:\/\/blog.viscofandobrasil.com.br\/en\/rapida-producao-da-tripa-de-colageno\/#breadcrumb","itemListElement":[{"@type":"ListItem","position":1,"name":"In\u00edcio","item":"https:\/\/blog.viscofandobrasil.com.br\/"},{"@type":"ListItem","position":2,"name":"R\u00e1pida produ\u00e7\u00e3o da tripa de col\u00e1geno"}]},{"@type":"WebSite","@id":"https:\/\/blog.viscofandobrasil.com.br\/#website","url":"https:\/\/blog.viscofandobrasil.com.br\/","name":"Blog Viscofan","description":"","publisher":{"@id":"https:\/\/blog.viscofandobrasil.com.br\/#organization"},"potentialAction":[{"@type":"SearchAction","target":{"@type":"EntryPoint","urlTemplate":"https:\/\/blog.viscofandobrasil.com.br\/?s={search_term_string}"},"query-input":"required name=search_term_string"}],"inLanguage":"en-US"},{"@type":"Organization","@id":"https:\/\/blog.viscofandobrasil.com.br\/#organization","name":"Blog Viscofan","url":"https:\/\/blog.viscofandobrasil.com.br\/","logo":{"@type":"ImageObject","inLanguage":"en-US","@id":"https:\/\/blog.viscofandobrasil.com.br\/#\/schema\/logo\/image\/","url":"https:\/\/blog.viscofandobrasil.com.br\/wp-content\/uploads\/2022\/03\/cropped-novo-logo-viscofan-1.jpg","contentUrl":"https:\/\/blog.viscofandobrasil.com.br\/wp-content\/uploads\/2022\/03\/cropped-novo-logo-viscofan-1.jpg","width":1000,"height":250,"caption":"Blog Viscofan"},"image":{"@id":"https:\/\/blog.viscofandobrasil.com.br\/#\/schema\/logo\/image\/"}}]}},"_links":{"self":[{"href":"https:\/\/blog.viscofandobrasil.com.br\/en\/wp-json\/wp\/v2\/pages\/1679","targetHints":{"allow":["GET"]}}],"collection":[{"href":"https:\/\/blog.viscofandobrasil.com.br\/en\/wp-json\/wp\/v2\/pages"}],"about":[{"href":"https:\/\/blog.viscofandobrasil.com.br\/en\/wp-json\/wp\/v2\/types\/page"}],"author":[{"embeddable":true,"href":"https:\/\/blog.viscofandobrasil.com.br\/en\/wp-json\/wp\/v2\/users\/1"}],"replies":[{"embeddable":true,"href":"https:\/\/blog.viscofandobrasil.com.br\/en\/wp-json\/wp\/v2\/comments?post=1679"}],"version-history":[{"count":5,"href":"https:\/\/blog.viscofandobrasil.com.br\/en\/wp-json\/wp\/v2\/pages\/1679\/revisions"}],"predecessor-version":[{"id":1711,"href":"https:\/\/blog.viscofandobrasil.com.br\/en\/wp-json\/wp\/v2\/pages\/1679\/revisions\/1711"}],"wp:attachment":[{"href":"https:\/\/blog.viscofandobrasil.com.br\/en\/wp-json\/wp\/v2\/media?parent=1679"}],"curies":[{"name":"wp","href":"https:\/\/api.w.org\/{rel}","templated":true}]}}