{"id":1670,"date":"2021-12-15T11:20:08","date_gmt":"2021-12-15T11:20:08","guid":{"rendered":"https:\/\/blog.viscofandobrasil.com.br\/?page_id=1670"},"modified":"2021-12-15T11:24:11","modified_gmt":"2021-12-15T11:24:11","slug":"videos-solucoes-funcionais","status":"publish","type":"page","link":"https:\/\/blog.viscofandobrasil.com.br\/en\/videos-solucoes-funcionais\/","title":{"rendered":"V\u00eddeos Solu\u00e7\u00f5es funcionais"},"content":{"rendered":"<div class=\"vce-row-container\" data-vce-boxed-width=\"true\"><div class=\"vce-row vce-row--col-gap-30 vce-row-equal-height vce-row-content--top\" id=\"el-5f4be6d0\" data-vce-do-apply=\"all el-5f4be6d0\"><div class=\"vce-row-content\" data-vce-element-content=\"true\"><div class=\"vce-col vce-col--md-auto vce-col--xs-1 vce-col--xs-last vce-col--xs-first vce-col--sm-last vce-col--sm-first vce-col--md-last vce-col--lg-last vce-col--xl-last vce-col--md-first vce-col--lg-first vce-col--xl-first\" id=\"el-e117ff8f\"><div class=\"vce-col-inner\" data-vce-do-apply=\"border margin background  el-e117ff8f\"><div class=\"vce-col-content\" data-vce-element-content=\"true\" data-vce-do-apply=\"padding el-e117ff8f\"><div class=\"vce-text-block\"><div class=\"vce-text-block-wrapper vce\" id=\"el-4ede60ad\" data-vce-do-apply=\"all el-4ede60ad\"><h2>V\u00eddeos Solu\u00e7\u00f5es funcionais&nbsp;<\/h2><\/div><\/div><\/div><\/div><\/div><\/div><\/div><\/div><div class=\"vce-row-container\" data-vce-boxed-width=\"true\"><div class=\"vce-row vce-row--col-gap-30 vce-row-equal-height vce-row-content--top\" id=\"el-9e5aae92\" data-vce-do-apply=\"all el-9e5aae92\"><div class=\"vce-row-content\" data-vce-element-content=\"true\"><div class=\"vce-col vce-col--md-auto vce-col--xs-1 vce-col--xs-last vce-col--xs-first vce-col--sm-last vce-col--sm-first vce-col--md-first vce-col--lg-first vce-col--xl-first\" id=\"el-24f874b8\"><div class=\"vce-col-inner\" data-vce-do-apply=\"border margin background  el-24f874b8\"><div class=\"vce-col-content\" data-vce-element-content=\"true\" data-vce-do-apply=\"padding el-24f874b8\"><div class=\"vce-single-image-container vce-single-image--align-left\"><div class=\"vce vce-single-image-wrapper\" id=\"el-a90fc3a4\" data-vce-do-apply=\"all el-a90fc3a4\"><figure><a href=\"https:\/\/blog.viscofandobrasil.com.br\/solucoes-funcionais-para-producao-de-bacon\/\" title=\"\" class=\"vce-single-image-inner vce-single-image--absolute\" style=\"padding-bottom: 100%; width: 600px;\"><img decoding=\"async\" class=\"vce-single-image \"  width=\"600\" height=\"600\"  src=\"https:\/\/blog.viscofandobrasil.com.br\/wp-content\/uploads\/2021\/12\/Solucao-funcional-01-e1639503889595.png\"  data-img-src=\"https:\/\/blog.viscofandobrasil.com.br\/wp-content\/uploads\/2021\/12\/Solucao-funcional-01-e1639503889595.png\" alt=\"\" title=\"Solu\u00e7\u00e3o funcional-01\" \/><noscript>\n        <img decoding=\"async\" class=\"vce-single-image\" src=\"https:\/\/blog.viscofandobrasil.com.br\/wp-content\/uploads\/2021\/12\/Solucao-funcional-01-e1639503889595.png\" width=\"600\" height=\"600\" alt=\"\" title=\"Solu\u00e7\u00e3o funcional-01\" \/>\n      <\/noscript><\/a><figcaption hidden=\"\"><\/figcaption><\/figure><\/div><\/div><div class=\"vce-text-block\"><div class=\"vce-text-block-wrapper vce\" id=\"el-20aa3039\" data-vce-do-apply=\"all el-20aa3039\"><div id=\"el-9d3fa62f\" class=\"vce-col vce-col--md-auto vce-col--xs-1 vce-col--xs-last vce-col--xs-first vce-col--sm-last vce-col--sm-first vce-col--md-first vce-col--lg-first vce-col--xl-first\"><div class=\"vce-col-inner\" data-vce-do-apply=\"border margin background  el-9d3fa62f\"><div class=\"vce-col-content\" data-vce-element-content=\"true\" data-vce-do-apply=\"padding el-9d3fa62f\"><div class=\"vce-text-block\"><div id=\"el-6da15cc8\" class=\"vce-text-block-wrapper vce\" data-vce-do-apply=\"all el-6da15cc8\"><p>Solu\u00e7\u00f5es funcionais para produ\u00e7\u00e3o de bacon...&nbsp;<a href=\"https:\/\/blog.viscofandobrasil.com.br\/solucoes-funcionais-para-producao-de-bacon\/\">Saiba Mais<\/a><\/p><\/div><\/div><\/div><\/div><\/div><div id=\"el-8a2ebfb6\" class=\"vce-col vce-col--md-auto vce-col--xs-1 vce-col--xs-last vce-col--xs-first vce-col--sm-last vce-col--sm-first\">&nbsp;<\/div><\/div><\/div><\/div><\/div><\/div><div class=\"vce-col vce-col--md-auto vce-col--xs-1 vce-col--xs-last vce-col--xs-first vce-col--sm-last vce-col--sm-first\" id=\"el-a3d7733e\"><div class=\"vce-col-inner\" data-vce-do-apply=\"border margin background  el-a3d7733e\"><div class=\"vce-col-content\" data-vce-element-content=\"true\" data-vce-do-apply=\"padding el-a3d7733e\"><\/div><\/div><\/div><div class=\"vce-col vce-col--md-auto vce-col--xs-1 vce-col--xs-last vce-col--xs-first vce-col--sm-last vce-col--sm-first vce-col--md-last vce-col--lg-last vce-col--xl-last\" id=\"el-7f1f60a0\"><div class=\"vce-col-inner\" data-vce-do-apply=\"border margin background  el-7f1f60a0\"><div class=\"vce-col-content\" data-vce-element-content=\"true\" data-vce-do-apply=\"padding el-7f1f60a0\"><\/div><\/div><\/div><\/div><\/div><\/div>\n","protected":false},"excerpt":{"rendered":"<p>V\u00eddeos Solu\u00e7\u00f5es funcionais&nbsp; Solu\u00e7\u00f5es funcionais para produ\u00e7\u00e3o de bacon&#8230;&nbsp;Saiba Mais&nbsp; [&#8230;]<\/p>\n<p><a class=\"btn btn-primary rockcontent-read-more-link\" href=\"https:\/\/blog.viscofandobrasil.com.br\/en\/videos-solucoes-funcionais\/\">Read More&#8230;<\/a><\/p>\n","protected":false},"author":1,"featured_media":0,"parent":0,"menu_order":0,"comment_status":"closed","ping_status":"closed","template":"","meta":{"footnotes":""},"class_list":["post-1670","page","type-page","status-publish","hentry"],"yoast_head":"<!-- This site is optimized with the Yoast SEO plugin v21.2 - https:\/\/yoast.com\/wordpress\/plugins\/seo\/ -->\n<title>V\u00eddeos Solu\u00e7\u00f5es funcionais - Blog Viscofan<\/title>\n<meta name=\"robots\" content=\"index, follow, max-snippet:-1, max-image-preview:large, max-video-preview:-1\" \/>\n<link rel=\"canonical\" href=\"https:\/\/blog.viscofandobrasil.com.br\/en\/videos-solucoes-funcionais\/\" \/>\n<meta property=\"og:locale\" content=\"en_US\" \/>\n<meta property=\"og:type\" content=\"article\" \/>\n<meta property=\"og:title\" content=\"V\u00eddeos Solu\u00e7\u00f5es funcionais - Blog Viscofan\" \/>\n<meta property=\"og:description\" content=\"V\u00eddeos Solu\u00e7\u00f5es funcionais&nbsp; Solu\u00e7\u00f5es funcionais para produ\u00e7\u00e3o de bacon...&nbsp;Saiba Mais&nbsp; [...]Read More...\" \/>\n<meta property=\"og:url\" content=\"https:\/\/blog.viscofandobrasil.com.br\/videos-solucoes-funcionais\/\" \/>\n<meta property=\"og:site_name\" content=\"Blog Viscofan\" \/>\n<meta property=\"article:modified_time\" content=\"2021-12-15T11:24:11+00:00\" \/>\n<meta name=\"twitter:card\" content=\"summary_large_image\" \/>\n<script type=\"application\/ld+json\" class=\"yoast-schema-graph\">{\"@context\":\"https:\/\/schema.org\",\"@graph\":[{\"@type\":\"WebPage\",\"@id\":\"https:\/\/blog.viscofandobrasil.com.br\/videos-solucoes-funcionais\/\",\"url\":\"https:\/\/blog.viscofandobrasil.com.br\/videos-solucoes-funcionais\/\",\"name\":\"V\u00eddeos Solu\u00e7\u00f5es funcionais - Blog Viscofan\",\"isPartOf\":{\"@id\":\"https:\/\/blog.viscofandobrasil.com.br\/#website\"},\"datePublished\":\"2021-12-15T11:20:08+00:00\",\"dateModified\":\"2021-12-15T11:24:11+00:00\",\"breadcrumb\":{\"@id\":\"https:\/\/blog.viscofandobrasil.com.br\/videos-solucoes-funcionais\/#breadcrumb\"},\"inLanguage\":\"en-US\",\"potentialAction\":[{\"@type\":\"ReadAction\",\"target\":[\"https:\/\/blog.viscofandobrasil.com.br\/videos-solucoes-funcionais\/\"]}]},{\"@type\":\"BreadcrumbList\",\"@id\":\"https:\/\/blog.viscofandobrasil.com.br\/videos-solucoes-funcionais\/#breadcrumb\",\"itemListElement\":[{\"@type\":\"ListItem\",\"position\":1,\"name\":\"In\u00edcio\",\"item\":\"https:\/\/blog.viscofandobrasil.com.br\/\"},{\"@type\":\"ListItem\",\"position\":2,\"name\":\"V\u00eddeos Solu\u00e7\u00f5es funcionais\"}]},{\"@type\":\"WebSite\",\"@id\":\"https:\/\/blog.viscofandobrasil.com.br\/#website\",\"url\":\"https:\/\/blog.viscofandobrasil.com.br\/\",\"name\":\"Blog Viscofan\",\"description\":\"\",\"publisher\":{\"@id\":\"https:\/\/blog.viscofandobrasil.com.br\/#organization\"},\"potentialAction\":[{\"@type\":\"SearchAction\",\"target\":{\"@type\":\"EntryPoint\",\"urlTemplate\":\"https:\/\/blog.viscofandobrasil.com.br\/?s={search_term_string}\"},\"query-input\":\"required name=search_term_string\"}],\"inLanguage\":\"en-US\"},{\"@type\":\"Organization\",\"@id\":\"https:\/\/blog.viscofandobrasil.com.br\/#organization\",\"name\":\"Blog Viscofan\",\"url\":\"https:\/\/blog.viscofandobrasil.com.br\/\",\"logo\":{\"@type\":\"ImageObject\",\"inLanguage\":\"en-US\",\"@id\":\"https:\/\/blog.viscofandobrasil.com.br\/#\/schema\/logo\/image\/\",\"url\":\"https:\/\/blog.viscofandobrasil.com.br\/wp-content\/uploads\/2022\/03\/cropped-novo-logo-viscofan-1.jpg\",\"contentUrl\":\"https:\/\/blog.viscofandobrasil.com.br\/wp-content\/uploads\/2022\/03\/cropped-novo-logo-viscofan-1.jpg\",\"width\":1000,\"height\":250,\"caption\":\"Blog Viscofan\"},\"image\":{\"@id\":\"https:\/\/blog.viscofandobrasil.com.br\/#\/schema\/logo\/image\/\"}}]}<\/script>\n<!-- \/ Yoast SEO plugin. -->","yoast_head_json":{"title":"V\u00eddeos Solu\u00e7\u00f5es funcionais - Blog Viscofan","robots":{"index":"index","follow":"follow","max-snippet":"max-snippet:-1","max-image-preview":"max-image-preview:large","max-video-preview":"max-video-preview:-1"},"canonical":"https:\/\/blog.viscofandobrasil.com.br\/en\/videos-solucoes-funcionais\/","og_locale":"en_US","og_type":"article","og_title":"V\u00eddeos Solu\u00e7\u00f5es funcionais - Blog Viscofan","og_description":"V\u00eddeos Solu\u00e7\u00f5es funcionais&nbsp; Solu\u00e7\u00f5es funcionais para produ\u00e7\u00e3o de bacon...&nbsp;Saiba Mais&nbsp; [...]Read More...","og_url":"https:\/\/blog.viscofandobrasil.com.br\/videos-solucoes-funcionais\/","og_site_name":"Blog Viscofan","article_modified_time":"2021-12-15T11:24:11+00:00","twitter_card":"summary_large_image","schema":{"@context":"https:\/\/schema.org","@graph":[{"@type":"WebPage","@id":"https:\/\/blog.viscofandobrasil.com.br\/videos-solucoes-funcionais\/","url":"https:\/\/blog.viscofandobrasil.com.br\/videos-solucoes-funcionais\/","name":"V\u00eddeos Solu\u00e7\u00f5es funcionais - Blog Viscofan","isPartOf":{"@id":"https:\/\/blog.viscofandobrasil.com.br\/#website"},"datePublished":"2021-12-15T11:20:08+00:00","dateModified":"2021-12-15T11:24:11+00:00","breadcrumb":{"@id":"https:\/\/blog.viscofandobrasil.com.br\/videos-solucoes-funcionais\/#breadcrumb"},"inLanguage":"en-US","potentialAction":[{"@type":"ReadAction","target":["https:\/\/blog.viscofandobrasil.com.br\/videos-solucoes-funcionais\/"]}]},{"@type":"BreadcrumbList","@id":"https:\/\/blog.viscofandobrasil.com.br\/videos-solucoes-funcionais\/#breadcrumb","itemListElement":[{"@type":"ListItem","position":1,"name":"In\u00edcio","item":"https:\/\/blog.viscofandobrasil.com.br\/"},{"@type":"ListItem","position":2,"name":"V\u00eddeos Solu\u00e7\u00f5es funcionais"}]},{"@type":"WebSite","@id":"https:\/\/blog.viscofandobrasil.com.br\/#website","url":"https:\/\/blog.viscofandobrasil.com.br\/","name":"Blog Viscofan","description":"","publisher":{"@id":"https:\/\/blog.viscofandobrasil.com.br\/#organization"},"potentialAction":[{"@type":"SearchAction","target":{"@type":"EntryPoint","urlTemplate":"https:\/\/blog.viscofandobrasil.com.br\/?s={search_term_string}"},"query-input":"required name=search_term_string"}],"inLanguage":"en-US"},{"@type":"Organization","@id":"https:\/\/blog.viscofandobrasil.com.br\/#organization","name":"Blog Viscofan","url":"https:\/\/blog.viscofandobrasil.com.br\/","logo":{"@type":"ImageObject","inLanguage":"en-US","@id":"https:\/\/blog.viscofandobrasil.com.br\/#\/schema\/logo\/image\/","url":"https:\/\/blog.viscofandobrasil.com.br\/wp-content\/uploads\/2022\/03\/cropped-novo-logo-viscofan-1.jpg","contentUrl":"https:\/\/blog.viscofandobrasil.com.br\/wp-content\/uploads\/2022\/03\/cropped-novo-logo-viscofan-1.jpg","width":1000,"height":250,"caption":"Blog Viscofan"},"image":{"@id":"https:\/\/blog.viscofandobrasil.com.br\/#\/schema\/logo\/image\/"}}]}},"_links":{"self":[{"href":"https:\/\/blog.viscofandobrasil.com.br\/en\/wp-json\/wp\/v2\/pages\/1670","targetHints":{"allow":["GET"]}}],"collection":[{"href":"https:\/\/blog.viscofandobrasil.com.br\/en\/wp-json\/wp\/v2\/pages"}],"about":[{"href":"https:\/\/blog.viscofandobrasil.com.br\/en\/wp-json\/wp\/v2\/types\/page"}],"author":[{"embeddable":true,"href":"https:\/\/blog.viscofandobrasil.com.br\/en\/wp-json\/wp\/v2\/users\/1"}],"replies":[{"embeddable":true,"href":"https:\/\/blog.viscofandobrasil.com.br\/en\/wp-json\/wp\/v2\/comments?post=1670"}],"version-history":[{"count":2,"href":"https:\/\/blog.viscofandobrasil.com.br\/en\/wp-json\/wp\/v2\/pages\/1670\/revisions"}],"predecessor-version":[{"id":1672,"href":"https:\/\/blog.viscofandobrasil.com.br\/en\/wp-json\/wp\/v2\/pages\/1670\/revisions\/1672"}],"wp:attachment":[{"href":"https:\/\/blog.viscofandobrasil.com.br\/en\/wp-json\/wp\/v2\/media?parent=1670"}],"curies":[{"name":"wp","href":"https:\/\/api.w.org\/{rel}","templated":true}]}}