{"id":1654,"date":"2021-12-14T14:55:46","date_gmt":"2021-12-14T14:55:46","guid":{"rendered":"https:\/\/blog.viscofandobrasil.com.br\/?page_id=1654"},"modified":"2021-12-21T12:02:08","modified_gmt":"2021-12-21T12:02:08","slug":"videos-celulosa","status":"publish","type":"page","link":"https:\/\/blog.viscofandobrasil.com.br\/en\/videos-celulosa\/","title":{"rendered":"V\u00eddeos Celulosa"},"content":{"rendered":"<div class=\"vce-row-container\" data-vce-boxed-width=\"true\"><div class=\"vce-row vce-row--col-gap-30 vce-row-equal-height vce-row-content--top\" id=\"el-5f7da572\" data-vce-do-apply=\"all el-5f7da572\"><div class=\"vce-row-content\" data-vce-element-content=\"true\"><div class=\"vce-col vce-col--md-auto vce-col--xs-1 vce-col--xs-last vce-col--xs-first vce-col--sm-last vce-col--sm-first vce-col--md-last vce-col--lg-last vce-col--xl-last vce-col--md-first vce-col--lg-first vce-col--xl-first\" id=\"el-9d3fa62f\"><div class=\"vce-col-inner\" data-vce-do-apply=\"border margin background  el-9d3fa62f\"><div class=\"vce-col-content\" data-vce-element-content=\"true\" data-vce-do-apply=\"padding el-9d3fa62f\"><div class=\"vce-text-block\"><div class=\"vce-text-block-wrapper vce\" id=\"el-7d5714b2\" data-vce-do-apply=\"all el-7d5714b2\"><h2>V\u00eddeos Celulosa&nbsp;<\/h2><\/div><\/div><\/div><\/div><\/div><\/div><\/div><\/div><div class=\"vce-row-container\" data-vce-boxed-width=\"true\"><div class=\"vce-row vce-row--col-gap-30 vce-row-equal-height vce-row-content--top vcv-state--show-resizer\" id=\"el-e646e34b\" data-vce-do-apply=\"all el-e646e34b\"><div class=\"vce-row-content\" data-vce-element-content=\"true\"><div class=\"vce-col vce-col--md-auto vce-col--xs-1 vce-col--xs-last vce-col--xs-first vce-col--sm-last vce-col--sm-first vce-col--md-first vce-col--lg-first vce-col--xl-first\" id=\"el-24b246d5\"><div class=\"vce-col-inner\" data-vce-do-apply=\"border margin background  el-24b246d5\"><div class=\"vce-col-content\" data-vce-element-content=\"true\" data-vce-do-apply=\"padding el-24b246d5\"><div class=\"vce-single-image-container vce-single-image--align-left\"><div class=\"vce vce-single-image-wrapper\" id=\"el-7cac309e\" data-vce-do-apply=\"all el-7cac309e\"><figure><a href=\"https:\/\/blog.viscofandobrasil.com.br\/celulosa-delipack\/\" title=\"\" class=\"vce-single-image-inner vce-single-image--absolute\" style=\"padding-bottom: 100%; width: 600px;\"><img decoding=\"async\" class=\"vce-single-image \"  width=\"600\" height=\"600\"  src=\"https:\/\/blog.viscofandobrasil.com.br\/wp-content\/uploads\/2021\/12\/Celulosa-Delipack-para-Mortadela-defumada-01-e1639491187938.png\"  data-img-src=\"https:\/\/blog.viscofandobrasil.com.br\/wp-content\/uploads\/2021\/12\/Celulosa-Delipack-para-Mortadela-defumada-01-e1639491187938.png\" alt=\"\" title=\"Celulosa Delipack para Mortadela defumada-01\" \/><noscript>\n        <img decoding=\"async\" class=\"vce-single-image\" src=\"https:\/\/blog.viscofandobrasil.com.br\/wp-content\/uploads\/2021\/12\/Celulosa-Delipack-para-Mortadela-defumada-01-e1639491187938.png\" width=\"600\" height=\"600\" alt=\"\" title=\"Celulosa Delipack para Mortadela defumada-01\" \/>\n      <\/noscript><\/a><figcaption hidden=\"\"><\/figcaption><\/figure><\/div><\/div><div class=\"vce-text-block\"><div class=\"vce-text-block-wrapper vce\" id=\"el-f03b4cf3\" data-vce-do-apply=\"all el-f03b4cf3\"><p>Celulosa de alto calibre... <a href=\"https:\/\/blog.viscofandobrasil.com.br\/celulosa-delipack\/\" data-wplink-edit=\"true\">Saiba Mais<\/a><\/p><\/div><\/div><\/div><\/div><\/div><div class=\"vce-col vce-col--md-auto vce-col--xs-1 vce-col--xs-last vce-col--xs-first vce-col--sm-last vce-col--sm-first\" id=\"el-0bcbc279\"><div class=\"vce-col-inner\" data-vce-do-apply=\"border margin background  el-0bcbc279\"><div class=\"vce-col-content\" data-vce-element-content=\"true\" data-vce-do-apply=\"padding el-0bcbc279\"><div class=\"vce-single-image-container vce-single-image--align-left\"><div class=\"vce vce-single-image-wrapper\" id=\"el-0dc44a78\" data-vce-do-apply=\"all el-0dc44a78\"><figure><a href=\"https:\/\/blog.viscofandobrasil.com.br\/tripa-celulose-transferivel-urucum\/\" title=\"\" class=\"vce-single-image-inner vce-single-image--absolute\" style=\"padding-bottom: 100%; width: 500px;\"><img decoding=\"async\" class=\"vce-single-image \"  width=\"500\" height=\"500\"  src=\"https:\/\/blog.viscofandobrasil.com.br\/wp-content\/uploads\/2021\/12\/urucum-01.jpg\"  data-img-src=\"https:\/\/blog.viscofandobrasil.com.br\/wp-content\/uploads\/2021\/12\/urucum-01.jpg\" alt=\"\" title=\"urucum-01\" \/><noscript>\n        <img decoding=\"async\" class=\"vce-single-image\" src=\"https:\/\/blog.viscofandobrasil.com.br\/wp-content\/uploads\/2021\/12\/urucum-01.jpg\" width=\"500\" height=\"500\" alt=\"\" title=\"urucum-01\" \/>\n      <\/noscript><\/a><figcaption hidden=\"\"><\/figcaption><\/figure><\/div><\/div><div class=\"vce-text-block\"><div class=\"vce-text-block-wrapper vce\" id=\"el-8441736a\" data-vce-do-apply=\"all el-8441736a\"><p>Tripa celulose transfer\u00edvel urucum...&nbsp;<a href=\"https:\/\/blog.viscofandobrasil.com.br\/tripa-celulose-transferivel-urucum\/\" data-wplink-edit=\"true\">Saiba Mais<\/a><\/p><\/div><\/div><\/div><\/div><\/div><div class=\"vce-col vce-col--md-auto vce-col--xs-1 vce-col--xs-last vce-col--xs-first vce-col--sm-last vce-col--sm-first vce-col--md-last vce-col--lg-last vce-col--xl-last\" id=\"el-b0e8a485\"><div class=\"vce-col-inner\" data-vce-do-apply=\"border margin background  el-b0e8a485\"><div class=\"vce-col-content\" data-vce-element-content=\"true\" data-vce-do-apply=\"padding el-b0e8a485\"><div class=\"vce-single-image-container vce-single-image--align-left\"><div class=\"vce vce-single-image-wrapper\" id=\"el-5ed62bc2\" data-vce-do-apply=\"all el-5ed62bc2\"><figure><a href=\"https:\/\/blog.viscofandobrasil.com.br\/tripa-celulose-transferivel-urucum-01\/\" title=\"\" class=\"vce-single-image-inner vce-single-image--absolute\" style=\"padding-bottom: 100%; width: 500px;\"><img decoding=\"async\" class=\"vce-single-image \"  width=\"500\" height=\"500\"  src=\"https:\/\/blog.viscofandobrasil.com.br\/wp-content\/uploads\/2021\/12\/tripa-celulose-urucum.jpg\"  data-img-src=\"https:\/\/blog.viscofandobrasil.com.br\/wp-content\/uploads\/2021\/12\/tripa-celulose-urucum.jpg\" alt=\"\" title=\"tripa-celulose-urucum\" \/><noscript>\n        <img decoding=\"async\" class=\"vce-single-image\" src=\"https:\/\/blog.viscofandobrasil.com.br\/wp-content\/uploads\/2021\/12\/tripa-celulose-urucum.jpg\" width=\"500\" height=\"500\" alt=\"\" title=\"tripa-celulose-urucum\" \/>\n      <\/noscript><\/a><figcaption hidden=\"\"><\/figcaption><\/figure><\/div><\/div><div class=\"vce-text-block\"><div class=\"vce-text-block-wrapper vce\" id=\"el-a5350d20\" data-vce-do-apply=\"all el-a5350d20\"><p>Tripa celulose transfer\u00edvel urucum 02...&nbsp;<a href=\"https:\/\/blog.viscofandobrasil.com.br\/tripa-celulose-transferivel-urucum-01\/\">Saiba Mais<\/a><\/p><\/div><\/div><\/div><\/div><\/div><\/div><\/div><\/div>\n","protected":false},"excerpt":{"rendered":"<p>V\u00eddeos Celulosa&nbsp; Celulosa de alto calibre&#8230; Saiba Mais Tripa celulose transfer\u00edvel urucum&#8230;&nbsp;Saiba Mais Tripa celulose transfer\u00edvel urucum 02&#8230;&nbsp;Saiba Mais [&#8230;]<\/p>\n<p><a class=\"btn btn-primary rockcontent-read-more-link\" href=\"https:\/\/blog.viscofandobrasil.com.br\/en\/videos-celulosa\/\">Read More&#8230;<\/a><\/p>\n","protected":false},"author":1,"featured_media":0,"parent":0,"menu_order":0,"comment_status":"closed","ping_status":"closed","template":"","meta":{"footnotes":""},"class_list":["post-1654","page","type-page","status-publish","hentry"],"yoast_head":"<!-- This site is optimized with the Yoast SEO plugin v21.2 - https:\/\/yoast.com\/wordpress\/plugins\/seo\/ -->\n<title>V\u00eddeos Celulosa - Blog Viscofan<\/title>\n<meta name=\"robots\" content=\"index, follow, max-snippet:-1, max-image-preview:large, max-video-preview:-1\" \/>\n<link rel=\"canonical\" href=\"https:\/\/blog.viscofandobrasil.com.br\/en\/videos-celulosa\/\" \/>\n<meta property=\"og:locale\" content=\"en_US\" \/>\n<meta property=\"og:type\" content=\"article\" \/>\n<meta property=\"og:title\" content=\"V\u00eddeos Celulosa - Blog Viscofan\" \/>\n<meta property=\"og:description\" content=\"V\u00eddeos Celulosa&nbsp; Celulosa de alto calibre... Saiba Mais Tripa celulose transfer\u00edvel urucum...&nbsp;Saiba Mais Tripa celulose transfer\u00edvel urucum 02...&nbsp;Saiba Mais [...]Read More...\" \/>\n<meta property=\"og:url\" content=\"https:\/\/blog.viscofandobrasil.com.br\/en\/videos-celulosa\/\" \/>\n<meta property=\"og:site_name\" content=\"Blog Viscofan\" \/>\n<meta property=\"article:modified_time\" content=\"2021-12-21T12:02:08+00:00\" \/>\n<meta name=\"twitter:card\" content=\"summary_large_image\" \/>\n<script type=\"application\/ld+json\" class=\"yoast-schema-graph\">{\"@context\":\"https:\/\/schema.org\",\"@graph\":[{\"@type\":\"WebPage\",\"@id\":\"https:\/\/blog.viscofandobrasil.com.br\/en\/videos-celulosa\/\",\"url\":\"https:\/\/blog.viscofandobrasil.com.br\/en\/videos-celulosa\/\",\"name\":\"V\u00eddeos Celulosa - Blog Viscofan\",\"isPartOf\":{\"@id\":\"https:\/\/blog.viscofandobrasil.com.br\/#website\"},\"datePublished\":\"2021-12-14T14:55:46+00:00\",\"dateModified\":\"2021-12-21T12:02:08+00:00\",\"breadcrumb\":{\"@id\":\"https:\/\/blog.viscofandobrasil.com.br\/en\/videos-celulosa\/#breadcrumb\"},\"inLanguage\":\"en-US\",\"potentialAction\":[{\"@type\":\"ReadAction\",\"target\":[\"https:\/\/blog.viscofandobrasil.com.br\/en\/videos-celulosa\/\"]}]},{\"@type\":\"BreadcrumbList\",\"@id\":\"https:\/\/blog.viscofandobrasil.com.br\/en\/videos-celulosa\/#breadcrumb\",\"itemListElement\":[{\"@type\":\"ListItem\",\"position\":1,\"name\":\"In\u00edcio\",\"item\":\"https:\/\/blog.viscofandobrasil.com.br\/\"},{\"@type\":\"ListItem\",\"position\":2,\"name\":\"V\u00eddeos Celulosa\"}]},{\"@type\":\"WebSite\",\"@id\":\"https:\/\/blog.viscofandobrasil.com.br\/#website\",\"url\":\"https:\/\/blog.viscofandobrasil.com.br\/\",\"name\":\"Blog Viscofan\",\"description\":\"\",\"publisher\":{\"@id\":\"https:\/\/blog.viscofandobrasil.com.br\/#organization\"},\"potentialAction\":[{\"@type\":\"SearchAction\",\"target\":{\"@type\":\"EntryPoint\",\"urlTemplate\":\"https:\/\/blog.viscofandobrasil.com.br\/?s={search_term_string}\"},\"query-input\":\"required name=search_term_string\"}],\"inLanguage\":\"en-US\"},{\"@type\":\"Organization\",\"@id\":\"https:\/\/blog.viscofandobrasil.com.br\/#organization\",\"name\":\"Blog Viscofan\",\"url\":\"https:\/\/blog.viscofandobrasil.com.br\/\",\"logo\":{\"@type\":\"ImageObject\",\"inLanguage\":\"en-US\",\"@id\":\"https:\/\/blog.viscofandobrasil.com.br\/#\/schema\/logo\/image\/\",\"url\":\"https:\/\/blog.viscofandobrasil.com.br\/wp-content\/uploads\/2022\/03\/cropped-novo-logo-viscofan-1.jpg\",\"contentUrl\":\"https:\/\/blog.viscofandobrasil.com.br\/wp-content\/uploads\/2022\/03\/cropped-novo-logo-viscofan-1.jpg\",\"width\":1000,\"height\":250,\"caption\":\"Blog Viscofan\"},\"image\":{\"@id\":\"https:\/\/blog.viscofandobrasil.com.br\/#\/schema\/logo\/image\/\"}}]}<\/script>\n<!-- \/ Yoast SEO plugin. -->","yoast_head_json":{"title":"V\u00eddeos Celulosa - Blog Viscofan","robots":{"index":"index","follow":"follow","max-snippet":"max-snippet:-1","max-image-preview":"max-image-preview:large","max-video-preview":"max-video-preview:-1"},"canonical":"https:\/\/blog.viscofandobrasil.com.br\/en\/videos-celulosa\/","og_locale":"en_US","og_type":"article","og_title":"V\u00eddeos Celulosa - Blog Viscofan","og_description":"V\u00eddeos Celulosa&nbsp; Celulosa de alto calibre... Saiba Mais Tripa celulose transfer\u00edvel urucum...&nbsp;Saiba Mais Tripa celulose transfer\u00edvel urucum 02...&nbsp;Saiba Mais [...]Read More...","og_url":"https:\/\/blog.viscofandobrasil.com.br\/en\/videos-celulosa\/","og_site_name":"Blog Viscofan","article_modified_time":"2021-12-21T12:02:08+00:00","twitter_card":"summary_large_image","schema":{"@context":"https:\/\/schema.org","@graph":[{"@type":"WebPage","@id":"https:\/\/blog.viscofandobrasil.com.br\/en\/videos-celulosa\/","url":"https:\/\/blog.viscofandobrasil.com.br\/en\/videos-celulosa\/","name":"V\u00eddeos Celulosa - Blog Viscofan","isPartOf":{"@id":"https:\/\/blog.viscofandobrasil.com.br\/#website"},"datePublished":"2021-12-14T14:55:46+00:00","dateModified":"2021-12-21T12:02:08+00:00","breadcrumb":{"@id":"https:\/\/blog.viscofandobrasil.com.br\/en\/videos-celulosa\/#breadcrumb"},"inLanguage":"en-US","potentialAction":[{"@type":"ReadAction","target":["https:\/\/blog.viscofandobrasil.com.br\/en\/videos-celulosa\/"]}]},{"@type":"BreadcrumbList","@id":"https:\/\/blog.viscofandobrasil.com.br\/en\/videos-celulosa\/#breadcrumb","itemListElement":[{"@type":"ListItem","position":1,"name":"In\u00edcio","item":"https:\/\/blog.viscofandobrasil.com.br\/"},{"@type":"ListItem","position":2,"name":"V\u00eddeos Celulosa"}]},{"@type":"WebSite","@id":"https:\/\/blog.viscofandobrasil.com.br\/#website","url":"https:\/\/blog.viscofandobrasil.com.br\/","name":"Blog Viscofan","description":"","publisher":{"@id":"https:\/\/blog.viscofandobrasil.com.br\/#organization"},"potentialAction":[{"@type":"SearchAction","target":{"@type":"EntryPoint","urlTemplate":"https:\/\/blog.viscofandobrasil.com.br\/?s={search_term_string}"},"query-input":"required name=search_term_string"}],"inLanguage":"en-US"},{"@type":"Organization","@id":"https:\/\/blog.viscofandobrasil.com.br\/#organization","name":"Blog Viscofan","url":"https:\/\/blog.viscofandobrasil.com.br\/","logo":{"@type":"ImageObject","inLanguage":"en-US","@id":"https:\/\/blog.viscofandobrasil.com.br\/#\/schema\/logo\/image\/","url":"https:\/\/blog.viscofandobrasil.com.br\/wp-content\/uploads\/2022\/03\/cropped-novo-logo-viscofan-1.jpg","contentUrl":"https:\/\/blog.viscofandobrasil.com.br\/wp-content\/uploads\/2022\/03\/cropped-novo-logo-viscofan-1.jpg","width":1000,"height":250,"caption":"Blog Viscofan"},"image":{"@id":"https:\/\/blog.viscofandobrasil.com.br\/#\/schema\/logo\/image\/"}}]}},"_links":{"self":[{"href":"https:\/\/blog.viscofandobrasil.com.br\/en\/wp-json\/wp\/v2\/pages\/1654","targetHints":{"allow":["GET"]}}],"collection":[{"href":"https:\/\/blog.viscofandobrasil.com.br\/en\/wp-json\/wp\/v2\/pages"}],"about":[{"href":"https:\/\/blog.viscofandobrasil.com.br\/en\/wp-json\/wp\/v2\/types\/page"}],"author":[{"embeddable":true,"href":"https:\/\/blog.viscofandobrasil.com.br\/en\/wp-json\/wp\/v2\/users\/1"}],"replies":[{"embeddable":true,"href":"https:\/\/blog.viscofandobrasil.com.br\/en\/wp-json\/wp\/v2\/comments?post=1654"}],"version-history":[{"count":5,"href":"https:\/\/blog.viscofandobrasil.com.br\/en\/wp-json\/wp\/v2\/pages\/1654\/revisions"}],"predecessor-version":[{"id":1728,"href":"https:\/\/blog.viscofandobrasil.com.br\/en\/wp-json\/wp\/v2\/pages\/1654\/revisions\/1728"}],"wp:attachment":[{"href":"https:\/\/blog.viscofandobrasil.com.br\/en\/wp-json\/wp\/v2\/media?parent=1654"}],"curies":[{"name":"wp","href":"https:\/\/api.w.org\/{rel}","templated":true}]}}