{"id":1276,"date":"2021-11-24T15:44:04","date_gmt":"2021-11-24T15:44:04","guid":{"rendered":"https:\/\/blog.viscofandobrasil.com.br\/?page_id=1276"},"modified":"2023-09-14T14:51:33","modified_gmt":"2023-09-14T14:51:33","slug":"plastica","status":"publish","type":"page","link":"https:\/\/blog.viscofandobrasil.com.br\/en\/plastica\/","title":{"rendered":"Pl\u00e1stica"},"content":{"rendered":"<div class=\"vce-row-container\" data-vce-boxed-width=\"true\"><div class=\"vce-row vce-row--col-gap-30 vce-row-equal-height vce-row-content--top\" id=\"el-579edadf\" data-vce-do-apply=\"all el-579edadf\"><div class=\"vce-row-content\" data-vce-element-content=\"true\"><div class=\"vce-col vce-col--md-auto vce-col--xs-1 vce-col--xs-last vce-col--xs-first vce-col--sm-last vce-col--sm-first vce-col--md-last vce-col--lg-last vce-col--xl-last vce-col--md-first vce-col--lg-first vce-col--xl-first\" id=\"el-4888bd2c\"><div class=\"vce-col-inner\" data-vce-do-apply=\"border margin background  el-4888bd2c\"><div class=\"vce-col-content\" data-vce-element-content=\"true\" data-vce-do-apply=\"padding el-4888bd2c\"><div class=\"vce-text-block\"><div class=\"vce-text-block-wrapper vce\" id=\"el-ee226920\" data-vce-do-apply=\"all el-ee226920\"><h1>Pl\u00e1stica&nbsp;<\/h1><\/div><\/div><\/div><\/div><\/div><\/div><\/div><\/div><div class=\"vce-row-container\" data-vce-boxed-width=\"true\"><div class=\"vce-row vce-row--col-gap-30 vce-row-equal-height vce-row-content--top\" id=\"el-a2e17f53\" data-vce-do-apply=\"all el-a2e17f53\"><div class=\"vce-row-content\" data-vce-element-content=\"true\"><div class=\"vce-col vce-col--md-auto vce-col--xs-1 vce-col--xs-last vce-col--xs-first vce-col--sm-last vce-col--sm-first vce-col--md-first vce-col--lg-first vce-col--xl-first\" id=\"el-e8dcbb90\"><div class=\"vce-col-inner\" data-vce-do-apply=\"border margin background  el-e8dcbb90\"><div class=\"vce-col-content\" data-vce-element-content=\"true\" data-vce-do-apply=\"padding el-e8dcbb90\"><div class=\"vce-single-image-container vce-single-image--align-left\"><div class=\"vce vce-single-image-wrapper\" id=\"el-d4866ea3\" data-vce-do-apply=\"all el-d4866ea3\"><figure><div class=\"vce-single-image-figure-inner\" style=\"width: 600px;\"><div class=\"vce-single-image-inner vce-single-image--absolute\" style=\"width: 100%; padding-bottom: 74.1667%;\"><img decoding=\"async\" class=\"vce-single-image\"  width=\"600\" height=\"445\" srcset=\"https:\/\/blog.viscofandobrasil.com.br\/wp-content\/uploads\/2023\/09\/PLASTICA-01-e1648823325167-320x237.jpg 320w, https:\/\/blog.viscofandobrasil.com.br\/wp-content\/uploads\/2023\/09\/PLASTICA-01-e1648823325167-480x356.jpg 480w, https:\/\/blog.viscofandobrasil.com.br\/wp-content\/uploads\/2023\/09\/PLASTICA-01-e1648823325167-600x445.jpg 600w\" src=\"https:\/\/blog.viscofandobrasil.com.br\/wp-content\/uploads\/2023\/09\/PLASTICA-01-e1648823325167-600x445.jpg\" data-img-src=\"https:\/\/blog.viscofandobrasil.com.br\/wp-content\/uploads\/2022\/04\/PLASTICA-01-e1648823325167.jpg\" data-attachment-id=\"2049\"  alt=\"\" title=\"PL\u00c1STICA-01\" \/><\/div><\/div><figcaption hidden=\"\"><\/figcaption><\/figure><\/div><\/div><div class=\"vce-text-block\"><div class=\"vce-text-block-wrapper vce\" id=\"el-734df98d\" data-vce-do-apply=\"all el-734df98d\"><div class=\"TituloProductosMercado\" style=\"text-align: center;\"><strong>Solu\u00e7\u00f5es sob medida&nbsp;<\/strong><\/div><div>&nbsp;<\/div><div class=\"TextoHighlightsPlastic\" style=\"text-align: center;\">Independentemente da decis\u00e3o tomada, oferecemos uma solu\u00e7\u00e3o econ\u00f4mica, projetada especificamente para atender as demandas de cada aplica\u00e7\u00e3o na ind\u00fastria de carne. Com base em nossa tecnologia e \u201cknow-how\u201d, vamos&nbsp;maximizar sua produtividade.<\/div><\/div><\/div><\/div><\/div><\/div><div class=\"vce-col vce-col--md-auto vce-col--xs-1 vce-col--xs-last vce-col--xs-first vce-col--sm-last vce-col--sm-first\" id=\"el-74373855\"><div class=\"vce-col-inner\" data-vce-do-apply=\"border margin background  el-74373855\"><div class=\"vce-col-content\" data-vce-element-content=\"true\" data-vce-do-apply=\"padding el-74373855\"><div class=\"vce-single-image-container vce-single-image--align-left\"><div class=\"vce vce-single-image-wrapper\" id=\"el-0975f817\" data-vce-do-apply=\"all el-0975f817\"><figure><div class=\"vce-single-image-figure-inner\" style=\"width: 600px;\"><div class=\"vce-single-image-inner vce-single-image--absolute\" style=\"width: 100%; padding-bottom: 72.1667%;\"><img decoding=\"async\" class=\"vce-single-image\"  width=\"600\" height=\"433\" srcset=\"https:\/\/blog.viscofandobrasil.com.br\/wp-content\/uploads\/2023\/09\/PLASTICA-02-e1648823357776-320x231.jpg 320w, https:\/\/blog.viscofandobrasil.com.br\/wp-content\/uploads\/2023\/09\/PLASTICA-02-e1648823357776-480x346.jpg 480w, https:\/\/blog.viscofandobrasil.com.br\/wp-content\/uploads\/2023\/09\/PLASTICA-02-e1648823357776-600x433.jpg 600w\" src=\"https:\/\/blog.viscofandobrasil.com.br\/wp-content\/uploads\/2023\/09\/PLASTICA-02-e1648823357776-600x433.jpg\" data-img-src=\"https:\/\/blog.viscofandobrasil.com.br\/wp-content\/uploads\/2022\/04\/PLASTICA-02-e1648823357776.jpg\" data-attachment-id=\"2051\"  alt=\"\" title=\"PL\u00c1STICA-02\" \/><\/div><\/div><figcaption hidden=\"\"><\/figcaption><\/figure><\/div><\/div><div class=\"vce-text-block\"><div class=\"vce-text-block-wrapper vce\" id=\"el-e1200bed\" data-vce-do-apply=\"all el-e1200bed\"><div class=\"TituloProductosMercado\" style=\"text-align: center;\"><strong>Alta efici\u00eancia e produtividade<\/strong><\/div>\n<div>&nbsp;<\/div>\n<p style=\"text-align: center;\">Envolt\u00f3rio pronta para usar e comprimentos de stick longos para melhorar a produtividade. Barreira superior para maximizar o rendimento do cozimento e excelente ader\u00eancia da carne para minimizar a quebra.<\/p><\/div><\/div><\/div><\/div><\/div><div class=\"vce-col vce-col--md-auto vce-col--xs-1 vce-col--xs-last vce-col--xs-first vce-col--sm-last vce-col--sm-first vce-col--md-last vce-col--lg-last vce-col--xl-last\" id=\"el-00f31666\"><div class=\"vce-col-inner\" data-vce-do-apply=\"border margin background  el-00f31666\"><div class=\"vce-col-content\" data-vce-element-content=\"true\" data-vce-do-apply=\"padding el-00f31666\"><div class=\"vce-single-image-container vce-single-image--align-left\"><div class=\"vce vce-single-image-wrapper\" id=\"el-60d19f46\" data-vce-do-apply=\"all el-60d19f46\"><figure><div class=\"vce-single-image-figure-inner\" style=\"width: 600px;\"><div class=\"vce-single-image-inner vce-single-image--absolute\" style=\"width: 100%; padding-bottom: 75%;\"><img decoding=\"async\" class=\"vce-single-image\"  width=\"600\" height=\"450\" srcset=\"https:\/\/blog.viscofandobrasil.com.br\/wp-content\/uploads\/2023\/09\/PLASTICA-03-e1648823390384-320x240.jpg 320w, https:\/\/blog.viscofandobrasil.com.br\/wp-content\/uploads\/2023\/09\/PLASTICA-03-e1648823390384-480x360.jpg 480w, https:\/\/blog.viscofandobrasil.com.br\/wp-content\/uploads\/2023\/09\/PLASTICA-03-e1648823390384-600x450.jpg 600w\" src=\"https:\/\/blog.viscofandobrasil.com.br\/wp-content\/uploads\/2023\/09\/PLASTICA-03-e1648823390384-600x450.jpg\" data-img-src=\"https:\/\/blog.viscofandobrasil.com.br\/wp-content\/uploads\/2022\/04\/PLASTICA-03-e1648823390384.jpg\" data-attachment-id=\"2053\"  alt=\"\" title=\"PL\u00c1STICA-03\" \/><\/div><\/div><figcaption hidden=\"\"><\/figcaption><\/figure><\/div><\/div><div class=\"vce-text-block\"><div class=\"vce-text-block-wrapper vce\" id=\"el-3153a3e0\" data-vce-do-apply=\"all el-3153a3e0\"><div class=\"TituloProductosMercado\" style=\"text-align: center;\"><strong>Cores e impress\u00f5es<\/strong><\/div><div>&nbsp;<\/div><p style=\"text-align: center;\">Ampla gama de cores e de impress\u00f5es. Diferencie a sua marca e destaque a sua posi\u00e7\u00e3o no mercado com impress\u00f5es excepcionais com qualidade de alta defini\u00e7\u00e3o,&nbsp;usando&nbsp;a&nbsp;nossa tecnologia de \u00faltima gera\u00e7\u00e3o.<\/p><\/div><\/div><\/div><\/div><\/div><\/div><\/div><\/div><div class=\"vce-row-container\" data-vce-boxed-width=\"true\"><div class=\"vce-row vce-row--col-gap-30 vce-row-equal-height vce-row-content--top\" id=\"el-5b3505ac\" data-vce-do-apply=\"all el-5b3505ac\"><div class=\"vce-row-content\" data-vce-element-content=\"true\"><div class=\"vce-col vce-col--md-auto vce-col--xs-1 vce-col--xs-last vce-col--xs-first vce-col--sm-last vce-col--sm-first vce-col--md-first vce-col--lg-first vce-col--xl-first\" id=\"el-792f995b\"><div class=\"vce-col-inner\" data-vce-do-apply=\"border margin background  el-792f995b\"><div class=\"vce-col-content\" data-vce-element-content=\"true\" data-vce-do-apply=\"padding el-792f995b\"><div class=\"vce-single-image-container vce-single-image--align-left\"><div class=\"vce vce-single-image-wrapper\" id=\"el-babfed00\" data-vce-do-apply=\"all el-babfed00\"><figure><div class=\"vce-single-image-figure-inner\" style=\"width: 600px;\"><div class=\"vce-single-image-inner vce-single-image--absolute\" style=\"width: 100%; padding-bottom: 74.1667%;\"><img decoding=\"async\" class=\"vce-single-image\"  width=\"600\" height=\"445\" srcset=\"https:\/\/blog.viscofandobrasil.com.br\/wp-content\/uploads\/2023\/09\/PLASTICA-04-e1648823428701-320x237.jpg 320w, https:\/\/blog.viscofandobrasil.com.br\/wp-content\/uploads\/2023\/09\/PLASTICA-04-e1648823428701-480x356.jpg 480w, https:\/\/blog.viscofandobrasil.com.br\/wp-content\/uploads\/2023\/09\/PLASTICA-04-e1648823428701-600x445.jpg 600w\" src=\"https:\/\/blog.viscofandobrasil.com.br\/wp-content\/uploads\/2023\/09\/PLASTICA-04-e1648823428701-600x445.jpg\" data-img-src=\"https:\/\/blog.viscofandobrasil.com.br\/wp-content\/uploads\/2022\/04\/PLASTICA-04-e1648823428701.jpg\" data-attachment-id=\"2055\"  alt=\"\" title=\"PL\u00c1STICA-04\" \/><\/div><\/div><figcaption hidden=\"\"><\/figcaption><\/figure><\/div><\/div><div class=\"vce-text-block\"><div class=\"vce-text-block-wrapper vce\" id=\"el-c6c0b547\" data-vce-do-apply=\"all el-c6c0b547\"><p style=\"text-align: center;\"><strong>Permeabilidade<\/strong><\/p>\n<p style=\"text-align: center;\">Envolt\u00f3rios de poliamida com diferentes n\u00edveis de permeabilidade que podem absorver o aroma e sabor do fuma\u00e7a durante o processo de defuma\u00e7\u00e3o ou permitir uma eficiente perda de \u00e1gua.<\/p><\/div><\/div><\/div><\/div><\/div><div class=\"vce-col vce-col--md-auto vce-col--xs-1 vce-col--xs-last vce-col--xs-first vce-col--sm-last vce-col--sm-first\" id=\"el-2eae0d3a\"><div class=\"vce-col-inner\" data-vce-do-apply=\"border margin background  el-2eae0d3a\"><div class=\"vce-col-content\" data-vce-element-content=\"true\" data-vce-do-apply=\"padding el-2eae0d3a\"><div class=\"vce-single-image-container vce-single-image--align-left\"><div class=\"vce vce-single-image-wrapper\" id=\"el-c28d921d\" data-vce-do-apply=\"all el-c28d921d\"><figure><div class=\"vce-single-image-figure-inner\" style=\"width: 300px;\"><div class=\"vce-single-image-inner vce-single-image--absolute\" style=\"width: 100%; padding-bottom: 73.3333%;\"><img decoding=\"async\" class=\"vce-single-image\"  width=\"300\" height=\"220\" srcset=\"https:\/\/blog.viscofandobrasil.com.br\/wp-content\/uploads\/2022\/04\/PLASTICA-05-300x233.jpg 300w, https:\/\/blog.viscofandobrasil.com.br\/wp-content\/uploads\/2023\/09\/PLASTICA-05-e1648823461545-320x235.jpg 320w, https:\/\/blog.viscofandobrasil.com.br\/wp-content\/uploads\/2023\/09\/PLASTICA-05-e1648823461545-480x352.jpg 480w, https:\/\/blog.viscofandobrasil.com.br\/wp-content\/uploads\/2023\/09\/PLASTICA-05-e1648823461545-800x587.jpg 800w, https:\/\/blog.viscofandobrasil.com.br\/wp-content\/uploads\/2023\/09\/PLASTICA-05-e1648823461545-600x440.jpg 2x\" src=\"https:\/\/blog.viscofandobrasil.com.br\/wp-content\/uploads\/2022\/04\/PLASTICA-05-300x233.jpg\" data-img-src=\"https:\/\/blog.viscofandobrasil.com.br\/wp-content\/uploads\/2022\/04\/PLASTICA-05-e1648823461545.jpg\" data-attachment-id=\"2057\"  alt=\"\" title=\"PL\u00c1STICA-05\" \/><\/div><\/div><figcaption hidden=\"\"><\/figcaption><\/figure><\/div><\/div><div class=\"vce-text-block\"><div class=\"vce-text-block-wrapper vce\" id=\"el-881bf8ed\" data-vce-do-apply=\"all el-881bf8ed\"><p class=\"Titulo\" style=\"text-align: center;\"><strong>Filmes interfoliados<\/strong><\/p><p style=\"text-align: center;\">Os filmes pl\u00e1sticos multicamadas&nbsp;<strong>NANOPACK&nbsp;<\/strong>&nbsp;se destacam porque melhoram a apresenta\u00e7\u00e3o dos produtos fatiados, potencializando suas caracter\u00edsticas visuais como cor e brilho.<\/p><p>&nbsp;<\/p><\/div><\/div><\/div><\/div><\/div><div class=\"vce-col vce-col--md-auto vce-col--xs-1 vce-col--xs-last vce-col--xs-first vce-col--sm-last vce-col--sm-first vce-col--md-last vce-col--lg-last vce-col--xl-last\" id=\"el-c9d60745\"><div class=\"vce-col-inner\" data-vce-do-apply=\"border margin background  el-c9d60745\"><div class=\"vce-col-content\" data-vce-element-content=\"true\" data-vce-do-apply=\"padding el-c9d60745\"><div class=\"vce-single-image-container vce-single-image--align-left\"><div class=\"vce vce-single-image-wrapper\" id=\"el-3658c04a\" data-vce-do-apply=\"all el-3658c04a\"><figure><div class=\"vce-single-image-figure-inner\" style=\"width: 300px;\"><div class=\"vce-single-image-inner vce-single-image--absolute\" style=\"width: 100%; padding-bottom: 73.3333%;\"><img decoding=\"async\" class=\"vce-single-image\"  width=\"300\" height=\"220\" srcset=\"https:\/\/blog.viscofandobrasil.com.br\/wp-content\/uploads\/2022\/04\/PLASTICA-06-300x233.jpg 300w, https:\/\/blog.viscofandobrasil.com.br\/wp-content\/uploads\/2023\/09\/PLASTICA-06-e1648823491326-320x235.jpg 320w, https:\/\/blog.viscofandobrasil.com.br\/wp-content\/uploads\/2023\/09\/PLASTICA-06-e1648823491326-480x352.jpg 480w, https:\/\/blog.viscofandobrasil.com.br\/wp-content\/uploads\/2023\/09\/PLASTICA-06-e1648823491326-800x587.jpg 800w, https:\/\/blog.viscofandobrasil.com.br\/wp-content\/uploads\/2023\/09\/PLASTICA-06-e1648823491326-600x440.jpg 2x\" src=\"https:\/\/blog.viscofandobrasil.com.br\/wp-content\/uploads\/2022\/04\/PLASTICA-06-300x233.jpg\" data-img-src=\"https:\/\/blog.viscofandobrasil.com.br\/wp-content\/uploads\/2022\/04\/PLASTICA-06-e1648823491326.jpg\" data-attachment-id=\"2059\"  alt=\"\" title=\"PL\u00c1STICA-06\" \/><\/div><\/div><figcaption hidden=\"\"><\/figcaption><\/figure><\/div><\/div><div class=\"vce-text-block\"><div class=\"vce-text-block-wrapper vce\" id=\"el-1df36e9c\" data-vce-do-apply=\"all el-1df36e9c\"><p class=\"Titulo\" style=\"text-align: center;\"><strong>Linha de produtos tubulares multicamadas<\/strong><\/p><p style=\"text-align: center;\">A nossa&nbsp;<strong>Linha cl\u00e1ssica multicamada <\/strong>conta com excelentes propriedades de barreira para produ\u00e7\u00e3o de mortadelas, pat\u00eas, presuntos e carne mo\u00edda com uma ampla oferta de calibres e cores.<\/p><\/div><\/div><\/div><\/div><\/div><\/div><\/div><\/div>\n","protected":false},"excerpt":{"rendered":"<p>Pl\u00e1stica&nbsp;Solu\u00e7\u00f5es sob medida&nbsp;&nbsp;Independentemente da decis\u00e3o tomada, oferecemos uma solu\u00e7\u00e3o econ\u00f4mica, projetada especificamente para atender as demandas de cada aplica\u00e7\u00e3o na [&#8230;]<\/p>\n<p><a class=\"btn btn-primary rockcontent-read-more-link\" href=\"https:\/\/blog.viscofandobrasil.com.br\/en\/plastica\/\">Read More&#8230;<\/a><\/p>\n","protected":false},"author":1,"featured_media":0,"parent":0,"menu_order":0,"comment_status":"closed","ping_status":"closed","template":"","meta":{"footnotes":""},"class_list":["post-1276","page","type-page","status-publish","hentry"],"yoast_head":"<!-- This site is optimized with the Yoast SEO plugin v21.2 - https:\/\/yoast.com\/wordpress\/plugins\/seo\/ -->\n<title>Pl\u00e1stica - Blog Viscofan<\/title>\n<meta name=\"robots\" content=\"index, follow, max-snippet:-1, max-image-preview:large, max-video-preview:-1\" \/>\n<link rel=\"canonical\" href=\"https:\/\/blog.viscofandobrasil.com.br\/en\/plastica\/\" \/>\n<meta property=\"og:locale\" content=\"en_US\" \/>\n<meta property=\"og:type\" content=\"article\" \/>\n<meta property=\"og:title\" content=\"Pl\u00e1stica - Blog Viscofan\" \/>\n<meta property=\"og:description\" content=\"Pl\u00e1stica&nbsp;Solu\u00e7\u00f5es sob medida&nbsp;&nbsp;Independentemente da decis\u00e3o tomada, oferecemos uma solu\u00e7\u00e3o econ\u00f4mica, projetada especificamente para atender as demandas de cada aplica\u00e7\u00e3o na [...]Read More...\" \/>\n<meta property=\"og:url\" content=\"https:\/\/blog.viscofandobrasil.com.br\/plastica\/\" \/>\n<meta property=\"og:site_name\" content=\"Blog Viscofan\" \/>\n<meta property=\"article:modified_time\" content=\"2023-09-14T14:51:33+00:00\" \/>\n<meta name=\"twitter:card\" content=\"summary_large_image\" \/>\n<meta name=\"twitter:label1\" content=\"Est. reading time\" \/>\n\t<meta name=\"twitter:data1\" content=\"1 minute\" \/>\n<script type=\"application\/ld+json\" class=\"yoast-schema-graph\">{\"@context\":\"https:\/\/schema.org\",\"@graph\":[{\"@type\":\"WebPage\",\"@id\":\"https:\/\/blog.viscofandobrasil.com.br\/plastica\/\",\"url\":\"https:\/\/blog.viscofandobrasil.com.br\/plastica\/\",\"name\":\"Pl\u00e1stica - Blog Viscofan\",\"isPartOf\":{\"@id\":\"https:\/\/blog.viscofandobrasil.com.br\/#website\"},\"datePublished\":\"2021-11-24T15:44:04+00:00\",\"dateModified\":\"2023-09-14T14:51:33+00:00\",\"breadcrumb\":{\"@id\":\"https:\/\/blog.viscofandobrasil.com.br\/plastica\/#breadcrumb\"},\"inLanguage\":\"en-US\",\"potentialAction\":[{\"@type\":\"ReadAction\",\"target\":[\"https:\/\/blog.viscofandobrasil.com.br\/plastica\/\"]}]},{\"@type\":\"BreadcrumbList\",\"@id\":\"https:\/\/blog.viscofandobrasil.com.br\/plastica\/#breadcrumb\",\"itemListElement\":[{\"@type\":\"ListItem\",\"position\":1,\"name\":\"In\u00edcio\",\"item\":\"https:\/\/blog.viscofandobrasil.com.br\/\"},{\"@type\":\"ListItem\",\"position\":2,\"name\":\"Pl\u00e1stica\"}]},{\"@type\":\"WebSite\",\"@id\":\"https:\/\/blog.viscofandobrasil.com.br\/#website\",\"url\":\"https:\/\/blog.viscofandobrasil.com.br\/\",\"name\":\"Blog Viscofan\",\"description\":\"\",\"publisher\":{\"@id\":\"https:\/\/blog.viscofandobrasil.com.br\/#organization\"},\"potentialAction\":[{\"@type\":\"SearchAction\",\"target\":{\"@type\":\"EntryPoint\",\"urlTemplate\":\"https:\/\/blog.viscofandobrasil.com.br\/?s={search_term_string}\"},\"query-input\":\"required name=search_term_string\"}],\"inLanguage\":\"en-US\"},{\"@type\":\"Organization\",\"@id\":\"https:\/\/blog.viscofandobrasil.com.br\/#organization\",\"name\":\"Blog Viscofan\",\"url\":\"https:\/\/blog.viscofandobrasil.com.br\/\",\"logo\":{\"@type\":\"ImageObject\",\"inLanguage\":\"en-US\",\"@id\":\"https:\/\/blog.viscofandobrasil.com.br\/#\/schema\/logo\/image\/\",\"url\":\"https:\/\/blog.viscofandobrasil.com.br\/wp-content\/uploads\/2022\/03\/cropped-novo-logo-viscofan-1.jpg\",\"contentUrl\":\"https:\/\/blog.viscofandobrasil.com.br\/wp-content\/uploads\/2022\/03\/cropped-novo-logo-viscofan-1.jpg\",\"width\":1000,\"height\":250,\"caption\":\"Blog Viscofan\"},\"image\":{\"@id\":\"https:\/\/blog.viscofandobrasil.com.br\/#\/schema\/logo\/image\/\"}}]}<\/script>\n<!-- \/ Yoast SEO plugin. -->","yoast_head_json":{"title":"Pl\u00e1stica - Blog Viscofan","robots":{"index":"index","follow":"follow","max-snippet":"max-snippet:-1","max-image-preview":"max-image-preview:large","max-video-preview":"max-video-preview:-1"},"canonical":"https:\/\/blog.viscofandobrasil.com.br\/en\/plastica\/","og_locale":"en_US","og_type":"article","og_title":"Pl\u00e1stica - Blog Viscofan","og_description":"Pl\u00e1stica&nbsp;Solu\u00e7\u00f5es sob medida&nbsp;&nbsp;Independentemente da decis\u00e3o tomada, oferecemos uma solu\u00e7\u00e3o econ\u00f4mica, projetada especificamente para atender as demandas de cada aplica\u00e7\u00e3o na [...]Read More...","og_url":"https:\/\/blog.viscofandobrasil.com.br\/plastica\/","og_site_name":"Blog Viscofan","article_modified_time":"2023-09-14T14:51:33+00:00","twitter_card":"summary_large_image","twitter_misc":{"Est. reading time":"1 minute"},"schema":{"@context":"https:\/\/schema.org","@graph":[{"@type":"WebPage","@id":"https:\/\/blog.viscofandobrasil.com.br\/plastica\/","url":"https:\/\/blog.viscofandobrasil.com.br\/plastica\/","name":"Pl\u00e1stica - Blog Viscofan","isPartOf":{"@id":"https:\/\/blog.viscofandobrasil.com.br\/#website"},"datePublished":"2021-11-24T15:44:04+00:00","dateModified":"2023-09-14T14:51:33+00:00","breadcrumb":{"@id":"https:\/\/blog.viscofandobrasil.com.br\/plastica\/#breadcrumb"},"inLanguage":"en-US","potentialAction":[{"@type":"ReadAction","target":["https:\/\/blog.viscofandobrasil.com.br\/plastica\/"]}]},{"@type":"BreadcrumbList","@id":"https:\/\/blog.viscofandobrasil.com.br\/plastica\/#breadcrumb","itemListElement":[{"@type":"ListItem","position":1,"name":"In\u00edcio","item":"https:\/\/blog.viscofandobrasil.com.br\/"},{"@type":"ListItem","position":2,"name":"Pl\u00e1stica"}]},{"@type":"WebSite","@id":"https:\/\/blog.viscofandobrasil.com.br\/#website","url":"https:\/\/blog.viscofandobrasil.com.br\/","name":"Blog Viscofan","description":"","publisher":{"@id":"https:\/\/blog.viscofandobrasil.com.br\/#organization"},"potentialAction":[{"@type":"SearchAction","target":{"@type":"EntryPoint","urlTemplate":"https:\/\/blog.viscofandobrasil.com.br\/?s={search_term_string}"},"query-input":"required name=search_term_string"}],"inLanguage":"en-US"},{"@type":"Organization","@id":"https:\/\/blog.viscofandobrasil.com.br\/#organization","name":"Blog Viscofan","url":"https:\/\/blog.viscofandobrasil.com.br\/","logo":{"@type":"ImageObject","inLanguage":"en-US","@id":"https:\/\/blog.viscofandobrasil.com.br\/#\/schema\/logo\/image\/","url":"https:\/\/blog.viscofandobrasil.com.br\/wp-content\/uploads\/2022\/03\/cropped-novo-logo-viscofan-1.jpg","contentUrl":"https:\/\/blog.viscofandobrasil.com.br\/wp-content\/uploads\/2022\/03\/cropped-novo-logo-viscofan-1.jpg","width":1000,"height":250,"caption":"Blog Viscofan"},"image":{"@id":"https:\/\/blog.viscofandobrasil.com.br\/#\/schema\/logo\/image\/"}}]}},"_links":{"self":[{"href":"https:\/\/blog.viscofandobrasil.com.br\/en\/wp-json\/wp\/v2\/pages\/1276","targetHints":{"allow":["GET"]}}],"collection":[{"href":"https:\/\/blog.viscofandobrasil.com.br\/en\/wp-json\/wp\/v2\/pages"}],"about":[{"href":"https:\/\/blog.viscofandobrasil.com.br\/en\/wp-json\/wp\/v2\/types\/page"}],"author":[{"embeddable":true,"href":"https:\/\/blog.viscofandobrasil.com.br\/en\/wp-json\/wp\/v2\/users\/1"}],"replies":[{"embeddable":true,"href":"https:\/\/blog.viscofandobrasil.com.br\/en\/wp-json\/wp\/v2\/comments?post=1276"}],"version-history":[{"count":14,"href":"https:\/\/blog.viscofandobrasil.com.br\/en\/wp-json\/wp\/v2\/pages\/1276\/revisions"}],"predecessor-version":[{"id":2436,"href":"https:\/\/blog.viscofandobrasil.com.br\/en\/wp-json\/wp\/v2\/pages\/1276\/revisions\/2436"}],"wp:attachment":[{"href":"https:\/\/blog.viscofandobrasil.com.br\/en\/wp-json\/wp\/v2\/media?parent=1276"}],"curies":[{"name":"wp","href":"https:\/\/api.w.org\/{rel}","templated":true}]}}